{"id":37608,"date":"2026-05-07T13:10:02","date_gmt":"2026-05-07T11:10:02","guid":{"rendered":"https:\/\/suissepoulailler.ch\/?post_type=product&#038;p=37608"},"modified":"2026-05-13T20:57:49","modified_gmt":"2026-05-13T18:57:49","slug":"poule-dalmatiner-hybride","status":"publish","type":"product","link":"https:\/\/suissepoulailler.ch\/de\/produits\/volailles\/poule-dalmatiner-hybride\/","title":{"rendered":"Poule Dalmatiner hybride"},"content":{"rendered":"<p data-start=\"42\" data-end=\"347\">La poule Dalmatiner est une race originale et \u00e9l\u00e9gante qui attire imm\u00e9diatement le regard gr\u00e2ce \u00e0 son plumage blanc parsem\u00e9 de taches noires, rappelant le c\u00e9l\u00e8bre chien dalmatien. Tr\u00e8s appr\u00e9ci\u00e9e comme poule d\u2019ornement, elle apporte une touche unique et d\u00e9corative dans un jardin ou un poulailler familial.<\/p>\n<p data-start=\"349\" data-end=\"578\">Calme, sociable et facile \u00e0 apprivoiser, la Dalmatiner convient aussi bien aux familles qu\u2019aux passionn\u00e9s de basse-cour. Elle aime vivre en groupe et s\u2019adapte bien \u00e0 la vie en ext\u00e9rieur avec un espace pour gratter et se promener.<\/p>\n<p data-start=\"580\" data-end=\"727\">Cette poule est \u00e9galement une bonne pondeuse de petits \u0153ufs clairs, tout en restant avant tout recherch\u00e9e pour sa beaut\u00e9 et son caract\u00e8re agr\u00e9able.<\/p>\n<h3 data-section-id=\"1gek3xw\" data-start=\"729\" data-end=\"751\">Caract\u00e9ristiques :<\/h3>\n<ul data-start=\"752\" data-end=\"935\">\n<li data-section-id=\"1yqisk5\" data-start=\"752\" data-end=\"796\">Plumage blanc tachet\u00e9 noir tr\u00e8s original<\/li>\n<li data-section-id=\"1umfkn9\" data-start=\"797\" data-end=\"825\">Poule calme et famili\u00e8re<\/li>\n<li data-section-id=\"ftk9t1\" data-start=\"826\" data-end=\"865\">Adapt\u00e9e aux familles et aux enfants<\/li>\n<li data-section-id=\"hrpgm6\" data-start=\"866\" data-end=\"885\">Bonne rusticit\u00e9<\/li>\n<li data-section-id=\"msgwsy\" data-start=\"886\" data-end=\"935\">Id\u00e9ale comme poule d\u2019ornement et de compagnie<\/li>\n<\/ul>\n<p data-start=\"937\" data-end=\"1051\" data-is-last-node=\"\" data-is-only-node=\"\">La Dalmatiner s\u00e9duira tous ceux qui recherchent une poule aussi belle qu\u2019attachante pour embellir leur poulailler.<\/p>","protected":false},"excerpt":{"rendered":"<p>La poule Dalmatiner est une race originale et \u00e9l\u00e9gante qui attire imm\u00e9diatement le regard gr\u00e2ce \u00e0 son plumage blanc parsem\u00e9 de taches noires, rappelant le c\u00e9l\u00e8bre chien dalmatien. Tr\u00e8s appr\u00e9ci\u00e9e comme poule d\u2019ornement, elle apporte une touche unique et d\u00e9corative dans un jardin ou un poulailler familial. Calme, sociable et facile \u00e0 apprivoiser, la Dalmatiner [&hellip;]<\/p>\n","protected":false},"featured_media":37609,"comment_status":"closed","ping_status":"closed","template":"","meta":[],"product_brand":[],"product_cat":[91],"product_tag":[],"class_list":{"0":"post-37608","1":"product","2":"type-product","3":"status-publish","4":"has-post-thumbnail","6":"product_cat-volailles","8":"first","9":"instock","10":"taxable","11":"shipping-taxable","12":"purchasable","13":"product-type-simple"},"_links":{"self":[{"href":"https:\/\/suissepoulailler.ch\/de\/wp-json\/wp\/v2\/product\/37608","targetHints":{"allow":["GET"]}}],"collection":[{"href":"https:\/\/suissepoulailler.ch\/de\/wp-json\/wp\/v2\/product"}],"about":[{"href":"https:\/\/suissepoulailler.ch\/de\/wp-json\/wp\/v2\/types\/product"}],"replies":[{"embeddable":true,"href":"https:\/\/suissepoulailler.ch\/de\/wp-json\/wp\/v2\/comments?post=37608"}],"version-history":[{"count":1,"href":"https:\/\/suissepoulailler.ch\/de\/wp-json\/wp\/v2\/product\/37608\/revisions"}],"predecessor-version":[{"id":37610,"href":"https:\/\/suissepoulailler.ch\/de\/wp-json\/wp\/v2\/product\/37608\/revisions\/37610"}],"wp:featuredmedia":[{"embeddable":true,"href":"https:\/\/suissepoulailler.ch\/de\/wp-json\/wp\/v2\/media\/37609"}],"wp:attachment":[{"href":"https:\/\/suissepoulailler.ch\/de\/wp-json\/wp\/v2\/media?parent=37608"}],"wp:term":[{"taxonomy":"product_brand","embeddable":true,"href":"https:\/\/suissepoulailler.ch\/de\/wp-json\/wp\/v2\/product_brand?post=37608"},{"taxonomy":"product_cat","embeddable":true,"href":"https:\/\/suissepoulailler.ch\/de\/wp-json\/wp\/v2\/product_cat?post=37608"},{"taxonomy":"product_tag","embeddable":true,"href":"https:\/\/suissepoulailler.ch\/de\/wp-json\/wp\/v2\/product_tag?post=37608"}],"curies":[{"name":"wp","href":"https:\/\/api.w.org\/{rel}","templated":true}]}}