{"id":37368,"date":"2026-03-17T19:01:47","date_gmt":"2026-03-17T18:01:47","guid":{"rendered":"https:\/\/suissepoulailler.ch\/?post_type=product&#038;p=37368"},"modified":"2026-03-17T19:01:47","modified_gmt":"2026-03-17T18:01:47","slug":"mangeoire-automatique-connectee","status":"publish","type":"product","link":"https:\/\/suissepoulailler.ch\/de\/produits\/accessoires\/mangeoires\/mangeoire-automatique-connectee\/","title":{"rendered":"Mangeoire automatique connect\u00e9e"},"content":{"rendered":"<p>\ud83d\udc14 Mangeoire automatique connect\u00e9e \u2013 Contr\u00f4lez l\u2019alimentation de vos poules \u00e0 distance<\/p>\n<p>Offrez \u00e0 vos poules une alimentation r\u00e9guli\u00e8re, m\u00eame en votre absence, gr\u00e2ce \u00e0 notre mangeoire automatique intelligente.<\/p>\n<p>Con\u00e7ue pour simplifier votre quotidien, cette mangeoire connect\u00e9e fonctionne avec une application mobile intuitive qui vous permet de g\u00e9rer facilement les repas de vos animaux, o\u00f9 que vous soyez.<\/p>\n<p>\ud83d\udcf1 Une application simple, gratuite et compl\u00e8te(<strong>Chicken Buddy<\/strong>)<\/p>\n<p>Notre solution repose sur une application mobile moderne qui regroupe plusieurs fonctionnalit\u00e9s essentielles :<\/p>\n<p>Gestion de la mangeoire \u00e0 distance<\/p>\n<p>Interface claire et facile \u00e0 utiliser<\/p>\n<p>Installation rapide, sans connaissances techniques<\/p>\n<p>Disponible sur iOS et Android<\/p>\n<p>100 % gratuite, sans abonnement ni frais cach\u00e9s<\/p>\n<p>Vous prenez le contr\u00f4le en quelques minutes seulement.<\/p>\n<p>\u2699\ufe0f Distribution pr\u00e9cise et automatis\u00e9e<\/p>\n<p>Chaque portion d\u00e9livr\u00e9e correspond \u00e0 environ 55 g de nourriture, id\u00e9ale pour assurer une alimentation \u00e9quilibr\u00e9e et \u00e9viter le gaspillage. une poule pondeuse mange une ration de 100\u00e0 150 gr \/ jour, poule de races lourdes jusqu&rsquo;a 180 gr jour<\/p>\n<p>3 kg de r\u00e9serve dans le tube de la mangeoire, peut \u00eatre pos\u00e9e au sol ou suspendu<\/p>\n<p>Vous pouvez :<\/p>\n<p>Programmer les repas<\/p>\n<p>Distribuer la nourriture \u00e0 distance<\/p>\n<p>Adapter les portions selon vos besoins<\/p>\n<p>\ud83d\udd17 Connexion rapide et utilisation intuitive<\/p>\n<p>La mise en route est simple :<\/p>\n<p>Activez le Wi-Fi et le Bluetooth<\/p>\n<p>Connectez la mangeoire via l\u2019application<\/p>\n<p>Commencez \u00e0 contr\u00f4ler votre dispositif imm\u00e9diatement<\/p>\n<p>Aucune configuration complexe : tout est pens\u00e9 pour une prise en main rapide.<\/p>\n<p>\ud83e\udde0 Un syst\u00e8me intelligent et \u00e9volutif<\/p>\n<p>Initialement con\u00e7u comme une solution compl\u00e8te, ce syst\u00e8me peut int\u00e9grer plusieurs \u00e9quipements :<\/p>\n<p>Porte automatique de poulailler<\/p>\n<p>Mangeoire connect\u00e9e<\/p>\n<p>Cam\u00e9ra de surveillance<\/p>\n<p>Centre de contr\u00f4le<\/p>\n<p>Le tout centralis\u00e9 dans une seule application pour une gestion optimale de votre \u00e9levage.<\/p>\n<p>\u2705 Pourquoi choisir cette mangeoire ?<\/p>\n<p>Gain de temps au quotidien<\/p>\n<p>Contr\u00f4le \u00e0 distance<\/p>\n<p>S\u00e9curit\u00e9 et tranquillit\u00e9 d\u2019esprit<\/p>\n<p>Technologie fiable et facile \u00e0 utiliser<\/p>\n<p>Aucun co\u00fbt cach\u00e9<\/p>","protected":false},"excerpt":{"rendered":"<p>\ud83d\udc14 Mangeoire automatique connect\u00e9e \u2013 Contr\u00f4lez l\u2019alimentation de vos poules \u00e0 distance<\/p>","protected":false},"featured_media":37370,"comment_status":"closed","ping_status":"closed","template":"","meta":[],"product_brand":[],"product_cat":[33,58],"product_tag":[],"class_list":{"0":"post-37368","1":"product","2":"type-product","3":"status-publish","4":"has-post-thumbnail","6":"product_cat-accessoires","7":"product_cat-mangeoires","8":"product_shipping_class-livraison-de-tous-les-produits-a-lexception-des-poulaillers","9":"aux-has-gallery","11":"first","12":"instock","13":"taxable","14":"shipping-taxable","15":"purchasable","16":"product-type-simple"},"_links":{"self":[{"href":"https:\/\/suissepoulailler.ch\/de\/wp-json\/wp\/v2\/product\/37368","targetHints":{"allow":["GET"]}}],"collection":[{"href":"https:\/\/suissepoulailler.ch\/de\/wp-json\/wp\/v2\/product"}],"about":[{"href":"https:\/\/suissepoulailler.ch\/de\/wp-json\/wp\/v2\/types\/product"}],"replies":[{"embeddable":true,"href":"https:\/\/suissepoulailler.ch\/de\/wp-json\/wp\/v2\/comments?post=37368"}],"version-history":[{"count":1,"href":"https:\/\/suissepoulailler.ch\/de\/wp-json\/wp\/v2\/product\/37368\/revisions"}],"predecessor-version":[{"id":37371,"href":"https:\/\/suissepoulailler.ch\/de\/wp-json\/wp\/v2\/product\/37368\/revisions\/37371"}],"wp:featuredmedia":[{"embeddable":true,"href":"https:\/\/suissepoulailler.ch\/de\/wp-json\/wp\/v2\/media\/37370"}],"wp:attachment":[{"href":"https:\/\/suissepoulailler.ch\/de\/wp-json\/wp\/v2\/media?parent=37368"}],"wp:term":[{"taxonomy":"product_brand","embeddable":true,"href":"https:\/\/suissepoulailler.ch\/de\/wp-json\/wp\/v2\/product_brand?post=37368"},{"taxonomy":"product_cat","embeddable":true,"href":"https:\/\/suissepoulailler.ch\/de\/wp-json\/wp\/v2\/product_cat?post=37368"},{"taxonomy":"product_tag","embeddable":true,"href":"https:\/\/suissepoulailler.ch\/de\/wp-json\/wp\/v2\/product_tag?post=37368"}],"curies":[{"name":"wp","href":"https:\/\/api.w.org\/{rel}","templated":true}]}}