{"id":37365,"date":"2026-03-17T18:44:39","date_gmt":"2026-03-17T17:44:39","guid":{"rendered":"https:\/\/suissepoulailler.ch\/?post_type=product&#038;p=37365"},"modified":"2026-03-18T01:05:15","modified_gmt":"2026-03-18T00:05:15","slug":"avoine-entiere","status":"publish","type":"product","link":"https:\/\/suissepoulailler.ch\/de\/produits\/accessoires\/complements-alimentaire\/avoine-entiere\/","title":{"rendered":"Avoine enti\u00e8re"},"content":{"rendered":"<h2>Un apport en avoine dans l&rsquo;alimentation pour la bonne sant\u00e9 des poules.<\/h2>\n<p>Les prot\u00e9ines d&rsquo;avoine pr\u00e9sentent un bon taux<strong>\u00a0d&rsquo;acides amin\u00e9s essentiels<\/strong>. L&rsquo;avoine est<strong>\u00a0stimulante,<\/strong>\u00a0elle aide \u00e0 a bonne croissance des jeunes et leur\u00a0<strong>d\u00e9veloppement musculaire<\/strong>, et donne un beau plumage et sa teneur \u00e9lev\u00e9e en<strong>\u00a0antioxydants<\/strong>\u00a0aide \u00e0 pr\u00e9venir les maladies.<br \/>\n<span lang=\"fr-ch\" xml:lang=\"fr-ch\"><br \/>\nSa teneur en vitamine E, (30 mg \/ kg) et B1 est l&rsquo;une des plus \u00e9lev\u00e9es de toutes les c\u00e9r\u00e9ales.<br \/>\n<\/span><span lang=\"fr-ch\" xml:lang=\"fr-ch\">Vous pouvez aussi la mouliner ou l&rsquo;aplatir.<\/span><\/p>\n<p><span lang=\"fr-ch\" xml:lang=\"fr-ch\">Grains d&rsquo;avoine entiers, non OGM, avoine fourrag\u00e8re, avoine rude pour l&rsquo;alimentation des poules et toutes les volailles d&rsquo;ornement.<\/p>\n<p>Convient \u00e0 toute la basse-cour.<\/span><\/p>\n<p>Graines d&rsquo;avoine enti\u00e8res, soutient la ponte et la croissance des jeunes. Agriculture raisonn\u00e9e.<\/p>\n<p>Graines \u00e0 m\u00e9langer<\/p>\n<p><span lang=\"fr-ch\" xml:lang=\"fr-ch\">Bidon d&rsquo;avoine enti\u00e8re de 4 kg issue de l&rsquo;agriculture raisonn\u00e9e.<\/span><\/p>","protected":false},"excerpt":{"rendered":"<p>Avoine enti\u00e8re fourrag\u00e8re. Agriculture raisonn\u00e9e.<br \/>\nL&rsquo;avoine est une c\u00e9r\u00e9ale disponible int\u00e9ressante pour l&rsquo;alimentation de toutes les volailles et des jeunes en croissance. Issue de l&rsquo;agriculture raisonn\u00e9e.<\/p>","protected":false},"featured_media":37366,"comment_status":"closed","ping_status":"closed","template":"","meta":[],"product_brand":[],"product_cat":[33,60,61],"product_tag":[],"class_list":{"0":"post-37365","1":"product","2":"type-product","3":"status-publish","4":"has-post-thumbnail","6":"product_cat-accessoires","7":"product_cat-complements-alimentaire","8":"product_cat-soin","9":"product_shipping_class-livraison-de-tous-les-produits-a-lexception-des-poulaillers","11":"first","12":"instock","13":"taxable","14":"shipping-taxable","15":"purchasable","16":"product-type-simple"},"_links":{"self":[{"href":"https:\/\/suissepoulailler.ch\/de\/wp-json\/wp\/v2\/product\/37365","targetHints":{"allow":["GET"]}}],"collection":[{"href":"https:\/\/suissepoulailler.ch\/de\/wp-json\/wp\/v2\/product"}],"about":[{"href":"https:\/\/suissepoulailler.ch\/de\/wp-json\/wp\/v2\/types\/product"}],"replies":[{"embeddable":true,"href":"https:\/\/suissepoulailler.ch\/de\/wp-json\/wp\/v2\/comments?post=37365"}],"version-history":[{"count":1,"href":"https:\/\/suissepoulailler.ch\/de\/wp-json\/wp\/v2\/product\/37365\/revisions"}],"predecessor-version":[{"id":37367,"href":"https:\/\/suissepoulailler.ch\/de\/wp-json\/wp\/v2\/product\/37365\/revisions\/37367"}],"wp:featuredmedia":[{"embeddable":true,"href":"https:\/\/suissepoulailler.ch\/de\/wp-json\/wp\/v2\/media\/37366"}],"wp:attachment":[{"href":"https:\/\/suissepoulailler.ch\/de\/wp-json\/wp\/v2\/media?parent=37365"}],"wp:term":[{"taxonomy":"product_brand","embeddable":true,"href":"https:\/\/suissepoulailler.ch\/de\/wp-json\/wp\/v2\/product_brand?post=37365"},{"taxonomy":"product_cat","embeddable":true,"href":"https:\/\/suissepoulailler.ch\/de\/wp-json\/wp\/v2\/product_cat?post=37365"},{"taxonomy":"product_tag","embeddable":true,"href":"https:\/\/suissepoulailler.ch\/de\/wp-json\/wp\/v2\/product_tag?post=37365"}],"curies":[{"name":"wp","href":"https:\/\/api.w.org\/{rel}","templated":true}]}}