{"id":37317,"date":"2026-03-08T11:57:05","date_gmt":"2026-03-08T10:57:05","guid":{"rendered":"https:\/\/suissepoulailler.ch\/?post_type=product&#038;p=37317"},"modified":"2026-04-10T18:07:15","modified_gmt":"2026-04-10T16:07:15","slug":"boule-de-picorage","status":"publish","type":"product","link":"https:\/\/suissepoulailler.ch\/de\/produits\/accessoires\/complements-alimentaire\/boule-de-picorage\/","title":{"rendered":"Boule de picorage"},"content":{"rendered":"<div class=\"smlMain\">\n<p class=\"smlP\">Les billes pour poules contribuent \u00e0 stimuler le picage tout en fournissant un apport nutritionnel optimal.<\/p>\n<\/div>\n<div>\n<ul>\n<li class=\"smlP\">aliment compl\u00e9mentaire pour poules<\/li>\n<li class=\"smlP\">boule d\u2019alimentation pour une activit\u00e9 ludique et pour satisfaire le besoin naturel de picorer<\/li>\n<li class=\"smlP\">les graines de tournesol, le ma\u00efs et les cacahu\u00e8tes forment un m\u00e9lange particuli\u00e8rement savoureux qui apporte des nutriments v\u00e9g\u00e9taux essentiels \u00e0 vos poules<\/li>\n<li class=\"smlP\">la forme ronde et le mouvement constant de la boule d\u2019alimentation la rendent durablement attractive<\/li>\n<li class=\"smlP\">peut pr\u00e9venir les comportements agressifs et le picage mutuel<\/li>\n<li class=\"smlP\">peut \u00eatre donn\u00e9 aux animaux au sol ou dans un panier suspendu<\/li>\n<li class=\"smlP\">particuli\u00e8rement app\u00e9tissant et sans OGM<\/li>\n<\/ul>\n<p>Contenu: 6 boules de picorage<\/p>\n<\/div>","protected":false},"excerpt":{"rendered":"<p class=\"smlP\"><strong>Pr\u00e9vention de l&rsquo;ennui :<\/strong>\u00a0la forme et la consistance des boulettes offrent aux poules une occupation bienvenue et r\u00e9duisent le stress dans l&rsquo;\u00e9table.<\/p>\n<p class=\"smlP\"><strong>Apport nutritionnel optimal :<\/strong>\u00a0les boules pour poules contiennent des vitamines, des min\u00e9raux et des prot\u00e9ines essentiels pour une alimentation \u00e9quilibr\u00e9e.<\/p>\n<p class=\"smlP\"><strong>Satisfaction du besoin de picorer :<\/strong>\u00a0les boules pour poules satisfont le besoin naturel de picorer et r\u00e9duisent le picage des plumes li\u00e9 au stress.<\/p>\n<p class=\"smlP\"><strong>Occupation ludique :<\/strong>\u00a0favorise un comportement actif et sain gr\u00e2ce \u00e0 une prise alimentaire stimulante.<\/p>\n<p class=\"smlP\"><strong>Particuli\u00e8rement savoureuses :<\/strong>\u00a0fabriqu\u00e9es \u00e0 partir d&rsquo;ingr\u00e9dients naturels de haute qualit\u00e9.<\/p>","protected":false},"featured_media":37318,"comment_status":"closed","ping_status":"closed","template":"","meta":[],"product_brand":[],"product_cat":[33,60,61],"product_tag":[],"class_list":{"0":"post-37317","1":"product","2":"type-product","3":"status-publish","4":"has-post-thumbnail","6":"product_cat-accessoires","7":"product_cat-complements-alimentaire","8":"product_cat-soin","10":"first","11":"instock","12":"taxable","13":"shipping-taxable","14":"purchasable","15":"product-type-simple"},"_links":{"self":[{"href":"https:\/\/suissepoulailler.ch\/de\/wp-json\/wp\/v2\/product\/37317","targetHints":{"allow":["GET"]}}],"collection":[{"href":"https:\/\/suissepoulailler.ch\/de\/wp-json\/wp\/v2\/product"}],"about":[{"href":"https:\/\/suissepoulailler.ch\/de\/wp-json\/wp\/v2\/types\/product"}],"replies":[{"embeddable":true,"href":"https:\/\/suissepoulailler.ch\/de\/wp-json\/wp\/v2\/comments?post=37317"}],"version-history":[{"count":1,"href":"https:\/\/suissepoulailler.ch\/de\/wp-json\/wp\/v2\/product\/37317\/revisions"}],"predecessor-version":[{"id":37319,"href":"https:\/\/suissepoulailler.ch\/de\/wp-json\/wp\/v2\/product\/37317\/revisions\/37319"}],"wp:featuredmedia":[{"embeddable":true,"href":"https:\/\/suissepoulailler.ch\/de\/wp-json\/wp\/v2\/media\/37318"}],"wp:attachment":[{"href":"https:\/\/suissepoulailler.ch\/de\/wp-json\/wp\/v2\/media?parent=37317"}],"wp:term":[{"taxonomy":"product_brand","embeddable":true,"href":"https:\/\/suissepoulailler.ch\/de\/wp-json\/wp\/v2\/product_brand?post=37317"},{"taxonomy":"product_cat","embeddable":true,"href":"https:\/\/suissepoulailler.ch\/de\/wp-json\/wp\/v2\/product_cat?post=37317"},{"taxonomy":"product_tag","embeddable":true,"href":"https:\/\/suissepoulailler.ch\/de\/wp-json\/wp\/v2\/product_tag?post=37317"}],"curies":[{"name":"wp","href":"https:\/\/api.w.org\/{rel}","templated":true}]}}