{"id":37270,"date":"2026-02-27T13:17:46","date_gmt":"2026-02-27T12:17:46","guid":{"rendered":"https:\/\/suissepoulailler.ch\/?post_type=product&#038;p=37270"},"modified":"2026-02-27T18:40:56","modified_gmt":"2026-02-27T17:40:56","slug":"sodex-balance-4-kg","status":"publish","type":"product","link":"https:\/\/suissepoulailler.ch\/de\/produits\/accessoires\/complements-alimentaire\/sodex-balance-4-kg\/","title":{"rendered":"Sodex BALANCE 4 kg"},"content":{"rendered":"<ul>\n<li>Le <strong>tryptophane<\/strong> est un acide amin\u00e9 essentiel que les poules ne peuvent pas synth\u00e9tiser. Il s&rsquo;agit du pr\u00e9curseur direct de la s\u00e9rotonine, un neurotransmetteur impliqu\u00e9 dans la r\u00e9gulation de l&rsquo;humeur, de l&rsquo;anxi\u00e9t\u00e9 et du comportement social. Son effet est particuli\u00e8rement pertinent dans les situations de stress social ou environnemental (nouvel enclos, changement de groupe, forte densit\u00e9).<\/li>\n<li>Les <strong>min\u00e9raux<\/strong> tels que le magn\u00e9sium, le zinc et le s\u00e9l\u00e9nium participent \u00e0 la r\u00e9gulation du syst\u00e8me nerveux et sont antioxydants.<\/li>\n<li>L&rsquo;apport en <strong>vitamine K<\/strong> peut favoriser la r\u00e9cup\u00e9ration des tissus et r\u00e9duire le stress oxydatif. Cette vitamine contribue \u00e9galement au maintien de l&rsquo;hom\u00e9ostasie en cas de stress physiologique ou immunitaire.<\/li>\n<li>Les <strong>acides organiques<\/strong> agissent comme modulateurs de la sant\u00e9 intestinale, contribuant \u00e0 pr\u00e9venir le stress intestinal, avec des effets positifs sur la production et le bien-\u00eatre.<\/li>\n<\/ul>\n<p><strong>CONDITIONNEMENT<\/strong><br \/>\nSceau de 4 kg<\/p>\n<p>sceau de 2 kg<\/p>\n<p><strong>COMPOSITION<\/strong><br \/>\nBicarbonate de sodium, r\u00e9ducteurs de mycotoxines, vitamine K, oxyde de magn\u00e9sium, macro et micro-min\u00e9raux, acidifiants,<br \/>\ntryptophan<\/p>\n<p><strong>MODE D\u2019EMPLOI<\/strong><br \/>\nUne dose de 1 kg\/tonne d&rsquo;aliment complet est recommand\u00e9e, selon les besoins et la composition finale de l&rsquo;aliment. Dur\u00e9e<br \/>\nd&rsquo;utilisation recommand\u00e9e : 1 \u00e0 7 jours. Il est recommand\u00e9 de consulter un v\u00e9t\u00e9rinaire avant utilisation ou prolongation.<br \/>\nL\u2019utilisation simultan\u00e9e de diff\u00e9rents acides organiques ou de leurs sels est contre-indiqu\u00e9e lorsqu\u2019un ou plusieurs d\u2019entre<br \/>\neux sont utilis\u00e9s \u00e0 la teneur maximale autoris\u00e9e ou \u00e0 une teneur proche de celle-ci. L\u2019utilisation simultan\u00e9e de macrolides<br \/>\nadministr\u00e9s par voie orale doit \u00eatre \u00e9vit\u00e9e.<\/p>","protected":false},"excerpt":{"rendered":"<p>Sodex Balance est un compl\u00e9ment alimentaire pour volailles et porc<br \/>\nqui permet de r\u00e9duire les r\u00e9actions dues au stress. Il est<br \/>\nnotamment indiqu\u00e9 lors de comportements de picage,<br \/>\nd\u2019agressions li\u00e9es \u00e0 la hi\u00e9rarchie, de changement<br \/>\nd\u2019environnement ou de transport<\/p>","protected":false},"featured_media":37271,"comment_status":"closed","ping_status":"closed","template":"","meta":[],"product_brand":[],"product_cat":[33,60,85,61],"product_tag":[],"class_list":{"0":"post-37270","1":"product","2":"type-product","3":"status-publish","4":"has-post-thumbnail","6":"product_cat-accessoires","7":"product_cat-complements-alimentaire","8":"product_cat-produit-complementaire","9":"product_cat-soin","10":"product_shipping_class-livraison-de-tous-les-produits-a-lexception-des-poulaillers","12":"first","13":"instock","14":"taxable","15":"shipping-taxable","16":"purchasable","17":"product-type-simple"},"_links":{"self":[{"href":"https:\/\/suissepoulailler.ch\/de\/wp-json\/wp\/v2\/product\/37270","targetHints":{"allow":["GET"]}}],"collection":[{"href":"https:\/\/suissepoulailler.ch\/de\/wp-json\/wp\/v2\/product"}],"about":[{"href":"https:\/\/suissepoulailler.ch\/de\/wp-json\/wp\/v2\/types\/product"}],"replies":[{"embeddable":true,"href":"https:\/\/suissepoulailler.ch\/de\/wp-json\/wp\/v2\/comments?post=37270"}],"version-history":[{"count":3,"href":"https:\/\/suissepoulailler.ch\/de\/wp-json\/wp\/v2\/product\/37270\/revisions"}],"predecessor-version":[{"id":37280,"href":"https:\/\/suissepoulailler.ch\/de\/wp-json\/wp\/v2\/product\/37270\/revisions\/37280"}],"wp:featuredmedia":[{"embeddable":true,"href":"https:\/\/suissepoulailler.ch\/de\/wp-json\/wp\/v2\/media\/37271"}],"wp:attachment":[{"href":"https:\/\/suissepoulailler.ch\/de\/wp-json\/wp\/v2\/media?parent=37270"}],"wp:term":[{"taxonomy":"product_brand","embeddable":true,"href":"https:\/\/suissepoulailler.ch\/de\/wp-json\/wp\/v2\/product_brand?post=37270"},{"taxonomy":"product_cat","embeddable":true,"href":"https:\/\/suissepoulailler.ch\/de\/wp-json\/wp\/v2\/product_cat?post=37270"},{"taxonomy":"product_tag","embeddable":true,"href":"https:\/\/suissepoulailler.ch\/de\/wp-json\/wp\/v2\/product_tag?post=37270"}],"curies":[{"name":"wp","href":"https:\/\/api.w.org\/{rel}","templated":true}]}}