{"id":37207,"date":"2026-02-25T21:22:09","date_gmt":"2026-02-25T20:22:09","guid":{"rendered":"https:\/\/suissepoulailler.ch\/?post_type=product&#038;p=37207"},"modified":"2026-02-25T21:22:10","modified_gmt":"2026-02-25T20:22:10","slug":"clapier-lapin-3-niveaux","status":"publish","type":"product","link":"https:\/\/suissepoulailler.ch\/de\/produits\/autres-habitacles\/clapiers\/clapier-lapin-3-niveaux\/","title":{"rendered":"clapier Lapin 3 niveaux"},"content":{"rendered":"<p>Un clapier robuste, pratique et con\u00e7u pour durer<\/p>\n<p>&nbsp;<\/p>\n<p>Ce clapier en 3 plies est fabriqu\u00e9 artisanalement avec soin.<\/p>\n<p>Solide, fonctionnel et esth\u00e9tique, il offre un espace confortable et s\u00e9curis\u00e9 pour vos lapins ou petit animaux.<\/p>\n<p>Avec ses trois \u00e9tages ind\u00e9pendants, il permet d&rsquo;organiser l&rsquo;espace selon vos besoins: s\u00e9paration, repos ou reproduction.<\/p>\n<p>Dimensions<\/p>\n<ul>\n<li>Hauteur : 1.93m<\/li>\n<li>Longeur : 1.6m<\/li>\n<li>Profondeur : 60 cm<\/li>\n<li>Nombre de niveaux : 3<\/li>\n<\/ul>\n<p>&nbsp;<\/p>\n<p><strong>Caract\u00e9ristiques principales<\/strong><\/p>\n<ul>\n<li>3 niveaux spacieux<\/li>\n<li>Trappes de s\u00e9paration permettant de fermer chaque \u00e9tage individuellement<\/li>\n<li>Porte coulissante pratique et gain de place<\/li>\n<li>Fa\u00e7ade grillag\u00e9e pour une bonne ventilation<\/li>\n<li>Sur\u00e9lev\u00e9 du sol pour une meilleure protection contre l&rsquo;humidit\u00e9<\/li>\n<\/ul>\n<p>D\u00e9lai de fabrication : 15 \u00e0 20 jours<\/p>","protected":false},"excerpt":{"rendered":"<p>Un clapier robuste, pratique et con\u00e7u pour durer &nbsp; Ce clapier en 3 plies est fabriqu\u00e9 artisanalement avec soin. Solide, fonctionnel et esth\u00e9tique, il offre un espace confortable et s\u00e9curis\u00e9 pour vos lapins ou petit animaux. Avec ses trois \u00e9tages ind\u00e9pendants, il permet d&rsquo;organiser l&rsquo;espace selon vos besoins: s\u00e9paration, repos ou reproduction. Dimensions Hauteur : [&hellip;]<\/p>\n","protected":false},"featured_media":37263,"comment_status":"closed","ping_status":"closed","template":"","meta":[],"product_brand":[],"product_cat":[33,64,104,99],"product_tag":[],"class_list":{"0":"post-37207","1":"product","2":"type-product","3":"status-publish","4":"has-post-thumbnail","6":"product_cat-accessoires","7":"product_cat-autres-habitacles","8":"product_cat-cabanons","9":"product_cat-clapiers","11":"first","12":"instock","13":"taxable","14":"shipping-taxable","15":"purchasable","16":"product-type-simple"},"_links":{"self":[{"href":"https:\/\/suissepoulailler.ch\/de\/wp-json\/wp\/v2\/product\/37207","targetHints":{"allow":["GET"]}}],"collection":[{"href":"https:\/\/suissepoulailler.ch\/de\/wp-json\/wp\/v2\/product"}],"about":[{"href":"https:\/\/suissepoulailler.ch\/de\/wp-json\/wp\/v2\/types\/product"}],"replies":[{"embeddable":true,"href":"https:\/\/suissepoulailler.ch\/de\/wp-json\/wp\/v2\/comments?post=37207"}],"version-history":[{"count":1,"href":"https:\/\/suissepoulailler.ch\/de\/wp-json\/wp\/v2\/product\/37207\/revisions"}],"predecessor-version":[{"id":37264,"href":"https:\/\/suissepoulailler.ch\/de\/wp-json\/wp\/v2\/product\/37207\/revisions\/37264"}],"wp:featuredmedia":[{"embeddable":true,"href":"https:\/\/suissepoulailler.ch\/de\/wp-json\/wp\/v2\/media\/37263"}],"wp:attachment":[{"href":"https:\/\/suissepoulailler.ch\/de\/wp-json\/wp\/v2\/media?parent=37207"}],"wp:term":[{"taxonomy":"product_brand","embeddable":true,"href":"https:\/\/suissepoulailler.ch\/de\/wp-json\/wp\/v2\/product_brand?post=37207"},{"taxonomy":"product_cat","embeddable":true,"href":"https:\/\/suissepoulailler.ch\/de\/wp-json\/wp\/v2\/product_cat?post=37207"},{"taxonomy":"product_tag","embeddable":true,"href":"https:\/\/suissepoulailler.ch\/de\/wp-json\/wp\/v2\/product_tag?post=37207"}],"curies":[{"name":"wp","href":"https:\/\/api.w.org\/{rel}","templated":true}]}}