{"id":37096,"date":"2025-12-13T09:42:27","date_gmt":"2025-12-13T08:42:27","guid":{"rendered":"https:\/\/suissepoulailler.ch\/?post_type=product&#038;p=37096"},"modified":"2026-05-08T09:53:17","modified_gmt":"2026-05-08T07:53:17","slug":"poule-aux-oeufs-bleu-couleurs-melangees","status":"publish","type":"product","link":"https:\/\/suissepoulailler.ch\/de\/produits\/volailles\/poule-aux-oeufs-bleu-couleurs-melangees\/","title":{"rendered":"Poule aux oeufs bleu (couleurs m\u00e9lang\u00e9es)"},"content":{"rendered":"<div data-elementor-type=\"product-post\" data-elementor-id=\"37096\" class=\"elementor elementor-37096\" data-elementor-post-type=\"product\">\n\t\t\t\t\t\t<section class=\"elementor-section elementor-top-section elementor-element elementor-element-1196460e elementor-section-boxed elementor-section-height-default elementor-section-height-default\" data-id=\"1196460e\" data-element_type=\"section\" data-e-type=\"section\">\n\t\t\t\t\t\t<div class=\"elementor-container elementor-column-gap-default\">\n\t\t\t\t\t<div class=\"aux-parallax-section elementor-column elementor-col-100 elementor-top-column elementor-element elementor-element-5776009a\" data-id=\"5776009a\" data-element_type=\"column\" data-e-type=\"column\">\n\t\t\t<div class=\"elementor-widget-wrap elementor-element-populated\">\n\t\t\t\t\t\t<div class=\"elementor-element elementor-element-7b2396dc elementor-widget elementor-widget-text-editor\" data-id=\"7b2396dc\" data-element_type=\"widget\" data-e-type=\"widget\" data-widget_type=\"text-editor.default\">\n\t\t\t\t<div class=\"elementor-widget-container\">\n\t\t\t\t\t\t\t\t\t<p><strong>Pour les commandes de moins de 50 poules :<\/strong><\/p><p>\u00a0<\/p><p>Retrait sur place uniquement \u00e0 notre poulailler. <a href=\"#popmake-34129\">Cliquez ici<\/a> pour visualiser les dates de retrait possibles (un samedi par mois) ainsi que l&rsquo;adresse de notre poulailler et nos horaires.<\/p><p>\u00a0<\/p><p><strong>Pour les commandes de plus de 50 poules :<\/strong><\/p><p>\u00a0<\/p><p>Retrait sur place \u00e0 notre poulailler (<em><a href=\"#popmake-34129\">Cliquez ici<\/a> pour visualiser les dates de retrait possibles ainsi que l&rsquo;adresse de notre poulailler<\/em>). La livraison est \u00e9galement possible dans les cantons de Fribourg, Vaud et Jura. Veuillez svp nous contacter via le <a href=\"https:\/\/suissepoulailler.ch\/de\/contact-2\/\" target=\"_blank\" rel=\"noopener\">formulaire de contact<\/a> pour ce type de commande.<\/p><p>\u00a0<\/p><p><strong>Rappel des caract\u00e9ristiques de cette poule :<\/strong><\/p><p>\u00a0<\/p><p>&#8211; Issues d&rsquo;une s\u00e9lection des Auraucanas originaires des for\u00eats d&rsquo;Am\u00e9rique du Sud.<\/p><p>&#8211; Particularit\u00e9 dans la couleur de la poule qui peut \u00eatre de couleurs cr\u00e8me, \u00e9pervier ou encore bleu. Cette poule est issue d&rsquo;un croisement avec le sang et le temp\u00e9rament du \u00ab\u00a0Leghorn\u00a0\u00bb.<\/p><p>&#8211; Il n&rsquo;est pas possible de faire de distinction entre les diff\u00e9rentes couleurs \u00e0 la commande de la poule<\/p><p>&#8211; Oeufs de couleur verts<\/p>\t\t\t\t\t\t\t\t<\/div>\n\t\t\t\t<\/div>\n\t\t\t\t\t<\/div>\n\t\t<\/div>\n\t\t\t\t\t<\/div>\n\t\t<\/section>\n\t\t\t\t<\/div>","protected":false},"excerpt":{"rendered":"<p>&nbsp;<\/p>\n<p><span style=\"text-decoration: underline\"><strong>Avant de proc\u00e9der \u00e0 la commande : <\/strong><\/span><\/p>\n<p><strong>Veuillez svp prendre connaissance des modalit\u00e9s de livraison dans la description plus bas dans la fiche produit<\/strong><\/p>\n<p>&nbsp;<\/p>\n<p><strong>Caract\u00e9ristiques :<\/strong><\/p>\n<p>&#8211; Issues d&rsquo;une s\u00e9lection des Auraucanas originaires des for\u00eats d&rsquo;Am\u00e9rique du Sud.<\/p>\n<p>&#8211; Particularit\u00e9 dans la couleur de la poule qui peut \u00eatre de couleurs cr\u00e8me, \u00e9pervier ou encore bleu. Cette poule est issue d&rsquo;un croisement avec le sang et le temp\u00e9rament du \u00ab\u00a0Leghorn\u00a0\u00bb.<\/p>\n<p>&#8211; Il n&rsquo;est pas possible de faire de distinction entre les diff\u00e9rentes couleurs \u00e0 la commande de la poule<\/p>\n<p>&#8211; Oeufs de couleur verts<\/p>\n<p>&nbsp;<\/p>","protected":false},"featured_media":37097,"comment_status":"closed","ping_status":"closed","template":"","meta":[],"product_brand":[],"product_cat":[91],"product_tag":[],"class_list":{"0":"post-37096","1":"product","2":"type-product","3":"status-publish","4":"has-post-thumbnail","6":"product_cat-volailles","7":"aux-has-gallery","9":"first","10":"instock","11":"taxable","12":"shipping-taxable","13":"purchasable","14":"product-type-simple"},"_links":{"self":[{"href":"https:\/\/suissepoulailler.ch\/de\/wp-json\/wp\/v2\/product\/37096","targetHints":{"allow":["GET"]}}],"collection":[{"href":"https:\/\/suissepoulailler.ch\/de\/wp-json\/wp\/v2\/product"}],"about":[{"href":"https:\/\/suissepoulailler.ch\/de\/wp-json\/wp\/v2\/types\/product"}],"replies":[{"embeddable":true,"href":"https:\/\/suissepoulailler.ch\/de\/wp-json\/wp\/v2\/comments?post=37096"}],"version-history":[{"count":1,"href":"https:\/\/suissepoulailler.ch\/de\/wp-json\/wp\/v2\/product\/37096\/revisions"}],"predecessor-version":[{"id":37099,"href":"https:\/\/suissepoulailler.ch\/de\/wp-json\/wp\/v2\/product\/37096\/revisions\/37099"}],"wp:featuredmedia":[{"embeddable":true,"href":"https:\/\/suissepoulailler.ch\/de\/wp-json\/wp\/v2\/media\/37097"}],"wp:attachment":[{"href":"https:\/\/suissepoulailler.ch\/de\/wp-json\/wp\/v2\/media?parent=37096"}],"wp:term":[{"taxonomy":"product_brand","embeddable":true,"href":"https:\/\/suissepoulailler.ch\/de\/wp-json\/wp\/v2\/product_brand?post=37096"},{"taxonomy":"product_cat","embeddable":true,"href":"https:\/\/suissepoulailler.ch\/de\/wp-json\/wp\/v2\/product_cat?post=37096"},{"taxonomy":"product_tag","embeddable":true,"href":"https:\/\/suissepoulailler.ch\/de\/wp-json\/wp\/v2\/product_tag?post=37096"}],"curies":[{"name":"wp","href":"https:\/\/api.w.org\/{rel}","templated":true}]}}