{"id":37063,"date":"2025-12-05T13:18:26","date_gmt":"2025-12-05T12:18:26","guid":{"rendered":"https:\/\/suissepoulailler.ch\/?post_type=product&#038;p=37063"},"modified":"2025-12-05T13:18:26","modified_gmt":"2025-12-05T12:18:26","slug":"desinfectant-750-ml-spray","status":"publish","type":"product","link":"https:\/\/suissepoulailler.ch\/de\/produits\/accessoires\/entretien-du-poulailler\/desinfectant-750-ml-spray\/","title":{"rendered":"D\u00e9sinfectant  750 ml Spray"},"content":{"rendered":"<h2>Nettoyer et d\u00e9sinfecter les accessoires du poulailler avec un produit adapt\u00e9 aux animaux.<\/h2>\n<p>Nettoie, d\u00e9sinfecte et odorise poulailler, cages et voli\u00e8res, ainsi que les bacs \u00e0 liti\u00e8res&#8230;<br \/>\nConvient \u00e9galement pour la d\u00e9sinfection des mangeoires et des abreuvoirs dans le poulailler: dans ce cas, rincer \u00e0 l&rsquo;eau potable. Sp\u00e9cialement \u00e9tudi\u00e9 pour une utilisation dans l&rsquo;environnement animal.<\/p>\n<p>Vaporisateur de 750 ml. Ne mousse pas.<\/p>\n<p>Utilisez les produits biocides avec pr\u00e9caution.<br \/>\nAvant toute utilisation, lisez l\u2019\u00e9tiquette et les informations concernant le produit.<\/p>","protected":false},"excerpt":{"rendered":"<p>Flacon pompe 750 ml pr\u00eat \u00e0 l&#8217;emploi.<br \/>\nD\u00e9sinfectant sp\u00e9cialement con\u00e7u pour traiter les Poulaillers et les voli\u00e8res. Id\u00e9al pour traiter les petites surfaces facilement.<\/p>","protected":false},"featured_media":37064,"comment_status":"closed","ping_status":"closed","template":"","meta":[],"product_brand":[],"product_cat":[33,63],"product_tag":[],"class_list":{"0":"post-37063","1":"product","2":"type-product","3":"status-publish","4":"has-post-thumbnail","6":"product_cat-accessoires","7":"product_cat-entretien-du-poulailler","8":"product_shipping_class-livraison-de-tous-les-produits-a-lexception-des-poulaillers","10":"first","11":"instock","12":"taxable","13":"shipping-taxable","14":"purchasable","15":"product-type-simple"},"_links":{"self":[{"href":"https:\/\/suissepoulailler.ch\/de\/wp-json\/wp\/v2\/product\/37063","targetHints":{"allow":["GET"]}}],"collection":[{"href":"https:\/\/suissepoulailler.ch\/de\/wp-json\/wp\/v2\/product"}],"about":[{"href":"https:\/\/suissepoulailler.ch\/de\/wp-json\/wp\/v2\/types\/product"}],"replies":[{"embeddable":true,"href":"https:\/\/suissepoulailler.ch\/de\/wp-json\/wp\/v2\/comments?post=37063"}],"version-history":[{"count":1,"href":"https:\/\/suissepoulailler.ch\/de\/wp-json\/wp\/v2\/product\/37063\/revisions"}],"predecessor-version":[{"id":37065,"href":"https:\/\/suissepoulailler.ch\/de\/wp-json\/wp\/v2\/product\/37063\/revisions\/37065"}],"wp:featuredmedia":[{"embeddable":true,"href":"https:\/\/suissepoulailler.ch\/de\/wp-json\/wp\/v2\/media\/37064"}],"wp:attachment":[{"href":"https:\/\/suissepoulailler.ch\/de\/wp-json\/wp\/v2\/media?parent=37063"}],"wp:term":[{"taxonomy":"product_brand","embeddable":true,"href":"https:\/\/suissepoulailler.ch\/de\/wp-json\/wp\/v2\/product_brand?post=37063"},{"taxonomy":"product_cat","embeddable":true,"href":"https:\/\/suissepoulailler.ch\/de\/wp-json\/wp\/v2\/product_cat?post=37063"},{"taxonomy":"product_tag","embeddable":true,"href":"https:\/\/suissepoulailler.ch\/de\/wp-json\/wp\/v2\/product_tag?post=37063"}],"curies":[{"name":"wp","href":"https:\/\/api.w.org\/{rel}","templated":true}]}}