{"id":37008,"date":"2025-10-29T13:55:35","date_gmt":"2025-10-29T12:55:35","guid":{"rendered":"https:\/\/suissepoulailler.ch\/?post_type=product&#038;p=37008"},"modified":"2025-10-29T13:57:06","modified_gmt":"2025-10-29T12:57:06","slug":"abreuvoir-poule-seau-en-plastique-avec-pieds-15l-bleu-et-blanc-gaun","status":"publish","type":"product","link":"https:\/\/suissepoulailler.ch\/de\/produits\/accessoires\/abreuvoirs\/abreuvoir-poule-seau-en-plastique-avec-pieds-15l-bleu-et-blanc-gaun\/","title":{"rendered":"Abreuvoir poule seau en plastique avec pieds 15L bleu et blanc &#8211; Gaun"},"content":{"rendered":"<p>Abreuvoir pour poules en plastique\u00a0<strong>en forme de seau<\/strong>\u00a0<strong>avec flotteur int\u00e9gr\u00e9<\/strong>\u00a0pour une bonne r\u00e9gulation de la sortie d\u2019eau.<\/p>\n<ul>\n<li>Dimensions\u00a0: diam\u00e8tre 40 cm x hauteur 47,5 cm<\/li>\n<li>Couleur\u00a0: bleu et blanc<\/li>\n<li>Polypropyl\u00e8ne r\u00e9sistant au gel, aux chocs et aux UV<\/li>\n<li>R\u00e9servoir de 15L<\/li>\n<li>1 flotteur pour r\u00e9gulation de la sortie d\u2019eau<\/li>\n<li>1 filtre int\u00e9gr\u00e9<\/li>\n<li>1 anse de portage<\/li>\n<li>4 pieds<\/li>\n<li>Marque\u00a0: Gaun<br \/>\n<section id=\"description.short\" class=\"border-t border-t-weeride-secondary-200\">\n<div class=\"pt-3 pb-10\">\n<div class=\"flex items-center w-full mt-10 bg-weeride-footer-primary-100 text-weeride-primary-500 rounded-[1.25rem] overflow-hidden\">\n<div class=\"shrink-0 hidden sm:block\"><\/div>\n<\/div>\n<\/div>\n<\/section>\n<section id=\"description\" class=\"border-t border-t-weeride-secondary-200\">\n<div class=\"flex justify-between items-center w-full py-3 cursor-pointer\">\n<div class=\"inline-flex relative -top-[1px]\"><span class=\"h4 text-weeride-secondary-400\">Description compl\u00e8te<\/span><\/div>\n<\/div>\n<div>\n<div class=\"pt-3 pb-10\">\n<div class=\"wysiwyg wysiwyg-small w-full\">\n<div data-content-type=\"row\" data-appearance=\"contained\" data-element=\"main\">\n<div data-enable-parallax=\"0\" data-parallax-speed=\"0.5\" data-background-images=\"{}\" data-background-type=\"image\" data-video-loop=\"true\" data-video-play-only-visible=\"true\" data-video-lazy-load=\"true\" data-video-fallback-src=\"\" data-element=\"inner\" data-pb-style=\"G7OTV74\">\n<div data-content-type=\"text\" data-appearance=\"default\" data-element=\"main\">\n<p>Hydratez vos poules\u00a0<strong>en toute simplicit\u00e9\u00a0<\/strong>avec cet abreuvoir 15L Gaun.<\/p>\n<p>Con\u00e7u<strong>\u00a0pour r\u00e9pondre aux besoins quotidiens des \u00e9leveurs<\/strong>, cet abreuvoir assure une alimentation en eau r\u00e9guli\u00e8re gr\u00e2ce \u00e0 un syst\u00e8me de flotteur int\u00e9gr\u00e9.<\/p>\n<p>Vos volailles b\u00e9n\u00e9ficient ainsi d\u2019un\u00a0<strong>acc\u00e8s continu \u00e0 une eau propre<\/strong>, sans gaspillage.<\/p>\n<h2><strong>R\u00e9sistant et id\u00e9al pour un usage ext\u00e9rieur<\/strong><\/h2>\n<p>Fabriqu\u00e9 en plastique polypropyl\u00e8ne de haute qualit\u00e9, ce mod\u00e8le est\u00a0<strong>pens\u00e9 pour r\u00e9sister aussi bien au gel qu\u2019\u00e0 l\u2019exposition prolong\u00e9e au soleil<\/strong>. Sa robustesse en fait un excellent choix pour une installation en plein air, quelles que soient les conditions climatiques.<\/p>\n<p>Le r\u00e9servoir repose sur quatre pieds solides, maintenant l\u2019abreuvoir en hauteur\u00a0<strong>pour limiter le contact avec les salet\u00e9s du sol<\/strong>. Le filtre int\u00e9gr\u00e9, combin\u00e9 au m\u00e9canisme de r\u00e9gulation, garantit une eau toujours claire et sans impuret\u00e9s.<\/p>\n<h2><strong>Un \u00e9quipement pratique et facile \u00e0 manipuler<\/strong><\/h2>\n<p>Gr\u00e2ce \u00e0 son couvercle amovible,\u00a0<strong>le remplissage du r\u00e9servoir est rapide et propre<\/strong>. L\u2019anse de transport renforc\u00e9e vous permet de d\u00e9placer l\u2019abreuvoir m\u00eame lorsqu\u2019il est plein.<\/p>\n<p>Avec sa grande contenance de 15 litres, l\u2019eau reste\u00a0<strong>stock\u00e9e \u00e0 l\u2019abri des d\u00e9bris<\/strong>, pr\u00eate \u00e0 \u00eatre consomm\u00e9e par vos poules \u00e0 tout moment.<\/p>\n<\/div>\n<\/div>\n<\/div>\n<\/div>\n<\/div>\n<\/div>\n<\/section>\n<\/li>\n<\/ul>\n","protected":false},"excerpt":{"rendered":"<p>Abreuvoir pour poules en plastique\u00a0en forme de seau\u00a0avec flotteur int\u00e9gr\u00e9\u00a0pour une bonne r\u00e9gulation de la sortie d\u2019eau. Dimensions\u00a0: diam\u00e8tre 40 cm x hauteur 47,5 cm Couleur\u00a0: bleu et blanc Polypropyl\u00e8ne r\u00e9sistant au gel, aux chocs et aux UV R\u00e9servoir de 15L 1 flotteur pour r\u00e9gulation de la sortie d\u2019eau 1 filtre int\u00e9gr\u00e9 1 anse de [&hellip;]<\/p>\n","protected":false},"featured_media":37009,"comment_status":"closed","ping_status":"closed","template":"","meta":[],"product_brand":[],"product_cat":[59],"product_tag":[],"class_list":{"0":"post-37008","1":"product","2":"type-product","3":"status-publish","4":"has-post-thumbnail","6":"product_cat-abreuvoirs","7":"product_shipping_class-livraison-de-tous-les-produits-a-lexception-des-poulaillers","9":"first","10":"instock","11":"taxable","12":"shipping-taxable","13":"purchasable","14":"product-type-simple"},"_links":{"self":[{"href":"https:\/\/suissepoulailler.ch\/de\/wp-json\/wp\/v2\/product\/37008","targetHints":{"allow":["GET"]}}],"collection":[{"href":"https:\/\/suissepoulailler.ch\/de\/wp-json\/wp\/v2\/product"}],"about":[{"href":"https:\/\/suissepoulailler.ch\/de\/wp-json\/wp\/v2\/types\/product"}],"replies":[{"embeddable":true,"href":"https:\/\/suissepoulailler.ch\/de\/wp-json\/wp\/v2\/comments?post=37008"}],"version-history":[{"count":2,"href":"https:\/\/suissepoulailler.ch\/de\/wp-json\/wp\/v2\/product\/37008\/revisions"}],"predecessor-version":[{"id":37011,"href":"https:\/\/suissepoulailler.ch\/de\/wp-json\/wp\/v2\/product\/37008\/revisions\/37011"}],"wp:featuredmedia":[{"embeddable":true,"href":"https:\/\/suissepoulailler.ch\/de\/wp-json\/wp\/v2\/media\/37009"}],"wp:attachment":[{"href":"https:\/\/suissepoulailler.ch\/de\/wp-json\/wp\/v2\/media?parent=37008"}],"wp:term":[{"taxonomy":"product_brand","embeddable":true,"href":"https:\/\/suissepoulailler.ch\/de\/wp-json\/wp\/v2\/product_brand?post=37008"},{"taxonomy":"product_cat","embeddable":true,"href":"https:\/\/suissepoulailler.ch\/de\/wp-json\/wp\/v2\/product_cat?post=37008"},{"taxonomy":"product_tag","embeddable":true,"href":"https:\/\/suissepoulailler.ch\/de\/wp-json\/wp\/v2\/product_tag?post=37008"}],"curies":[{"name":"wp","href":"https:\/\/api.w.org\/{rel}","templated":true}]}}