{"id":36841,"date":"2025-09-02T08:53:20","date_gmt":"2025-09-02T06:53:20","guid":{"rendered":"https:\/\/suissepoulailler.ch\/?post_type=product&#038;p=36841"},"modified":"2026-05-03T10:13:39","modified_gmt":"2026-05-03T08:13:39","slug":"lotion-anti-poux-application-sur-la-poule","status":"publish","type":"product","link":"https:\/\/suissepoulailler.ch\/de\/produits\/accessoires\/complements-alimentaire\/lotion-anti-poux-application-sur-la-poule\/","title":{"rendered":"Lotion anti-poux application sur la poule"},"content":{"rendered":"<h2>Lotion Antiparasitaire Externe pour les poules \/ Gasco.<br \/>\nLutter contre les poux rouges et les acariens des pondeuses et poules d&rsquo;ornement.<\/h2>\n<h3>Les poux rouges, les poux broyeurs et autres acariens sont les parasites des poulaillers et des basses-cour.<\/h3>\n<p>C<strong>ette lotion pr\u00eate \u00e0 l&#8217;emploi est un antiparasitaire externe adapt\u00e9 \u00e0 la peau des volailles.\u00a0<\/strong>Elle offre l&rsquo;option d&rsquo;un\u00a0<strong>traitement naturel \u00e0 base de plantes,<\/strong>\u00a0\u00e0 pulv\u00e9riser<strong>\u00a0sur la poule<\/strong>, sous les plumes et les ailes, pour d\u00e9barrasser des parasites qui envahissent le plumage des poules.<\/p>\n<div class=\"nav-tabs__content\">\n<div class=\"product-zmstylus mwct2\">\n<div id=\"DESCR_TINY-bloc-1\" class=\"stylusBloc stylusBloc--text stylusBloc--autogen\">\n<div class=\"stylusBloc__content\">\n<p><strong>Insectifuge, elle repousse les acariens pour plus de confort et agit sur la peau pour calmer les d\u00e9mangeaisons\u00a0<\/strong>caus\u00e9s par les parasites, favorisant le bien-\u00eatre g\u00e9n\u00e9ral.<\/p>\n<p>Pr\u00e9paration efficace \u00e0 base d&rsquo;actifs naturels, huiles de plantes notamment le G\u00e9raniol, reconnues pour leurs propri\u00e9t\u00e9s insectifuge, \u00e0 99.3% d&rsquo;origine naturelle.<br \/>\nActif contre le pou rouge et le pou gris (pou broyeur).<\/p>\n<p>Convient pour traiter une dizaine de poules contre tous les poux. Odeur agr\u00e9able.<br \/>\nCompatible avec la consommation des \u0153ufs et de la viande.En compl\u00e9ment vous pouvez utiliser une lotion antiparasitaire con\u00e7ue pour l&rsquo;habitat de vos poules : spray dk choc<\/p>\n<p>Conditionn\u00e9e en flacon spray en\u00a0<strong>verre ambr\u00e9,<\/strong>\u00a0mat\u00e9riau recyclable, \u00e9tanche aux huiles essentielles, qui garanti la stabilit\u00e9 de la pr\u00e9paration et r\u00e9siste aux infiltrations UV.<\/p>\n<p><strong>Conseils d&rsquo;utilisation \/\u00a0<\/strong><strong>Pr\u00e9cautions d&#8217;emploi :<\/strong><br \/>\nProduit antiparasitaire r\u00e9serv\u00e9 au traitement insecticide des poules.<br \/>\nProc\u00e9der \u00e0 2 pressions sur chaque poule (soit 2ml par kg de poids vif) \u00e0 20 cm de distance. Renouveler 1 x par mois.<br \/>\nUsage externe uniquement, application cutan\u00e9e, \u00e9vitez les yeux des animaux.<br \/>\nNe pas appliquer sur une peau abim\u00e9e, un animal trop jeune, malade ou convalescent.<br \/>\nAvant utilisation, lire attentivement les instructions sur l&rsquo;\u00e9tiquette.<\/p>\n<\/div>\n<\/div>\n<div id=\"DESCR_TINY-bloc-2\" class=\"stylusBloc stylusBloc--text\">\n<div class=\"stylusBloc__content\">\n<div class=\"zms-title-div\">\n<div class=\"zms-title\">Caract\u00e9ristiques :\u00a0Lotion Antiparasitaire Externe pour les poules.\u00a0 Spray antiparasitaire pr\u00eat \u00e0 l&#8217;emploi.<\/div>\n<\/div>\n<p>Composition :<br \/>\nSubstances actives\u00a0: Geraniol 5g\/kg, linalol, citronellol, limonene, citral, eugenol, famesol. Peut provoquer une r\u00e9action allergique, \u00e0 tester pr\u00e9alablement.<br \/>\nIngr\u00e9dients : Eau, eau de alavande, huile de grain de tournesol, huile d&rsquo;arbre \u00e0 th\u00e9, *, Huile de citronnelle de Java, huile essentielle de bois de H\u00f4, l&rsquo;huile essentielle d&rsquo;eucalyptus citronn\u00e9*,\u00a0 gomme d&rsquo;acacia du S\u00e9n\u00e9gal, , , Huile d&rsquo;Eucalyptus Globulus*,alcool benzylique, laurate de glyc\u00e9rol, Lauryl Glucoside, Myristyl Glucoside, Polyglyceryl-6 Laurate , Sorbate de potassium, acide citrique<\/p>\n<\/div>\n<\/div>\n<\/div>\n<\/div>","protected":false},"excerpt":{"rendered":"<p>Lotion Antiparasitaire Externe pour les poules \/ Gasco. Lutter contre les poux rouges et les acariens des pondeuses et poules d&rsquo;ornement. Les poux rouges, les poux broyeurs et autres acariens sont les parasites des poulaillers et des basses-cour. Cette lotion pr\u00eate \u00e0 l&#8217;emploi est un antiparasitaire externe adapt\u00e9 \u00e0 la peau des volailles.\u00a0Elle offre l&rsquo;option [&hellip;]<\/p>\n","protected":false},"featured_media":36842,"comment_status":"closed","ping_status":"closed","template":"","meta":[],"product_brand":[],"product_cat":[33,60,61],"product_tag":[],"class_list":{"0":"post-36841","1":"product","2":"type-product","3":"status-publish","4":"has-post-thumbnail","6":"product_cat-accessoires","7":"product_cat-complements-alimentaire","8":"product_cat-soin","9":"product_shipping_class-livraison-de-tous-les-produits-a-lexception-des-poulaillers","10":"aux-has-gallery","12":"first","13":"instock","14":"taxable","15":"shipping-taxable","16":"purchasable","17":"product-type-simple"},"_links":{"self":[{"href":"https:\/\/suissepoulailler.ch\/de\/wp-json\/wp\/v2\/product\/36841","targetHints":{"allow":["GET"]}}],"collection":[{"href":"https:\/\/suissepoulailler.ch\/de\/wp-json\/wp\/v2\/product"}],"about":[{"href":"https:\/\/suissepoulailler.ch\/de\/wp-json\/wp\/v2\/types\/product"}],"replies":[{"embeddable":true,"href":"https:\/\/suissepoulailler.ch\/de\/wp-json\/wp\/v2\/comments?post=36841"}],"version-history":[{"count":1,"href":"https:\/\/suissepoulailler.ch\/de\/wp-json\/wp\/v2\/product\/36841\/revisions"}],"predecessor-version":[{"id":36843,"href":"https:\/\/suissepoulailler.ch\/de\/wp-json\/wp\/v2\/product\/36841\/revisions\/36843"}],"wp:featuredmedia":[{"embeddable":true,"href":"https:\/\/suissepoulailler.ch\/de\/wp-json\/wp\/v2\/media\/36842"}],"wp:attachment":[{"href":"https:\/\/suissepoulailler.ch\/de\/wp-json\/wp\/v2\/media?parent=36841"}],"wp:term":[{"taxonomy":"product_brand","embeddable":true,"href":"https:\/\/suissepoulailler.ch\/de\/wp-json\/wp\/v2\/product_brand?post=36841"},{"taxonomy":"product_cat","embeddable":true,"href":"https:\/\/suissepoulailler.ch\/de\/wp-json\/wp\/v2\/product_cat?post=36841"},{"taxonomy":"product_tag","embeddable":true,"href":"https:\/\/suissepoulailler.ch\/de\/wp-json\/wp\/v2\/product_tag?post=36841"}],"curies":[{"name":"wp","href":"https:\/\/api.w.org\/{rel}","templated":true}]}}