{"id":36835,"date":"2025-09-02T08:44:06","date_gmt":"2025-09-02T06:44:06","guid":{"rendered":"https:\/\/suissepoulailler.ch\/?post_type=product&#038;p=36835"},"modified":"2026-04-07T22:57:03","modified_gmt":"2026-04-07T20:57:03","slug":"gallimite-le-nouveau-predateur-naturel-des-poux-rouges","status":"publish","type":"product","link":"https:\/\/suissepoulailler.ch\/de\/produits\/accessoires\/entretien-du-poulailler\/gallimite-le-nouveau-predateur-naturel-des-poux-rouges\/","title":{"rendered":"GALLIMITE, le nouveau pr\u00e9dateur naturel des poux rouges"},"content":{"rendered":"<p style=\"font-weight: 400\">S&rsquo;utilise\u00a0<b><strong>en compl\u00e9ment direct des pr\u00e9dateurs ANDROLIS<\/strong><\/b>.<\/p>\n<p style=\"font-weight: 400\"><b><strong>Pourquoi la combinaison\u00a0 Gallimite \/ Androlis est-elle efficace ?<\/strong><\/b><br \/>\nANDROLIS agit en diffusion continue depuis le sachet\/flacon de conditionnement, les acariens s&rsquo;\u00e9parpillent dans le poulailler et assurent une protection globale de toute la surface int\u00e9rieure du poulailler.<\/p>\n<p>GALLIMITE se saupoudre directement dans le poulailler et assure ainsi la protection du poulailler de fa\u00e7on plus cibl\u00e9e. En effet, Gallimite est un pr\u00e9dateur des poux rouges peu mobile, ainsi\u00a0<b><strong>son action est plus localis\u00e9e aux lieux en contact imm\u00e9diat avec les poules.\u00a0<\/strong><\/b>\u00a0(nids, perchoirs, interstices).<br \/>\nIl est tr\u00e8s petit et presque invisible \u00e0 l\u2019\u0153il.<\/p>\n<p style=\"font-weight: 400\"><b><strong>Tous les stades du pou rouge sont cibl\u00e9s<\/strong><\/b>, y compris en cas d\u2019infestation avanc\u00e9e.<br \/>\n<b><strong>Pr\u00e9ventif ou curatif, GALLIMITE vient renforcer l\u2019action longue dur\u00e9e d\u2019ANDROLIS<\/strong><\/b>, pour un protocole de lutte plus complet et toujours 100 % naturel.<br \/>\nNe pas utiliser de traitement anti-poux local avec les acariens : ni poudres, si sprays, ni terre e diatom\u00e9es.<br \/>\nA combiner en parall\u00e8le uniquement avec KiriPou dans l&rsquo;eau de boisson.<\/p>\n<p>Sachet taille unique.<br \/>\nA utiliser d\u00e8s r\u00e9ception pour s&rsquo;assurer de la bonne vivacit\u00e9 des acariens livr\u00e9s.<\/p>","protected":false},"excerpt":{"rendered":"<p>S&rsquo;utilise\u00a0en compl\u00e9ment direct des pr\u00e9dateurs ANDROLIS. Pourquoi la combinaison\u00a0 Gallimite \/ Androlis est-elle efficace ? ANDROLIS agit en diffusion continue depuis le sachet\/flacon de conditionnement, les acariens s&rsquo;\u00e9parpillent dans le poulailler et assurent une protection globale de toute la surface int\u00e9rieure du poulailler. GALLIMITE se saupoudre directement dans le poulailler et assure ainsi la protection [&hellip;]<\/p>\n","protected":false},"featured_media":36836,"comment_status":"closed","ping_status":"closed","template":"","meta":[],"product_brand":[],"product_cat":[33,63,61],"product_tag":[],"class_list":{"0":"post-36835","1":"product","2":"type-product","3":"status-publish","4":"has-post-thumbnail","6":"product_cat-accessoires","7":"product_cat-entretien-du-poulailler","8":"product_cat-soin","9":"product_shipping_class-livraison-de-tous-les-produits-a-lexception-des-poulaillers","11":"first","12":"instock","13":"taxable","14":"shipping-taxable","15":"purchasable","16":"product-type-simple"},"_links":{"self":[{"href":"https:\/\/suissepoulailler.ch\/de\/wp-json\/wp\/v2\/product\/36835","targetHints":{"allow":["GET"]}}],"collection":[{"href":"https:\/\/suissepoulailler.ch\/de\/wp-json\/wp\/v2\/product"}],"about":[{"href":"https:\/\/suissepoulailler.ch\/de\/wp-json\/wp\/v2\/types\/product"}],"replies":[{"embeddable":true,"href":"https:\/\/suissepoulailler.ch\/de\/wp-json\/wp\/v2\/comments?post=36835"}],"version-history":[{"count":1,"href":"https:\/\/suissepoulailler.ch\/de\/wp-json\/wp\/v2\/product\/36835\/revisions"}],"predecessor-version":[{"id":36837,"href":"https:\/\/suissepoulailler.ch\/de\/wp-json\/wp\/v2\/product\/36835\/revisions\/36837"}],"wp:featuredmedia":[{"embeddable":true,"href":"https:\/\/suissepoulailler.ch\/de\/wp-json\/wp\/v2\/media\/36836"}],"wp:attachment":[{"href":"https:\/\/suissepoulailler.ch\/de\/wp-json\/wp\/v2\/media?parent=36835"}],"wp:term":[{"taxonomy":"product_brand","embeddable":true,"href":"https:\/\/suissepoulailler.ch\/de\/wp-json\/wp\/v2\/product_brand?post=36835"},{"taxonomy":"product_cat","embeddable":true,"href":"https:\/\/suissepoulailler.ch\/de\/wp-json\/wp\/v2\/product_cat?post=36835"},{"taxonomy":"product_tag","embeddable":true,"href":"https:\/\/suissepoulailler.ch\/de\/wp-json\/wp\/v2\/product_tag?post=36835"}],"curies":[{"name":"wp","href":"https:\/\/api.w.org\/{rel}","templated":true}]}}