{"id":36728,"date":"2025-08-17T14:34:40","date_gmt":"2025-08-17T12:34:40","guid":{"rendered":"https:\/\/suissepoulailler.ch\/?post_type=product&#038;p=36728"},"modified":"2025-08-23T08:22:34","modified_gmt":"2025-08-23T06:22:34","slug":"poulailler-mobile-q-100","status":"publish","type":"product","link":"https:\/\/suissepoulailler.ch\/de\/produits\/poulaillers\/poulaillers-mobiles\/poulailler-mobile-q-100\/","title":{"rendered":"Poulailler Mobile Q 100"},"content":{"rendered":"<ul>\n<li>Convient pour 65 \u00e0 70 poules en suisse et 120 poules en Europe<\/li>\n<li>Longueur 6.7 m(avec timon 6,92m)<\/li>\n<li>Largeur 2.4m<\/li>\n<li>Hauteur 2.6m<\/li>\n<li>Poids avec \u00e9quipement environ 1800 kg(selon \u00e9quipement choisi)<\/li>\n<\/ul>\n<p>Disponible en autonomie solaire(photovolta\u00efque) ou sur prise 220 avec transformateur 24 V)<\/p>\n<ul>\n<li>Ch\u00e2ssis principal en acier au carbone de haute qualit\u00e9, enti\u00e8rement galvanis\u00e9 \u00e0 chaud<\/li>\n<li>Construction sur patin, adapt\u00e9 \u00e0 la traction sur tout type de sol.<\/li>\n<li>Panneaux de polyur\u00e9thane pour les parois et le toit de 40mm,couleur ext\u00e9rieur vert olive, int\u00e9rieur blanc<\/li>\n<li>Porte avec fen\u00eatre et serrure<\/li>\n<li>Deux entr\u00e9es d&rsquo;air isol\u00e9es et deux fn\u00eatres isol\u00e9es en polycarbonate de 75&#215;35 cm pour une bonne circulation de l&rsquo;air<\/li>\n<li>Trappe d&rsquo;\u00e2cc\u00e9s automatique unique(clapet d&rsquo;ouverture) pour permettre aux poules de circuler<\/li>\n<li>Goutti\u00e8res avec tuyaux de descente<\/li>\n<li>Quatre ancrages \u00e0 installer en cas de vent extr\u00eame<\/li>\n<li>Rev\u00eatement de sol en t\u00f4le inoxydable<\/li>\n<\/ul>\n<p>Le b\u00e2timent Mobile Q100 est livr\u00e9 enti\u00e8rement au client, \u00e0 l&rsquo;exception des roues et du cadre de support, qui sont install\u00e9s par le client conform\u00e9ment au manuel<\/p>\n<p><strong>Version Manuelle Standard<\/strong><\/p>\n<p>Poulailler mobile, enti\u00e8rement isol\u00e9 avec plancher de production surelev\u00e9 de 2.2 x 3 m recouvert de caillebottis composite et d&rsquo;une rampe pour aider les poules \u00e9\u00e0 sauter sur le caillebottis.<\/p>\n<p>Nichoir Manuelle avec collecte des \u0153ufs par un volet ext\u00e9rieur isol\u00e9.<\/p>\n<p>Equipement int\u00e9rieur: caillebottis, sol, nichoir, r\u00e9servoir d&rsquo;eau, ligne d&rsquo;abreuvement, perchoirs et mangeoires<\/p>\n<p><strong>Options Suppl\u00e9mentaires<\/strong><\/p>\n<p>Nichoirs automatiques avec collecte des oeufs par un volet ext\u00e9rieur isol\u00e9<\/p>\n<p>installation \u00e9lectrique, \u00e9clairage, batteries 24 V, trappe automatique, aliment\u00e9e par panneaux solaire<\/p>\n<p>Roue ( hydrauliques \u00e0 l&rsquo;aide d un cric et timon \u00e0 boule<\/p>\n<p><strong>\u00e9quipement et accessoire en option<\/strong><\/p>\n<p>Cam\u00e9ra externe avec acc\u00e8s en ligne<\/p>\n<p>Le prix affich\u00e9 en ligne est le prix d &lsquo;un poulailler mobile Q 100 sans options et hors frais de transport, Merci de nous contacter par mail, par le formulaire de contact qui se trouve sur notre site.<\/p>\n<p>&nbsp;<\/p>\n<p>D\u00e9lais de livraison: 10 \u00e0 15 semaines<\/p>\n<p>Pr\u00e9voir un Manitou pour le d\u00e9chargement sur place du poulailler<\/p>\n<p>&nbsp;<\/p>\n<p>&nbsp;<\/p>","protected":false},"excerpt":{"rendered":"<p>Poulailler Mobile Q 100<\/p>\n<p>Convient pour 65\/70 poules en suisse et 120 poules en Europe<\/p>\n<ul>\n<li>Construction sur patin, adapt\u00e9 \u00e0 la traction sur tout type de sol.<\/li>\n<li>Poids total 1800 kg<\/li>\n<\/ul>\n<p>&nbsp;<\/p>","protected":false},"featured_media":36742,"comment_status":"closed","ping_status":"closed","template":"","meta":[],"product_brand":[],"product_cat":[110],"product_tag":[],"class_list":{"0":"post-36728","1":"product","2":"type-product","3":"status-publish","4":"has-post-thumbnail","6":"product_cat-poulaillers-mobiles","7":"aux-has-gallery","9":"first","10":"instock","11":"taxable","12":"shipping-taxable","13":"purchasable","14":"product-type-simple"},"_links":{"self":[{"href":"https:\/\/suissepoulailler.ch\/de\/wp-json\/wp\/v2\/product\/36728","targetHints":{"allow":["GET"]}}],"collection":[{"href":"https:\/\/suissepoulailler.ch\/de\/wp-json\/wp\/v2\/product"}],"about":[{"href":"https:\/\/suissepoulailler.ch\/de\/wp-json\/wp\/v2\/types\/product"}],"replies":[{"embeddable":true,"href":"https:\/\/suissepoulailler.ch\/de\/wp-json\/wp\/v2\/comments?post=36728"}],"version-history":[{"count":3,"href":"https:\/\/suissepoulailler.ch\/de\/wp-json\/wp\/v2\/product\/36728\/revisions"}],"predecessor-version":[{"id":36750,"href":"https:\/\/suissepoulailler.ch\/de\/wp-json\/wp\/v2\/product\/36728\/revisions\/36750"}],"wp:featuredmedia":[{"embeddable":true,"href":"https:\/\/suissepoulailler.ch\/de\/wp-json\/wp\/v2\/media\/36742"}],"wp:attachment":[{"href":"https:\/\/suissepoulailler.ch\/de\/wp-json\/wp\/v2\/media?parent=36728"}],"wp:term":[{"taxonomy":"product_brand","embeddable":true,"href":"https:\/\/suissepoulailler.ch\/de\/wp-json\/wp\/v2\/product_brand?post=36728"},{"taxonomy":"product_cat","embeddable":true,"href":"https:\/\/suissepoulailler.ch\/de\/wp-json\/wp\/v2\/product_cat?post=36728"},{"taxonomy":"product_tag","embeddable":true,"href":"https:\/\/suissepoulailler.ch\/de\/wp-json\/wp\/v2\/product_tag?post=36728"}],"curies":[{"name":"wp","href":"https:\/\/api.w.org\/{rel}","templated":true}]}}