{"id":36170,"date":"2025-04-19T15:08:16","date_gmt":"2025-04-19T13:08:16","guid":{"rendered":"https:\/\/suissepoulailler.ch\/?post_type=product&#038;p=36170"},"modified":"2025-11-17T17:42:44","modified_gmt":"2025-11-17T16:42:44","slug":"mangeoire-distributeur-pour-oiseaux-du-ciel-grande-capacite-5kg","status":"publish","type":"product","link":"https:\/\/suissepoulailler.ch\/de\/produits\/evena\/oiseaux-du-ciel\/mangeoire-distributeur-pour-oiseaux-du-ciel-grande-capacite-5kg\/","title":{"rendered":"Mangeoire\/Distributeur pour Oiseaux du ciel Grande Capacit\u00e9 5kg"},"content":{"rendered":"<p>&#8211; Toutes le pi\u00e8ces qui la compose, sont r\u00e9alis\u00e9s en plastique alimentaire recyclable<\/p>\n<p>&#8211; Le r\u00e9servoir translucide est en Thermoplastique utilis\u00e9 par bon nombre de designer pour sa Haute Performance :<span class=\"Apple-converted-space\">\u00a0<\/span><\/p>\n<p>&nbsp;<\/p>\n<ul>\n<li>3mm d&rsquo;\u00e9paisseur<\/li>\n<li>Transparence Exceptionnelle (\u00e9quivalent au verre)<\/li>\n<li>Bonne r\u00e9sistance aux chocs<\/li>\n<li>Stabilit\u00e9 aux UV (ne jaunit pas avec le temps)<\/li>\n<li>Alimentaire<\/li>\n<\/ul>\n<p>&nbsp;<\/p>\n<p>Se fixe sur un support vertical.<\/p>\n<p>La seule mangeoire pour Oiseaux Sauvage existante qui a un entretien tr\u00e8s facile, mais surtout qui garde l&rsquo;aliment au sec.<\/p>\n<p>R\u00e9servoir translucide d&rsquo;une\u00a0<strong>capacit\u00e9 de 3kg et 5kg<\/strong>.<\/p>\n<p>&nbsp;<\/p>\n<p><strong>Coloris :<\/strong>\u00a0Vert Olive<\/p>","protected":false},"excerpt":{"rendered":"<p>&#8211; Toutes le pi\u00e8ces qui la compose, sont r\u00e9alis\u00e9s en plastique alimentaire recyclable &#8211; Le r\u00e9servoir translucide est en Thermoplastique utilis\u00e9 par bon nombre de designer pour sa Haute Performance :\u00a0 &nbsp; 3mm d&rsquo;\u00e9paisseur Transparence Exceptionnelle (\u00e9quivalent au verre) Bonne r\u00e9sistance aux chocs Stabilit\u00e9 aux UV (ne jaunit pas avec le temps) Alimentaire &nbsp; Se [&hellip;]<\/p>\n","protected":false},"featured_media":36171,"comment_status":"closed","ping_status":"closed","template":"","meta":[],"product_brand":[],"product_cat":[108,106],"product_tag":[],"class_list":{"0":"post-36170","1":"product","2":"type-product","3":"status-publish","4":"has-post-thumbnail","6":"product_cat-evena","7":"product_cat-oiseaux-du-ciel","8":"product_shipping_class-livraison-de-tous-les-produits-a-lexception-des-poulaillers","9":"aux-has-gallery","11":"first","12":"instock","13":"taxable","14":"shipping-taxable","15":"purchasable","16":"product-type-simple"},"_links":{"self":[{"href":"https:\/\/suissepoulailler.ch\/de\/wp-json\/wp\/v2\/product\/36170","targetHints":{"allow":["GET"]}}],"collection":[{"href":"https:\/\/suissepoulailler.ch\/de\/wp-json\/wp\/v2\/product"}],"about":[{"href":"https:\/\/suissepoulailler.ch\/de\/wp-json\/wp\/v2\/types\/product"}],"replies":[{"embeddable":true,"href":"https:\/\/suissepoulailler.ch\/de\/wp-json\/wp\/v2\/comments?post=36170"}],"version-history":[{"count":1,"href":"https:\/\/suissepoulailler.ch\/de\/wp-json\/wp\/v2\/product\/36170\/revisions"}],"predecessor-version":[{"id":36174,"href":"https:\/\/suissepoulailler.ch\/de\/wp-json\/wp\/v2\/product\/36170\/revisions\/36174"}],"wp:featuredmedia":[{"embeddable":true,"href":"https:\/\/suissepoulailler.ch\/de\/wp-json\/wp\/v2\/media\/36171"}],"wp:attachment":[{"href":"https:\/\/suissepoulailler.ch\/de\/wp-json\/wp\/v2\/media?parent=36170"}],"wp:term":[{"taxonomy":"product_brand","embeddable":true,"href":"https:\/\/suissepoulailler.ch\/de\/wp-json\/wp\/v2\/product_brand?post=36170"},{"taxonomy":"product_cat","embeddable":true,"href":"https:\/\/suissepoulailler.ch\/de\/wp-json\/wp\/v2\/product_cat?post=36170"},{"taxonomy":"product_tag","embeddable":true,"href":"https:\/\/suissepoulailler.ch\/de\/wp-json\/wp\/v2\/product_tag?post=36170"}],"curies":[{"name":"wp","href":"https:\/\/api.w.org\/{rel}","templated":true}]}}