{"id":36157,"date":"2025-04-19T14:37:04","date_gmt":"2025-04-19T12:37:04","guid":{"rendered":"https:\/\/suissepoulailler.ch\/?post_type=product&#038;p=36157"},"modified":"2025-11-17T17:42:22","modified_gmt":"2025-11-17T16:42:22","slug":"abreuvoir-et-mangeoire-oiseaux-sauvage-celeste-gris-clair","status":"publish","type":"product","link":"https:\/\/suissepoulailler.ch\/de\/produits\/evena\/oiseaux\/abreuvoir-et-mangeoire-oiseaux-sauvage-celeste-gris-clair\/","title":{"rendered":"Abreuvoir et Mangeoire Oiseaux Sauvage CELESTE- Gris Clair"},"content":{"rendered":"<p>Les Abreuvoirs et mangeoires pour Oiseaux Sauvage ont \u00e9t\u00e9 con\u00e7us pour \u00eatre tout aussi esth\u00e9tique que robuste et pratique.<\/p>\n<p>Facilement mise en place gr\u00e2ce \u00e0 un cordon de 90cm. Les pi\u00e8ces que nous avons mises au point (Abreuvoir, R\u00e9ceptacle, bouchon, toit conique\u2026) sont en plastique alimentaire recyclable, les r\u00e9servoirs sont en Thermoplastique (Transparent) d\u2019une \u00e9paisseur de 3mm.<\/p>\n<p>La seule mangeoire pour Oiseaux Sauvage existante qui a un entretien tr\u00e8s facile.<\/p>\n<p>R\u00e9servoir translucide d\u2019une capacit\u00e9 de 700gr pour le grain et 30cl pour l\u2019abreuvoir Existe en\u00a0 deux coloris : Gris clair, gris anthracite.<\/p>\n<p>Facile \u00e0 installer Robuste, Esth\u00e9tique Gain de temps,Anti-gaspillage.<\/p>\n<p>Peu d\u2019entretien<\/p>\n<p>Garde l\u2019aliment au sec<\/p>\n<p>Perchoir adapt\u00e9 au Oiseaux de petite taille Contribue au bien-\u00eatre animal<\/p>","protected":false},"excerpt":{"rendered":"<p>Les Abreuvoirs et mangeoires pour Oiseaux Sauvage ont \u00e9t\u00e9 con\u00e7us pour \u00eatre tout aussi esth\u00e9tique que robuste et pratique. Facilement mise en place gr\u00e2ce \u00e0 un cordon de 90cm. Les pi\u00e8ces que nous avons mises au point (Abreuvoir, R\u00e9ceptacle, bouchon, toit conique\u2026) sont en plastique alimentaire recyclable, les r\u00e9servoirs sont en Thermoplastique (Transparent) d\u2019une \u00e9paisseur [&hellip;]<\/p>\n","protected":false},"featured_media":36158,"comment_status":"closed","ping_status":"closed","template":"","meta":[],"product_brand":[],"product_cat":[108,105],"product_tag":[],"class_list":{"0":"post-36157","1":"product","2":"type-product","3":"status-publish","4":"has-post-thumbnail","6":"product_cat-evena","7":"product_cat-oiseaux","8":"product_shipping_class-livraison-de-tous-les-produits-a-lexception-des-poulaillers","9":"aux-has-gallery","11":"first","12":"instock","13":"taxable","14":"shipping-taxable","15":"purchasable","16":"product-type-simple"},"_links":{"self":[{"href":"https:\/\/suissepoulailler.ch\/de\/wp-json\/wp\/v2\/product\/36157","targetHints":{"allow":["GET"]}}],"collection":[{"href":"https:\/\/suissepoulailler.ch\/de\/wp-json\/wp\/v2\/product"}],"about":[{"href":"https:\/\/suissepoulailler.ch\/de\/wp-json\/wp\/v2\/types\/product"}],"replies":[{"embeddable":true,"href":"https:\/\/suissepoulailler.ch\/de\/wp-json\/wp\/v2\/comments?post=36157"}],"version-history":[{"count":1,"href":"https:\/\/suissepoulailler.ch\/de\/wp-json\/wp\/v2\/product\/36157\/revisions"}],"predecessor-version":[{"id":36160,"href":"https:\/\/suissepoulailler.ch\/de\/wp-json\/wp\/v2\/product\/36157\/revisions\/36160"}],"wp:featuredmedia":[{"embeddable":true,"href":"https:\/\/suissepoulailler.ch\/de\/wp-json\/wp\/v2\/media\/36158"}],"wp:attachment":[{"href":"https:\/\/suissepoulailler.ch\/de\/wp-json\/wp\/v2\/media?parent=36157"}],"wp:term":[{"taxonomy":"product_brand","embeddable":true,"href":"https:\/\/suissepoulailler.ch\/de\/wp-json\/wp\/v2\/product_brand?post=36157"},{"taxonomy":"product_cat","embeddable":true,"href":"https:\/\/suissepoulailler.ch\/de\/wp-json\/wp\/v2\/product_cat?post=36157"},{"taxonomy":"product_tag","embeddable":true,"href":"https:\/\/suissepoulailler.ch\/de\/wp-json\/wp\/v2\/product_tag?post=36157"}],"curies":[{"name":"wp","href":"https:\/\/api.w.org\/{rel}","templated":true}]}}