{"id":36149,"date":"2025-04-19T14:15:50","date_gmt":"2025-04-19T12:15:50","guid":{"rendered":"https:\/\/suissepoulailler.ch\/?post_type=product&#038;p=36149"},"modified":"2025-04-23T12:32:56","modified_gmt":"2025-04-23T10:32:56","slug":"piege-a-frelons-asiatiques-selectif-mini-jaune","status":"publish","type":"product","link":"https:\/\/suissepoulailler.ch\/de\/produits\/evena\/frelons\/piege-a-frelons-asiatiques-selectif-mini-jaune\/","title":{"rendered":"Pi\u00e8ge \u00e0 Frelons Asiatiques S\u00e9lectif mini (Jaune)"},"content":{"rendered":"<p>Avantage cl\u00e9s<\/p>\n<ul>\n<li>Facile \u00e0 installer<\/li>\n<li>Tr\u00e8s pratique pour le chargement<\/li>\n<li>Grande s\u00e9curit\u00e9 lors du nettoyage<\/li>\n<li>Syst\u00e8me anti retour bloque le pi\u00e8ge lors de l \u00e9limination des frelons<\/li>\n<li>Les couleurs vives(jaune ou rouge) attirent naturellement les frelons et servent de signal de prudence. Manipulation r\u00e9serv\u00e9e adultes.<\/li>\n<li>D\u00e9montage et nettoyage facile en un quart de tour<\/li>\n<li>Le pi\u00e8ge se verrouille automatiquement, emp\u00eachant toute ouverture involontaire.<\/li>\n<\/ul>\n<p>Particularit\u00e9:<\/p>\n<ul>\n<li>Une fois pi\u00e9g\u00e9s, les frelons cherchent instinctivement \u00e0 s&rsquo;\u00e9chapper et sont naturellement attir\u00e9s par la lumi\u00e8re \u00e9mise par la partie haute du pi\u00e8ge, les emp\u00eachant ainsi de sortir<\/li>\n<li>De plus, des ouvertures ont \u00e9t\u00e9 pr\u00e9vues afin de permettre aux insectes pollinisateurs, essentiels \u00e0 notre environnement, de s&rsquo;\u00e9chapper en toute s\u00e9curit\u00e9.<\/li>\n<li>Sa grille anti contact prot\u00e8ge la vie de 100% des insectes utiles qui entrent dans ce piege.<\/li>\n<li>Son nouveau corps transparent attire le frelon pi\u00e9g\u00e9 en partie haute et l&rsquo;\u00e9loigne de la nasse de sortie.<\/li>\n<li>Les 2 couleurs jaune vif et rouge, les attirent d&rsquo;instinct, visible des promeneur en milieu v\u00e9g\u00e9tal.<\/li>\n<li>L&rsquo;ajout d&rsquo;un loquet anti ouverture intempestive, assure une s\u00e9curit\u00e9 maximale lors de la manipulation.<\/li>\n<li>Son plastique recyclable est apte au contact alimentaire direct.<\/li>\n<li>Fabrication artisanale, solide et g\u00e9n\u00e9reuse (\u00e9p. 3mm), pr\u00e9vu pour durer.<\/li>\n<\/ul>\n<p>&nbsp;<\/p>\n<p>&nbsp;<\/p>","protected":false},"excerpt":{"rendered":"<p>Avantage cl\u00e9s Facile \u00e0 installer Tr\u00e8s pratique pour le chargement Grande s\u00e9curit\u00e9 lors du nettoyage Syst\u00e8me anti retour bloque le pi\u00e8ge lors de l \u00e9limination des frelons Les couleurs vives(jaune ou rouge) attirent naturellement les frelons et servent de signal de prudence. Manipulation r\u00e9serv\u00e9e adultes. D\u00e9montage et nettoyage facile en un quart de tour Le [&hellip;]<\/p>\n","protected":false},"featured_media":36150,"comment_status":"closed","ping_status":"closed","template":"","meta":[],"product_brand":[],"product_cat":[108,107],"product_tag":[],"class_list":{"0":"post-36149","1":"product","2":"type-product","3":"status-publish","4":"has-post-thumbnail","6":"product_cat-evena","7":"product_cat-frelons","8":"product_shipping_class-livraison-de-tous-les-produits-a-lexception-des-poulaillers","9":"aux-has-gallery","11":"first","12":"instock","13":"taxable","14":"shipping-taxable","15":"purchasable","16":"product-type-simple"},"_links":{"self":[{"href":"https:\/\/suissepoulailler.ch\/de\/wp-json\/wp\/v2\/product\/36149","targetHints":{"allow":["GET"]}}],"collection":[{"href":"https:\/\/suissepoulailler.ch\/de\/wp-json\/wp\/v2\/product"}],"about":[{"href":"https:\/\/suissepoulailler.ch\/de\/wp-json\/wp\/v2\/types\/product"}],"replies":[{"embeddable":true,"href":"https:\/\/suissepoulailler.ch\/de\/wp-json\/wp\/v2\/comments?post=36149"}],"version-history":[{"count":1,"href":"https:\/\/suissepoulailler.ch\/de\/wp-json\/wp\/v2\/product\/36149\/revisions"}],"predecessor-version":[{"id":36151,"href":"https:\/\/suissepoulailler.ch\/de\/wp-json\/wp\/v2\/product\/36149\/revisions\/36151"}],"wp:featuredmedia":[{"embeddable":true,"href":"https:\/\/suissepoulailler.ch\/de\/wp-json\/wp\/v2\/media\/36150"}],"wp:attachment":[{"href":"https:\/\/suissepoulailler.ch\/de\/wp-json\/wp\/v2\/media?parent=36149"}],"wp:term":[{"taxonomy":"product_brand","embeddable":true,"href":"https:\/\/suissepoulailler.ch\/de\/wp-json\/wp\/v2\/product_brand?post=36149"},{"taxonomy":"product_cat","embeddable":true,"href":"https:\/\/suissepoulailler.ch\/de\/wp-json\/wp\/v2\/product_cat?post=36149"},{"taxonomy":"product_tag","embeddable":true,"href":"https:\/\/suissepoulailler.ch\/de\/wp-json\/wp\/v2\/product_tag?post=36149"}],"curies":[{"name":"wp","href":"https:\/\/api.w.org\/{rel}","templated":true}]}}