{"id":36024,"date":"2025-04-06T08:37:06","date_gmt":"2025-04-06T06:37:06","guid":{"rendered":"https:\/\/suissepoulailler.ch\/?post_type=product&#038;p=36024"},"modified":"2026-05-07T13:02:26","modified_gmt":"2026-05-07T11:02:26","slug":"poule-hybride-noir-blanche","status":"publish","type":"product","link":"https:\/\/suissepoulailler.ch\/de\/produits\/volailles\/poule-hybride-noir-blanche\/","title":{"rendered":"Poule hybride noir blanche"},"content":{"rendered":"<div id=\"comp-leosiv1x1\" class=\"comp-leosiv1x1 YzqVVZ wixui-column-strip__column\">\n<div class=\"\" data-mesh-id=\"comp-leosiv1x1inlineContent\" data-testid=\"inline-content\">\n<div data-mesh-id=\"comp-leosiv1x1inlineContent-gridContainer\" data-testid=\"mesh-container-content\">\n<div id=\"comp-leosiv21\" class=\"HcOXKn c9GqVL QxJLC3 lq2cno YQcXTT comp-leosiv21 wixui-rich-text\" data-testid=\"richTextElement\">\n<p class=\"font_8 wixui-rich-text__text\"><span class=\"color_20 wixui-rich-text__text\"><span class=\"wixui-rich-text__text\">Les hybrides s\u00e9lectionn\u00e9s par les professionnels et qui sont \u00ab\u00a0nomm\u00e9s\u00a0\u00bb ont un caract\u00e8re connu et bien d\u00e9fini (Ex: Bovans, Amberlink, Leghorn, etc&#8230;)<\/span><\/span><\/p>\n<p class=\"font_8 wixui-rich-text__text\"><span class=\"wixGuard wixui-rich-text__text\">\u200b<\/span><\/p>\n<p class=\"font_8 wixui-rich-text__text\"><span class=\"color_20 wixui-rich-text__text\">Les hybrides, comme d\u00e9j\u00e0 mentionn\u00e9, sont un\u00a0<\/span><span class=\"color_18 wixui-rich-text__text\">\u00ab paquet surprise \u00bb<\/span><span class=\"color_20 wixui-rich-text__text\">, on peut regarder le caract\u00e8re des parents, mais sans garanti.<\/span><\/p>\n<p class=\"font_8 wixui-rich-text__text\"><span class=\"color_20 wixui-rich-text__text\"><span class=\"inherit-font-size wixui-rich-text__text\"><span class=\"wixGuard wixui-rich-text__text\">\u200b<\/span><\/span><\/span><\/p>\n<p class=\"font_8 wixui-rich-text__text\"><span class=\"color_20 wixui-rich-text__text\">A l\u2019inverse, une poule de race est stable, elle aura toujours les m\u00eames facult\u00e9s, propri\u00e9t\u00e9s, caract\u00e9ristiques etc\u2026.<\/span><\/p>\n<p class=\"font_8 wixui-rich-text__text\"><span class=\"color_20 wixui-rich-text__text\"><span class=\"inherit-font-size wixui-rich-text__text\"><span class=\"wixGuard wixui-rich-text__text\">\u200b<\/span><\/span><\/span><\/p>\n<p class=\"font_8 wixui-rich-text__text\"><span class=\"color_20 wixui-rich-text__text\"><span class=\"wixui-rich-text__text\">Il y a des hybrides qui ont un caract\u00e8re docile et qui ont \u00e9t\u00e9 s\u00e9lectionn\u00e9es pour cela et qui s&rsquo;apprivoisent tr\u00e8s bien.<\/span><\/span><\/p>\n<\/div>\n<\/div>\n<p>Prochain retrait des commandes: 7.03.2026<\/p>\n<\/div>\n<\/div>\n<div id=\"comp-leosiv231\" class=\"comp-leosiv231 YzqVVZ wixui-column-strip__column\">\n<div id=\"bgLayers_comp-leosiv231\" class=\"MW5IWV\" data-hook=\"bgLayers\" data-motion-part=\"BG_LAYER comp-leosiv231\"><\/div>\n<\/div>","protected":false},"excerpt":{"rendered":"<p>Les hybrides s\u00e9lectionn\u00e9s par les professionnels et qui sont \u00ab\u00a0nomm\u00e9s\u00a0\u00bb ont un caract\u00e8re connu et bien d\u00e9fini (Ex: Bovans, Amberlink, Leghorn, etc&#8230;) \u200b Les hybrides, comme d\u00e9j\u00e0 mentionn\u00e9, sont un\u00a0\u00ab paquet surprise \u00bb, on peut regarder le caract\u00e8re des parents, mais sans garanti. \u200b A l\u2019inverse, une poule de race est stable, elle aura toujours [&hellip;]<\/p>\n","protected":false},"featured_media":34237,"comment_status":"closed","ping_status":"closed","template":"","meta":[],"product_brand":[],"product_cat":[91],"product_tag":[],"class_list":{"0":"post-36024","1":"product","2":"type-product","3":"status-publish","4":"has-post-thumbnail","6":"product_cat-volailles","8":"first","9":"outofstock","10":"taxable","11":"shipping-taxable","12":"purchasable","13":"product-type-simple"},"_links":{"self":[{"href":"https:\/\/suissepoulailler.ch\/de\/wp-json\/wp\/v2\/product\/36024","targetHints":{"allow":["GET"]}}],"collection":[{"href":"https:\/\/suissepoulailler.ch\/de\/wp-json\/wp\/v2\/product"}],"about":[{"href":"https:\/\/suissepoulailler.ch\/de\/wp-json\/wp\/v2\/types\/product"}],"replies":[{"embeddable":true,"href":"https:\/\/suissepoulailler.ch\/de\/wp-json\/wp\/v2\/comments?post=36024"}],"version-history":[{"count":2,"href":"https:\/\/suissepoulailler.ch\/de\/wp-json\/wp\/v2\/product\/36024\/revisions"}],"predecessor-version":[{"id":37083,"href":"https:\/\/suissepoulailler.ch\/de\/wp-json\/wp\/v2\/product\/36024\/revisions\/37083"}],"wp:featuredmedia":[{"embeddable":true,"href":"https:\/\/suissepoulailler.ch\/de\/wp-json\/wp\/v2\/media\/34237"}],"wp:attachment":[{"href":"https:\/\/suissepoulailler.ch\/de\/wp-json\/wp\/v2\/media?parent=36024"}],"wp:term":[{"taxonomy":"product_brand","embeddable":true,"href":"https:\/\/suissepoulailler.ch\/de\/wp-json\/wp\/v2\/product_brand?post=36024"},{"taxonomy":"product_cat","embeddable":true,"href":"https:\/\/suissepoulailler.ch\/de\/wp-json\/wp\/v2\/product_cat?post=36024"},{"taxonomy":"product_tag","embeddable":true,"href":"https:\/\/suissepoulailler.ch\/de\/wp-json\/wp\/v2\/product_tag?post=36024"}],"curies":[{"name":"wp","href":"https:\/\/api.w.org\/{rel}","templated":true}]}}