{"id":36022,"date":"2025-04-06T08:33:35","date_gmt":"2025-04-06T06:33:35","guid":{"rendered":"https:\/\/suissepoulailler.ch\/?post_type=product&#038;p=36022"},"modified":"2026-05-07T13:02:47","modified_gmt":"2026-05-07T11:02:47","slug":"poule-italienne","status":"publish","type":"product","link":"https:\/\/suissepoulailler.ch\/de\/produits\/volailles\/poule-italienne\/","title":{"rendered":"Poule Italienne hybride"},"content":{"rendered":"<p class=\"font_8 wixui-rich-text__text\"><span class=\"color_20 wixui-rich-text__text\"><span class=\"wixui-rich-text__text\">\u00ab\u00a0L&rsquo;Italienne\u00a0\u00bb<\/span><span class=\"wixui-rich-text__text\">\u00a0est une poule\u00a0<\/span><\/span><span class=\"color_18 wixui-rich-text__text\"><span class=\"wixui-rich-text__text\">intelligente<\/span><\/span><span class=\"color_20 wixui-rich-text__text\"><span class=\"wixui-rich-text__text\">,\u00a0<\/span><\/span><span class=\"color_18 wixui-rich-text__text\"><span class=\"wixui-rich-text__text\">timide<\/span><\/span><span class=\"color_20 wixui-rich-text__text\"><span class=\"wixui-rich-text__text\">\u00a0et pleine de ressources qui trouvera une grande partie de sa nourriture si on lui donne l\u2019espace n\u00e9cessaire.<\/span><\/span><\/p>\n<p class=\"font_8 wixui-rich-text__text\"><span class=\"color_20 wixui-rich-text__text\"><span class=\"wixui-rich-text__text\">C&rsquo;est un oiseau tr\u00e8s actif qui aime fouiller. Contrairement \u00e0 la plupart des poules, beaucoup\u00a0<\/span><\/span><span class=\"color_18 wixui-rich-text__text\"><span class=\"wixui-rich-text__text\">volent bien\u00a0<\/span><\/span><span class=\"color_20 wixui-rich-text__text\"><span class=\"wixui-rich-text__text\">et se perchent dans les arbres si elles en ont l\u2019occasion.<\/span><\/span><\/p>\n<p class=\"font_8 wixui-rich-text__text\"><span class=\"color_20 wixui-rich-text__text\"><span class=\"wixui-rich-text__text\">Si l&rsquo;on ne peut pas leur offrir un v\u00e9ritable espace en plein air, il faut veiller \u00e0 ce qu&rsquo;elles soient entour\u00e9es d&rsquo;une haute cl\u00f4ture ou couvertes d&rsquo;un filet.<\/span><\/span><\/p>\n<p>Prochain retrait des commandes: 7.03.2026<\/p>\n<div class=\"wixui-rich-text__text\">\n<div class=\"wixui-rich-text__text\"><span class=\"wixGuard wixui-rich-text__text\">\u200b<\/span><\/div>\n<\/div>","protected":false},"excerpt":{"rendered":"<p>\u00ab\u00a0L&rsquo;Italienne\u00a0\u00bb\u00a0est une poule\u00a0intelligente,\u00a0timide\u00a0et pleine de ressources qui trouvera une grande partie de sa nourriture si on lui donne l\u2019espace n\u00e9cessaire. C&rsquo;est un oiseau tr\u00e8s actif qui aime fouiller. Contrairement \u00e0 la plupart des poules, beaucoup\u00a0volent bien\u00a0et se perchent dans les arbres si elles en ont l\u2019occasion. Si l&rsquo;on ne peut pas leur offrir un v\u00e9ritable [&hellip;]<\/p>\n","protected":false},"featured_media":34224,"comment_status":"closed","ping_status":"closed","template":"","meta":[],"product_brand":[],"product_cat":[91],"product_tag":[],"class_list":{"0":"post-36022","1":"product","2":"type-product","3":"status-publish","4":"has-post-thumbnail","6":"product_cat-volailles","8":"first","9":"instock","10":"taxable","11":"shipping-taxable","12":"purchasable","13":"product-type-simple"},"_links":{"self":[{"href":"https:\/\/suissepoulailler.ch\/de\/wp-json\/wp\/v2\/product\/36022","targetHints":{"allow":["GET"]}}],"collection":[{"href":"https:\/\/suissepoulailler.ch\/de\/wp-json\/wp\/v2\/product"}],"about":[{"href":"https:\/\/suissepoulailler.ch\/de\/wp-json\/wp\/v2\/types\/product"}],"replies":[{"embeddable":true,"href":"https:\/\/suissepoulailler.ch\/de\/wp-json\/wp\/v2\/comments?post=36022"}],"version-history":[{"count":5,"href":"https:\/\/suissepoulailler.ch\/de\/wp-json\/wp\/v2\/product\/36022\/revisions"}],"predecessor-version":[{"id":37085,"href":"https:\/\/suissepoulailler.ch\/de\/wp-json\/wp\/v2\/product\/36022\/revisions\/37085"}],"wp:featuredmedia":[{"embeddable":true,"href":"https:\/\/suissepoulailler.ch\/de\/wp-json\/wp\/v2\/media\/34224"}],"wp:attachment":[{"href":"https:\/\/suissepoulailler.ch\/de\/wp-json\/wp\/v2\/media?parent=36022"}],"wp:term":[{"taxonomy":"product_brand","embeddable":true,"href":"https:\/\/suissepoulailler.ch\/de\/wp-json\/wp\/v2\/product_brand?post=36022"},{"taxonomy":"product_cat","embeddable":true,"href":"https:\/\/suissepoulailler.ch\/de\/wp-json\/wp\/v2\/product_cat?post=36022"},{"taxonomy":"product_tag","embeddable":true,"href":"https:\/\/suissepoulailler.ch\/de\/wp-json\/wp\/v2\/product_tag?post=36022"}],"curies":[{"name":"wp","href":"https:\/\/api.w.org\/{rel}","templated":true}]}}