{"id":36020,"date":"2025-04-06T08:30:30","date_gmt":"2025-04-06T06:30:30","guid":{"rendered":"https:\/\/suissepoulailler.ch\/?post_type=product&#038;p=36020"},"modified":"2026-03-02T19:48:19","modified_gmt":"2026-03-02T18:48:19","slug":"poule-amberlink","status":"publish","type":"product","link":"https:\/\/suissepoulailler.ch\/de\/produits\/volailles\/poule-amberlink\/","title":{"rendered":"Poule Amberlink Hybride"},"content":{"rendered":"<div id=\"bgLayers_comp-ls1s6nl92\" class=\"MW5IWV\" data-hook=\"bgLayers\" data-motion-part=\"BG_LAYER comp-ls1s6nl92\">\n<div id=\"bgMedia_comp-ls1s6nl92\" class=\"VgO9Yg\" data-motion-part=\"BG_MEDIA comp-ls1s6nl92\"><\/div>\n<\/div>\n<div class=\"\" data-mesh-id=\"comp-ls1s6nl92inlineContent\" data-testid=\"inline-content\">\n<div data-mesh-id=\"comp-ls1s6nl92inlineContent-gridContainer\" data-testid=\"mesh-container-content\">\n<div id=\"comp-ls1s6nlb\" class=\"HcOXKn c9GqVL QxJLC3 lq2cno YQcXTT comp-ls1s6nlb wixui-rich-text\" data-testid=\"richTextElement\">\n<p class=\"font_8 wixui-rich-text__text\"><span class=\"color_17 wixui-rich-text__text\"><span class=\"wixui-rich-text__text\">Caract\u00e8re :<\/span><\/span><\/p>\n<p class=\"font_8 wixui-rich-text__text\">L<span class=\"color_20 wixui-rich-text__text\">es poules Amberlink sont assez\u00a0<\/span><span class=\"color_18 wixui-rich-text__text\">actives<\/span><span class=\"color_20 wixui-rich-text__text\">,\u00a0<\/span><span class=\"color_18 wixui-rich-text__text\">dociles<\/span><span class=\"color_20 wixui-rich-text__text\">\u00a0et adorent jouer avec leur gardien en cherchant toute sorte d\u2019attention si vous lui proposez des friandises dans votre main.<\/span><\/p>\n<p class=\"font_8 wixui-rich-text__text\"><span class=\"color_20 wixui-rich-text__text\">Elles sont tr\u00e8s\u00a0<\/span><span class=\"color_18 wixui-rich-text__text\">amicales<\/span><span class=\"color_20 wixui-rich-text__text\">\u00a0avec les autres poules du troupeau.<\/span><\/p>\n<p class=\"font_8 wixui-rich-text__text\"><span class=\"color_20 wixui-rich-text__text\"><span class=\"wixGuard wixui-rich-text__text\">\u200b<\/span><\/span><\/p>\n<p class=\"font_8 wixui-rich-text__text\"><span class=\"color_20 wixui-rich-text__text\">Elles aiment se nourrir et\u00a0<\/span><span class=\"color_18 wixui-rich-text__text\">chasser les insectes<\/span><span class=\"color_20 wixui-rich-text__text\">\u00a0dans votre jardin, ce qui les distingue des autres races.<\/span><\/p>\n<p class=\"font_8 wixui-rich-text__text\"><span class=\"color_20 wixui-rich-text__text\">Ce comportement actif de recherche de nourriture les maintient engag\u00e9s et contribue \u00e0 r\u00e9duire les co\u00fbts d&rsquo;alimentation.<\/span><\/p>\n<p>Prochain retrait des commandes: 7.03.2026<\/p>\n<\/div>\n<\/div>\n<\/div>","protected":false},"excerpt":{"rendered":"<p>Caract\u00e8re : Les poules Amberlink sont assez\u00a0actives,\u00a0dociles\u00a0et adorent jouer avec leur gardien en cherchant toute sorte d\u2019attention si vous lui proposez des friandises dans votre main. Elles sont tr\u00e8s\u00a0amicales\u00a0avec les autres poules du troupeau. \u200b Elles aiment se nourrir et\u00a0chasser les insectes\u00a0dans votre jardin, ce qui les distingue des autres races. Ce comportement actif de [&hellip;]<\/p>\n","protected":false},"featured_media":34250,"comment_status":"closed","ping_status":"closed","template":"","meta":[],"product_brand":[],"product_cat":[91],"product_tag":[],"class_list":{"0":"post-36020","1":"product","2":"type-product","3":"status-publish","4":"has-post-thumbnail","6":"product_cat-volailles","8":"first","9":"outofstock","10":"taxable","11":"shipping-taxable","12":"purchasable","13":"product-type-simple"},"_links":{"self":[{"href":"https:\/\/suissepoulailler.ch\/de\/wp-json\/wp\/v2\/product\/36020","targetHints":{"allow":["GET"]}}],"collection":[{"href":"https:\/\/suissepoulailler.ch\/de\/wp-json\/wp\/v2\/product"}],"about":[{"href":"https:\/\/suissepoulailler.ch\/de\/wp-json\/wp\/v2\/types\/product"}],"replies":[{"embeddable":true,"href":"https:\/\/suissepoulailler.ch\/de\/wp-json\/wp\/v2\/comments?post=36020"}],"version-history":[{"count":5,"href":"https:\/\/suissepoulailler.ch\/de\/wp-json\/wp\/v2\/product\/36020\/revisions"}],"predecessor-version":[{"id":37086,"href":"https:\/\/suissepoulailler.ch\/de\/wp-json\/wp\/v2\/product\/36020\/revisions\/37086"}],"wp:featuredmedia":[{"embeddable":true,"href":"https:\/\/suissepoulailler.ch\/de\/wp-json\/wp\/v2\/media\/34250"}],"wp:attachment":[{"href":"https:\/\/suissepoulailler.ch\/de\/wp-json\/wp\/v2\/media?parent=36020"}],"wp:term":[{"taxonomy":"product_brand","embeddable":true,"href":"https:\/\/suissepoulailler.ch\/de\/wp-json\/wp\/v2\/product_brand?post=36020"},{"taxonomy":"product_cat","embeddable":true,"href":"https:\/\/suissepoulailler.ch\/de\/wp-json\/wp\/v2\/product_cat?post=36020"},{"taxonomy":"product_tag","embeddable":true,"href":"https:\/\/suissepoulailler.ch\/de\/wp-json\/wp\/v2\/product_tag?post=36020"}],"curies":[{"name":"wp","href":"https:\/\/api.w.org\/{rel}","templated":true}]}}