{"id":35975,"date":"2025-03-27T16:42:26","date_gmt":"2025-03-27T15:42:26","guid":{"rendered":"https:\/\/suissepoulailler.ch\/?post_type=product&#038;p=35975"},"modified":"2026-03-16T13:06:21","modified_gmt":"2026-03-16T12:06:21","slug":"mangeoire-anti-nuisible-evena-7-kg","status":"publish","type":"product","link":"https:\/\/suissepoulailler.ch\/de\/produits\/accessoires\/mangeoires\/mangeoire-anti-nuisible-evena-7-kg\/","title":{"rendered":"Mangeoire Anti nuisible Evena 7 kg"},"content":{"rendered":"<p>Les Kits mangeoires pour volailles ont \u00e9t\u00e9 con\u00e7us pour le bien-\u00eatre de vos volailles, particuliers ou \u00e9leveurs. Les pi\u00e8ces que nous avons mises au point (casquettes, bouchons) sont en bioplastique renforc\u00e9 en fibre de carbone.<\/p>\n<p>Les kits s\u2019adaptent sur du Tube de 100mm de diam\u00e8tre. Ils sont destin\u00e9s \u00e0 un usage ext\u00e9rieur mais n\u2019emp\u00eache pas l\u2019utilisation int\u00e9rieur.<\/p>\n<p>Les seuls kits mangeoires disponibles garantissant la conservation parfaite de l\u2019aliment, m\u00eame en cas d\u2019intemp\u00e9ries, et laissant libre cours \u00e0 son imagination pour le r\u00e9servoir.<\/p>\n<p><strong>Avantages:\u00a0<\/strong><\/p>\n<ul>\n<li>Facile \u00e0 installer<\/li>\n<li>Robuste<\/li>\n<li>Peu d\u2019entretien<\/li>\n<li>Garde l\u2019aliment au sec<\/li>\n<li>Contribue au bien-\u00eatre animal<\/li>\n<li>Anti-gaspillage grasse au passage de t\u00eate adapt\u00e9\/ 30 \u00e0 40% d&rsquo;\u00e9conomie sur l&rsquo;aliment<\/li>\n<\/ul>\n<p><strong>Ce kit comprend :<\/strong><\/p>\n<ul>\n<li>une casquette avec passage de t\u00eate adapt\u00e9e et son bouchon<\/li>\n<li>un secteur<\/li>\n<li>un bouchon pour r\u00e9servoir \u00d8 100<\/li>\n<\/ul>","protected":false},"excerpt":{"rendered":"<p>Les Kits mangeoires pour volailles ont \u00e9t\u00e9 con\u00e7us pour le bien-\u00eatre de vos volailles, particuliers ou \u00e9leveurs. Les pi\u00e8ces que nous avons mises au point (casquettes, bouchons) sont en bioplastique renforc\u00e9 en fibre de carbone. Les kits s\u2019adaptent sur du Tube de 100mm de diam\u00e8tre. Ils sont destin\u00e9s \u00e0 un usage ext\u00e9rieur mais n\u2019emp\u00eache pas [&hellip;]<\/p>\n","protected":false},"featured_media":35969,"comment_status":"closed","ping_status":"closed","template":"","meta":[],"product_brand":[],"product_cat":[33,108,58,109],"product_tag":[],"class_list":{"0":"post-35975","1":"product","2":"type-product","3":"status-publish","4":"has-post-thumbnail","6":"product_cat-accessoires","7":"product_cat-evena","8":"product_cat-mangeoires","9":"product_cat-poules","10":"product_shipping_class-livraison-de-tous-les-produits-a-lexception-des-poulaillers","11":"aux-has-gallery","13":"first","14":"onbackorder","15":"taxable","16":"shipping-taxable","17":"purchasable","18":"product-type-simple"},"_links":{"self":[{"href":"https:\/\/suissepoulailler.ch\/de\/wp-json\/wp\/v2\/product\/35975","targetHints":{"allow":["GET"]}}],"collection":[{"href":"https:\/\/suissepoulailler.ch\/de\/wp-json\/wp\/v2\/product"}],"about":[{"href":"https:\/\/suissepoulailler.ch\/de\/wp-json\/wp\/v2\/types\/product"}],"replies":[{"embeddable":true,"href":"https:\/\/suissepoulailler.ch\/de\/wp-json\/wp\/v2\/comments?post=35975"}],"version-history":[{"count":1,"href":"https:\/\/suissepoulailler.ch\/de\/wp-json\/wp\/v2\/product\/35975\/revisions"}],"predecessor-version":[{"id":35976,"href":"https:\/\/suissepoulailler.ch\/de\/wp-json\/wp\/v2\/product\/35975\/revisions\/35976"}],"wp:featuredmedia":[{"embeddable":true,"href":"https:\/\/suissepoulailler.ch\/de\/wp-json\/wp\/v2\/media\/35969"}],"wp:attachment":[{"href":"https:\/\/suissepoulailler.ch\/de\/wp-json\/wp\/v2\/media?parent=35975"}],"wp:term":[{"taxonomy":"product_brand","embeddable":true,"href":"https:\/\/suissepoulailler.ch\/de\/wp-json\/wp\/v2\/product_brand?post=35975"},{"taxonomy":"product_cat","embeddable":true,"href":"https:\/\/suissepoulailler.ch\/de\/wp-json\/wp\/v2\/product_cat?post=35975"},{"taxonomy":"product_tag","embeddable":true,"href":"https:\/\/suissepoulailler.ch\/de\/wp-json\/wp\/v2\/product_tag?post=35975"}],"curies":[{"name":"wp","href":"https:\/\/api.w.org\/{rel}","templated":true}]}}