{"id":35747,"date":"2025-02-26T10:33:41","date_gmt":"2025-02-26T09:33:41","guid":{"rendered":"https:\/\/suissepoulailler.ch\/?post_type=product&#038;p=35747"},"modified":"2025-03-29T11:15:27","modified_gmt":"2025-03-29T10:15:27","slug":"mangeoire-poussins-1-5-kg-copie","status":"publish","type":"product","link":"https:\/\/suissepoulailler.ch\/de\/produits\/cabanons\/mangeoire-poussins-1-5-kg-copie\/","title":{"rendered":"Cabanon de Jardin"},"content":{"rendered":"<p>Cabanon de jardin avec porte coulissante<\/p>\n<p>&nbsp;<\/p>\n<p>Ce b\u00e2timent allie s\u00e9curit\u00e9 ,praticit\u00e9 et respect de l&rsquo;environnement en offrant un cabanon de jardin s\u00e9curis\u00e9.<\/p>\n<p>Structure et porte<\/p>\n<p>B\u00e2timent compacte , r\u00e9sistant<\/p>\n<p>Porte coulissante sur rail, ouverture compl\u00e8te, fermeture avec crochet\u00a0 (pose d&rsquo;un cadenas)<\/p>\n<p>le plancher est pos\u00e9 sur des traverses pour favoriser une ventilation du b\u00e2timent.<\/p>\n<p>Fabrication:<\/p>\n<p>Panneaux \u00e9pic\u00e9a de 19 mm<\/p>\n<p>Am\u00e9nagement int\u00e9rieur<\/p>\n<p>Caisson de rangement sur le cot\u00e9, et barre pour fixer diff\u00e9rent outils<\/p>\n<p>Dimensions ext\u00e9rieur:2.54mx1.64mx2.4mx2.2m<\/p>\n<p>Dimensions int\u00e9rieur:2.45&#215;1.56&#215;2.26&#215;2.06m<\/p>\n<p>options: Lasure ext\u00e9rieur , diff\u00e9rent coloris<\/p>\n<p>&nbsp;<\/p>","protected":false},"excerpt":{"rendered":"<p>Dimensions : \u00d8157 X 235 h<\/p>","protected":false},"featured_media":35748,"comment_status":"closed","ping_status":"closed","template":"","meta":[],"product_brand":[],"product_cat":[104],"product_tag":[],"class_list":{"0":"post-35747","1":"product","2":"type-product","3":"status-publish","4":"has-post-thumbnail","6":"product_cat-cabanons","7":"product_shipping_class-livraison-poulaillers","8":"aux-has-gallery","10":"first","11":"instock","12":"taxable","13":"shipping-taxable","14":"purchasable","15":"product-type-simple"},"_links":{"self":[{"href":"https:\/\/suissepoulailler.ch\/de\/wp-json\/wp\/v2\/product\/35747","targetHints":{"allow":["GET"]}}],"collection":[{"href":"https:\/\/suissepoulailler.ch\/de\/wp-json\/wp\/v2\/product"}],"about":[{"href":"https:\/\/suissepoulailler.ch\/de\/wp-json\/wp\/v2\/types\/product"}],"replies":[{"embeddable":true,"href":"https:\/\/suissepoulailler.ch\/de\/wp-json\/wp\/v2\/comments?post=35747"}],"version-history":[{"count":4,"href":"https:\/\/suissepoulailler.ch\/de\/wp-json\/wp\/v2\/product\/35747\/revisions"}],"predecessor-version":[{"id":35765,"href":"https:\/\/suissepoulailler.ch\/de\/wp-json\/wp\/v2\/product\/35747\/revisions\/35765"}],"wp:featuredmedia":[{"embeddable":true,"href":"https:\/\/suissepoulailler.ch\/de\/wp-json\/wp\/v2\/media\/35748"}],"wp:attachment":[{"href":"https:\/\/suissepoulailler.ch\/de\/wp-json\/wp\/v2\/media?parent=35747"}],"wp:term":[{"taxonomy":"product_brand","embeddable":true,"href":"https:\/\/suissepoulailler.ch\/de\/wp-json\/wp\/v2\/product_brand?post=35747"},{"taxonomy":"product_cat","embeddable":true,"href":"https:\/\/suissepoulailler.ch\/de\/wp-json\/wp\/v2\/product_cat?post=35747"},{"taxonomy":"product_tag","embeddable":true,"href":"https:\/\/suissepoulailler.ch\/de\/wp-json\/wp\/v2\/product_tag?post=35747"}],"curies":[{"name":"wp","href":"https:\/\/api.w.org\/{rel}","templated":true}]}}