{"id":35463,"date":"2024-11-11T08:06:29","date_gmt":"2024-11-11T07:06:29","guid":{"rendered":"https:\/\/suissepoulailler.ch\/?post_type=product&#038;p=35463"},"modified":"2026-05-03T16:28:56","modified_gmt":"2026-05-03T14:28:56","slug":"sodex-picage-la-solution-anti-picage","status":"publish","type":"product","link":"https:\/\/suissepoulailler.ch\/de\/produits\/accessoires\/soin\/sodex-picage-la-solution-anti-picage\/","title":{"rendered":"Sodex Picage, la solution anti-picage"},"content":{"rendered":"<p align=\"left\">Sodex Picage est un\u00a0<strong>r\u00e9pulsif anti-picage pour poules et volailles<\/strong>\u00a0\u00e0 la cannelle dont le parfum couvre les odeurs et calme les animaux.<\/p>\n<p align=\"left\">Le picage chez les volailles d\u2019\u00e9levage est un\u00a0<a href=\"https:\/\/lemagdesanimaux.ouest-france.fr\/dossier-930-picage-poules.html\"><b>ph\u00e9nom\u00e8ne courant<\/b><\/a>. Les oiseaux se piquent et se picorent entre eux, causant la perte des plumes, voire des plaies, des blessures et des infections chez les animaux attaqu\u00e9s.<\/p>\n<p align=\"left\">Afin de limiter le picage chez les animaux,\u00a0<b>il est n\u00e9cessaire d\u2019en comprendre la cause.\u00a0<\/b>Les raisons peuvent en effet \u00eatre nombreuses : par exemple un environnement inadapt\u00e9, la dominance de certaines poules, un d\u00e9s\u00e9quilibre alimentaire ou tout simplement le stress peuvent provoquer ces comportements agressifs ind\u00e9sirables.<\/p>\n<p align=\"left\">Il faut alors\u00a0<b>agir rapidement<\/b>\u00a0afin de limiter les effets d\u00e9l\u00e9t\u00e8res du picage.<\/p>\n<p align=\"left\">C\u2019est pour cela que nous avons d\u00e9velopp\u00e9\u00a0<b>Sodex Picage<\/b>, un spray \u00e0 la cannelle \u00e0 l\u2019effet\u00a0<b>r\u00e9pulsif et apaisant<\/b>. L\u2019odeur forte couvre toutes les autres odeurs et emp\u00eache l\u2019antagonisme chez les animaux. Son action anti-stress les calme \u00e9galement de mani\u00e8re imm\u00e9diate.<\/p>\n<p align=\"left\">Ce\u00a0<b>produit 100\u00a0% naturel\u00a0<\/b>est un incontournable pour le\u00a0<b>bien-\u00eatre durable de vos volailles<\/b>.<\/p>\n<p align=\"left\">Contenance : 500 ml<\/p>","protected":false},"excerpt":{"rendered":"<p>Sodex Picage est un\u00a0<strong>r\u00e9pulsif anti-picage pour poules et volailles<\/strong>\u00a0\u00e0 la cannelle dont le parfum couvre les odeurs et calme les animaux.<\/p>\n<p>Test\u00e9 et approuv\u00e9 par Suissepoulailler<\/p>","protected":false},"featured_media":35464,"comment_status":"closed","ping_status":"closed","template":"","meta":[],"product_brand":[],"product_cat":[33,61],"product_tag":[],"class_list":{"0":"post-35463","1":"product","2":"type-product","3":"status-publish","4":"has-post-thumbnail","6":"product_cat-accessoires","7":"product_cat-soin","8":"product_shipping_class-livraison-de-tous-les-produits-a-lexception-des-poulaillers","10":"first","11":"instock","12":"taxable","13":"shipping-taxable","14":"purchasable","15":"product-type-simple"},"_links":{"self":[{"href":"https:\/\/suissepoulailler.ch\/de\/wp-json\/wp\/v2\/product\/35463","targetHints":{"allow":["GET"]}}],"collection":[{"href":"https:\/\/suissepoulailler.ch\/de\/wp-json\/wp\/v2\/product"}],"about":[{"href":"https:\/\/suissepoulailler.ch\/de\/wp-json\/wp\/v2\/types\/product"}],"replies":[{"embeddable":true,"href":"https:\/\/suissepoulailler.ch\/de\/wp-json\/wp\/v2\/comments?post=35463"}],"version-history":[{"count":1,"href":"https:\/\/suissepoulailler.ch\/de\/wp-json\/wp\/v2\/product\/35463\/revisions"}],"predecessor-version":[{"id":35465,"href":"https:\/\/suissepoulailler.ch\/de\/wp-json\/wp\/v2\/product\/35463\/revisions\/35465"}],"wp:featuredmedia":[{"embeddable":true,"href":"https:\/\/suissepoulailler.ch\/de\/wp-json\/wp\/v2\/media\/35464"}],"wp:attachment":[{"href":"https:\/\/suissepoulailler.ch\/de\/wp-json\/wp\/v2\/media?parent=35463"}],"wp:term":[{"taxonomy":"product_brand","embeddable":true,"href":"https:\/\/suissepoulailler.ch\/de\/wp-json\/wp\/v2\/product_brand?post=35463"},{"taxonomy":"product_cat","embeddable":true,"href":"https:\/\/suissepoulailler.ch\/de\/wp-json\/wp\/v2\/product_cat?post=35463"},{"taxonomy":"product_tag","embeddable":true,"href":"https:\/\/suissepoulailler.ch\/de\/wp-json\/wp\/v2\/product_tag?post=35463"}],"curies":[{"name":"wp","href":"https:\/\/api.w.org\/{rel}","templated":true}]}}