{"id":35417,"date":"2024-10-28T08:40:50","date_gmt":"2024-10-28T07:40:50","guid":{"rendered":"https:\/\/suissepoulailler.ch\/?post_type=product&#038;p=35417"},"modified":"2025-03-31T07:58:48","modified_gmt":"2025-03-31T05:58:48","slug":"mangeoire-diy-32-l","status":"publish","type":"product","link":"https:\/\/suissepoulailler.ch\/de\/produits\/accessoires\/abreuvoirs\/mangeoire-diy-32-l\/","title":{"rendered":"MANGEOIRE DIY &#8211; 32 L."},"content":{"rendered":"<p>Sceau d une capacit\u00e9 de 32 ltrs, peut \u00eatre utilis\u00e9 en mangeoire ou abreuvoir<\/p>\n<p>&nbsp;<\/p>\n<p>Pour l abreuvoir, il faut commander les abreuvoirs basculants<\/p>\n<p>&nbsp;<\/p>\n<p>&nbsp;<\/p>","protected":false},"excerpt":{"rendered":"<p><strong>Dimensions<\/strong>\u00a0: mm. \u00d8 380 x 410 h.\u00a0<strong>Capacit\u00e9<\/strong>\u00a0: 32 litres\u00a0<strong>Mat\u00e9riau<\/strong>\u00a0: Plastique\u00a0<strong>Couleur<\/strong>\u00a0: Blanc\u00a0<strong>Unit\u00e9s par bo\u00eete<\/strong>\u00a0: 1\u00a0<strong>Animaux<\/strong>\u00a0: Oiseaux<\/p>","protected":false},"featured_media":35418,"comment_status":"closed","ping_status":"closed","template":"","meta":[],"product_brand":[],"product_cat":[59,58],"product_tag":[],"class_list":{"0":"post-35417","1":"product","2":"type-product","3":"status-publish","4":"has-post-thumbnail","6":"product_cat-abreuvoirs","7":"product_cat-mangeoires","8":"product_shipping_class-livraison-de-tous-les-produits-a-lexception-des-poulaillers","9":"aux-has-gallery","11":"first","12":"instock","13":"taxable","14":"shipping-taxable","15":"purchasable","16":"product-type-simple"},"_links":{"self":[{"href":"https:\/\/suissepoulailler.ch\/de\/wp-json\/wp\/v2\/product\/35417","targetHints":{"allow":["GET"]}}],"collection":[{"href":"https:\/\/suissepoulailler.ch\/de\/wp-json\/wp\/v2\/product"}],"about":[{"href":"https:\/\/suissepoulailler.ch\/de\/wp-json\/wp\/v2\/types\/product"}],"replies":[{"embeddable":true,"href":"https:\/\/suissepoulailler.ch\/de\/wp-json\/wp\/v2\/comments?post=35417"}],"version-history":[{"count":1,"href":"https:\/\/suissepoulailler.ch\/de\/wp-json\/wp\/v2\/product\/35417\/revisions"}],"predecessor-version":[{"id":35420,"href":"https:\/\/suissepoulailler.ch\/de\/wp-json\/wp\/v2\/product\/35417\/revisions\/35420"}],"wp:featuredmedia":[{"embeddable":true,"href":"https:\/\/suissepoulailler.ch\/de\/wp-json\/wp\/v2\/media\/35418"}],"wp:attachment":[{"href":"https:\/\/suissepoulailler.ch\/de\/wp-json\/wp\/v2\/media?parent=35417"}],"wp:term":[{"taxonomy":"product_brand","embeddable":true,"href":"https:\/\/suissepoulailler.ch\/de\/wp-json\/wp\/v2\/product_brand?post=35417"},{"taxonomy":"product_cat","embeddable":true,"href":"https:\/\/suissepoulailler.ch\/de\/wp-json\/wp\/v2\/product_cat?post=35417"},{"taxonomy":"product_tag","embeddable":true,"href":"https:\/\/suissepoulailler.ch\/de\/wp-json\/wp\/v2\/product_tag?post=35417"}],"curies":[{"name":"wp","href":"https:\/\/api.w.org\/{rel}","templated":true}]}}