{"id":35350,"date":"2024-10-01T12:34:32","date_gmt":"2024-10-01T10:34:32","guid":{"rendered":"https:\/\/suissepoulailler.ch\/?post_type=product&#038;p=35350"},"modified":"2026-05-07T14:18:39","modified_gmt":"2026-05-07T12:18:39","slug":"insecticide-ecochoc-1-l","status":"publish","type":"product","link":"https:\/\/suissepoulailler.ch\/de\/produits\/accessoires\/soin\/insecticide-ecochoc-1-l\/","title":{"rendered":"Insecticide ECOCHOC 1 L"},"content":{"rendered":"<h2>Saniterpen Ecochoc d\u00e9barrasse le poulailler des poux rouges, parasites et acariens des poules.<\/h2>\n<p>La pr\u00e9paration concentr\u00e9e<strong>\u00a0cible les insectes<\/strong>\u00a0(mouches, moustiques, les\u00a0<strong>parasites et acariens<\/strong>\u00a0(puces, poux, poux rouges) des habitats des animaux domestiques : niches, cages, clapiers, poulaillers&#8230;<\/p>\n<p><strong>Action choc :<\/strong>\u00a0Formule \u00e0 base de pyr\u00e9thrines d\u2019origine naturelle, il agit instantan\u00e9ment d\u00e8s le premier traitement.<\/p>\n<p>Ecochoc est sp\u00e9cialement \u00e9tudi\u00e9 pour\u00a0<strong>traiter l&rsquo;environnement des animaux domestiques<\/strong>.<\/p>\n<p>Utilisation : Pulv\u00e9riser sur le sol, les murs, les portes en \u00e9vitant le ruissellement. Laisser le produit s\u00e9cher et agir.<br \/>\nRenouveler le traitement d\u00e8s l\u2019apparition de nouveaux insectes.<\/p>\n<p>Lors du traitement, sortir les animaux des locaux et ne les r\u00e9introduire que lorsque les surfaces sont totalement s\u00e8ches.<\/p>\n<p>Ne pas utiliser sur et \u00e0 proximit\u00e9 des animaux \u00e0 sang froid (poissons, reptiles, grenouilles\u2026).<\/p>\n<p>Bouteille 1 Litre, produit concentr\u00e9 \u00e0 diluer dans de l&rsquo;eau.<br \/>\nUtilisez le\u00a0<a href=\"https:\/\/www.poulaillerdesign.com\/entretien-du-poulailler\/110-pulverisateur-poulailler.html\" target=\"_blank\" rel=\"noreferrer noopener\"><strong>pulv\u00e9risateur 5<\/strong>L<\/a>\u00a0pour plus de facilit\u00e9 et efficacit\u00e9 d&rsquo;application.<\/p>","protected":false},"excerpt":{"rendered":"<p>Flacon 1L \u00e9conomique. Insecticide saniterpen Ecochoc, solution concentr\u00e9e \u00e0 diluer.<br \/>\nSaniterpen Ecochoc \u00e9limine du poulailler les poux rouges, parasites et autres acariens des poules.<br \/>\nC&rsquo;est un insecticide avec un effet choc imm\u00e9diat notamment sur les poux rouges.<\/p>","protected":false},"featured_media":35351,"comment_status":"closed","ping_status":"closed","template":"","meta":[],"product_brand":[],"product_cat":[61],"product_tag":[],"class_list":{"0":"post-35350","1":"product","2":"type-product","3":"status-publish","4":"has-post-thumbnail","6":"product_cat-soin","7":"product_shipping_class-livraison-de-tous-les-produits-a-lexception-des-poulaillers","9":"first","10":"instock","11":"taxable","12":"shipping-taxable","13":"purchasable","14":"product-type-simple"},"_links":{"self":[{"href":"https:\/\/suissepoulailler.ch\/de\/wp-json\/wp\/v2\/product\/35350","targetHints":{"allow":["GET"]}}],"collection":[{"href":"https:\/\/suissepoulailler.ch\/de\/wp-json\/wp\/v2\/product"}],"about":[{"href":"https:\/\/suissepoulailler.ch\/de\/wp-json\/wp\/v2\/types\/product"}],"replies":[{"embeddable":true,"href":"https:\/\/suissepoulailler.ch\/de\/wp-json\/wp\/v2\/comments?post=35350"}],"version-history":[{"count":1,"href":"https:\/\/suissepoulailler.ch\/de\/wp-json\/wp\/v2\/product\/35350\/revisions"}],"predecessor-version":[{"id":35352,"href":"https:\/\/suissepoulailler.ch\/de\/wp-json\/wp\/v2\/product\/35350\/revisions\/35352"}],"wp:featuredmedia":[{"embeddable":true,"href":"https:\/\/suissepoulailler.ch\/de\/wp-json\/wp\/v2\/media\/35351"}],"wp:attachment":[{"href":"https:\/\/suissepoulailler.ch\/de\/wp-json\/wp\/v2\/media?parent=35350"}],"wp:term":[{"taxonomy":"product_brand","embeddable":true,"href":"https:\/\/suissepoulailler.ch\/de\/wp-json\/wp\/v2\/product_brand?post=35350"},{"taxonomy":"product_cat","embeddable":true,"href":"https:\/\/suissepoulailler.ch\/de\/wp-json\/wp\/v2\/product_cat?post=35350"},{"taxonomy":"product_tag","embeddable":true,"href":"https:\/\/suissepoulailler.ch\/de\/wp-json\/wp\/v2\/product_tag?post=35350"}],"curies":[{"name":"wp","href":"https:\/\/api.w.org\/{rel}","templated":true}]}}