{"id":35255,"date":"2024-09-05T13:48:49","date_gmt":"2024-09-05T11:48:49","guid":{"rendered":"https:\/\/suissepoulailler.ch\/?post_type=product&#038;p=35255"},"modified":"2026-01-25T21:42:49","modified_gmt":"2026-01-25T20:42:49","slug":"pulmothe-soin-respiratoire","status":"publish","type":"product","link":"https:\/\/suissepoulailler.ch\/de\/produits\/accessoires\/complements-alimentaire\/pulmothe-soin-respiratoire\/","title":{"rendered":"PULMOTh\u00e9, soin respiratoire"},"content":{"rendered":"<h2>Soulagez les maux respiratoires de vos poules.<br \/>\nSolution naturelle \u00e0 base de plantes reconnues d&rsquo;int\u00e9r\u00eat pour le soin des voies respiratoires des poules et toute la basse-cour.<\/h2>\n<h3>Toux, r\u00e2les, encombrements, traitez les probl\u00e9matiques respiratoires\u00a0 de vos poules sans attendre.<\/h3>\n<p>La pr\u00e9paration tire ses bienfaits du\u00a0<strong>mix de 2 plantes s\u00e9lectionn\u00e9es pour leurs vertus antibact\u00e9riennes et anti-inflammatoires traditionnellement reconnues<\/strong>, notamment pour fluidifier les s\u00e9cr\u00e9tions et soigner avec succ\u00e8s la toux, la bronchite et diverses maladies inflammatoires des bronches et des sinus.<\/p>\n<p>Son effet\u00a0<strong>d\u00e9congestionnant<\/strong>, agira efficacement pour\u00a0<strong>apaiser l\u2019appareil respiratoire<\/strong>\u00a0des volailles et des autres animaux de la ferme.<br \/>\nEffet tr\u00e8s positif, r\u00e9sultats g\u00e9n\u00e9ralement observ\u00e9s (retour d&rsquo;exp\u00e9rience des utilisateurs) apr\u00e8s 3-4 jours.<\/p>\n<p><strong>Mode d&#8217;emploi :<\/strong>\u00a0S&rsquo;ajoute dilu\u00e9 \u00e0 l&rsquo;eau de boisson dans l&rsquo;abreuvoir.<br \/>\nVolailles de chair, poules pondeuses, gibier \u00e0 plume :<br \/>\nDiluer 1 \u00e0 5 ml \/ L d&rsquo;eau de l&rsquo;abreuvoir pendant 5 jours.<br \/>\nPeut s&rsquo;utiliser chez les poussin. Tout votre cheptel peut consommer la pr\u00e9paration pendant le traitement des sujets malades.<br \/>\nRenouveler si besoin.<\/p>\n<p>Ne contient aucun composant pouvant interdire la consommation des \u0153ufs ou de la viande pendant la distribution.<br \/>\nCompl\u00e9ment alimentaire r\u00e9serv\u00e9 \u00e0 l&rsquo;alimentation animale. Convient en \u00e9levage biologique.<\/p>\n<p>Contient notamment\u00a0: Extrait de plantes Armoracia rusticana, Origanum vulgare, chlorure de magn\u00e9sium, alcool, sucre.<br \/>\nFlacon 250 ml \u00e0 diluer.<\/p>","protected":false},"excerpt":{"rendered":"<p>Flacon 250 ml \u00e0 diluer. Soin naturel respiratoire pour les poules.<strong>\u00a0NOUVELLE FORMULATION.<\/strong><br \/>\nPr\u00e9paration \u00e0 base de 2\u00a0<strong>plantes<\/strong>\u00a0utiles pour soulager l&rsquo;appareil respiratoire des poules et des volailles.<\/p>","protected":false},"featured_media":35256,"comment_status":"closed","ping_status":"closed","template":"","meta":[],"product_brand":[],"product_cat":[33,60,61],"product_tag":[],"class_list":{"0":"post-35255","1":"product","2":"type-product","3":"status-publish","4":"has-post-thumbnail","6":"product_cat-accessoires","7":"product_cat-complements-alimentaire","8":"product_cat-soin","9":"product_shipping_class-livraison-de-tous-les-produits-a-lexception-des-poulaillers","11":"first","12":"outofstock","13":"taxable","14":"shipping-taxable","15":"purchasable","16":"product-type-simple"},"_links":{"self":[{"href":"https:\/\/suissepoulailler.ch\/de\/wp-json\/wp\/v2\/product\/35255","targetHints":{"allow":["GET"]}}],"collection":[{"href":"https:\/\/suissepoulailler.ch\/de\/wp-json\/wp\/v2\/product"}],"about":[{"href":"https:\/\/suissepoulailler.ch\/de\/wp-json\/wp\/v2\/types\/product"}],"replies":[{"embeddable":true,"href":"https:\/\/suissepoulailler.ch\/de\/wp-json\/wp\/v2\/comments?post=35255"}],"version-history":[{"count":1,"href":"https:\/\/suissepoulailler.ch\/de\/wp-json\/wp\/v2\/product\/35255\/revisions"}],"predecessor-version":[{"id":35257,"href":"https:\/\/suissepoulailler.ch\/de\/wp-json\/wp\/v2\/product\/35255\/revisions\/35257"}],"wp:featuredmedia":[{"embeddable":true,"href":"https:\/\/suissepoulailler.ch\/de\/wp-json\/wp\/v2\/media\/35256"}],"wp:attachment":[{"href":"https:\/\/suissepoulailler.ch\/de\/wp-json\/wp\/v2\/media?parent=35255"}],"wp:term":[{"taxonomy":"product_brand","embeddable":true,"href":"https:\/\/suissepoulailler.ch\/de\/wp-json\/wp\/v2\/product_brand?post=35255"},{"taxonomy":"product_cat","embeddable":true,"href":"https:\/\/suissepoulailler.ch\/de\/wp-json\/wp\/v2\/product_cat?post=35255"},{"taxonomy":"product_tag","embeddable":true,"href":"https:\/\/suissepoulailler.ch\/de\/wp-json\/wp\/v2\/product_tag?post=35255"}],"curies":[{"name":"wp","href":"https:\/\/api.w.org\/{rel}","templated":true}]}}