{"id":35088,"date":"2024-07-11T08:17:44","date_gmt":"2024-07-11T06:17:44","guid":{"rendered":"https:\/\/suissepoulailler.ch\/?post_type=product&#038;p=35088"},"modified":"2026-04-12T12:33:42","modified_gmt":"2026-04-12T10:33:42","slug":"abreuvoir-poule-en-acier-galvanise-peint-en-gris-avec-anse-12l-gaun","status":"publish","type":"product","link":"https:\/\/suissepoulailler.ch\/de\/produits\/accessoires\/abreuvoirs\/abreuvoir-poule-en-acier-galvanise-peint-en-gris-avec-anse-12l-gaun\/","title":{"rendered":"Abreuvoir poule en acier galvanis\u00e9 peint en gris avec anse 12L &#8211; Gaun"},"content":{"rendered":"<p>Offrez \u00e0 vos volailles\u00a0<strong>de l\u2019eau propre et fra\u00eeche en permanence<\/strong>\u00a0en la disposant dans cet abreuvoir en acier galvanis\u00e9 recouvert de peinture grise.<\/p>\n<p>Il poss\u00e8de\u00a0<strong>un r\u00e9servoir important de 12 litres<\/strong>\u00a0ainsi qu\u2019une anse de portage et un anneau permettant de le suspendre.<\/p>\n<p>&nbsp;<\/p>\n<h2><strong>Solide et r\u00e9sistant\u00a0: l\u2019accessoire id\u00e9al pour \u00e9quiper votre poulailler<\/strong><\/h2>\n<p>En utilisant de l\u2019acier galvanis\u00e9 pour sa fabrication, Gaun a fait de son accessoire un objet solide et durable. Le rendant plus esth\u00e9tique, la peinture grise dont il est recouvert\u00a0<strong>le rend aussi plus r\u00e9sistant<\/strong>, notamment \u00e0 la corrosion.<\/p>\n<p>&nbsp;<\/p>\n<h2><strong>Un mod\u00e8le d\u2019abreuvoir aussi simple que pratique<\/strong><\/h2>\n<p>Le r\u00e9servoir, avec son bouchon plac\u00e9 en dessous, sera tr\u00e8s facile \u00e0 remplir. Il sera en outre\u00a0<strong>tr\u00e8s simple \u00e0 d\u00e9placer gr\u00e2ce \u00e0 son anse de portage<\/strong>.<\/p>\n<p>&nbsp;<\/p>\n<h2><strong>Un anneau de suspension pour l\u2019\u00e9loigner du sol et de ses salet\u00e9s<\/strong><\/h2>\n<p>Plac\u00e9 sur le sommet de l\u2019abreuvoir, un anneau sera\u00a0<strong>tr\u00e8s utile pour suspendre le r\u00e9cipient au-dessus du sol<\/strong>\u00a0et ainsi l\u2019\u00e9loigner de la poussi\u00e8re et des salet\u00e9s. Cela renforcera l\u2019action des larges rebords de la coupelle.<\/p>","protected":false},"excerpt":{"rendered":"<p>Abreuvoir pour vos poules et vos volailles\u00a0<strong>fabriqu\u00e9\u00a0<\/strong><strong>avec de l\u2019acier galvanis\u00e9<\/strong>\u00a0<strong>peint en gris<\/strong>. Avec anse et anneau de portage.<\/p>\n<ul>\n<li>Contenance\u00a0: 12L<\/li>\n<li>Mati\u00e8re\u00a0: acier galvanis\u00e9<\/li>\n<li>Peinture\u00a0: grise<\/li>\n<li>Marque\u00a0: Gaun<\/li>\n<\/ul>","protected":false},"featured_media":35089,"comment_status":"closed","ping_status":"closed","template":"","meta":[],"product_brand":[],"product_cat":[59,33],"product_tag":[],"class_list":{"0":"post-35088","1":"product","2":"type-product","3":"status-publish","4":"has-post-thumbnail","6":"product_cat-abreuvoirs","7":"product_cat-accessoires","8":"product_shipping_class-livraison-de-tous-les-produits-a-lexception-des-poulaillers","10":"first","11":"outofstock","12":"taxable","13":"shipping-taxable","14":"purchasable","15":"product-type-simple"},"_links":{"self":[{"href":"https:\/\/suissepoulailler.ch\/de\/wp-json\/wp\/v2\/product\/35088","targetHints":{"allow":["GET"]}}],"collection":[{"href":"https:\/\/suissepoulailler.ch\/de\/wp-json\/wp\/v2\/product"}],"about":[{"href":"https:\/\/suissepoulailler.ch\/de\/wp-json\/wp\/v2\/types\/product"}],"replies":[{"embeddable":true,"href":"https:\/\/suissepoulailler.ch\/de\/wp-json\/wp\/v2\/comments?post=35088"}],"version-history":[{"count":2,"href":"https:\/\/suissepoulailler.ch\/de\/wp-json\/wp\/v2\/product\/35088\/revisions"}],"predecessor-version":[{"id":37444,"href":"https:\/\/suissepoulailler.ch\/de\/wp-json\/wp\/v2\/product\/35088\/revisions\/37444"}],"wp:featuredmedia":[{"embeddable":true,"href":"https:\/\/suissepoulailler.ch\/de\/wp-json\/wp\/v2\/media\/35089"}],"wp:attachment":[{"href":"https:\/\/suissepoulailler.ch\/de\/wp-json\/wp\/v2\/media?parent=35088"}],"wp:term":[{"taxonomy":"product_brand","embeddable":true,"href":"https:\/\/suissepoulailler.ch\/de\/wp-json\/wp\/v2\/product_brand?post=35088"},{"taxonomy":"product_cat","embeddable":true,"href":"https:\/\/suissepoulailler.ch\/de\/wp-json\/wp\/v2\/product_cat?post=35088"},{"taxonomy":"product_tag","embeddable":true,"href":"https:\/\/suissepoulailler.ch\/de\/wp-json\/wp\/v2\/product_tag?post=35088"}],"curies":[{"name":"wp","href":"https:\/\/api.w.org\/{rel}","templated":true}]}}