{"id":35081,"date":"2024-07-11T08:08:43","date_gmt":"2024-07-11T06:08:43","guid":{"rendered":"https:\/\/suissepoulailler.ch\/?post_type=product&#038;p=35081"},"modified":"2025-10-26T13:33:53","modified_gmt":"2025-10-26T12:33:53","slug":"abreuvoir-volailles-super-eco-5-l-vert","status":"publish","type":"product","link":"https:\/\/suissepoulailler.ch\/de\/produits\/accessoires\/abreuvoirs\/abreuvoir-volailles-super-eco-5-l-vert\/","title":{"rendered":"ABREUVOIR VOLAILLES SUPER ECO 5 L. VERT"},"content":{"rendered":"<h2><strong>Equipez votre poulailler avec ce petit abreuvoir simple et pratique<\/strong><\/h2>\n<p>Propos\u00e9 par la marque sp\u00e9cialis\u00e9e Gaun, ce mod\u00e8le se compose de deux parties \u00e0 clipser. Il sera ainsi\u00a0<strong>tr\u00e8s facile \u00e0 nettoyer<\/strong>.<\/p>\n<p>Pour remplir son r\u00e9servoir de 5 litres, <strong>posez-le tout simplement sur la surface plane<\/strong>\u00a0qui se trouve sur son sommet. Il vous suffira d\u2019un doigt pour clipser \u00e0 nouveau la coupelle et refermer le r\u00e9cipient.<\/p>\n<p>Avec cet\u00a0<strong>accessoire en plastique<\/strong>, vos poulettes pourront se d\u00e9salt\u00e9rer \u00e0 l\u2019envi\u00a0!<\/p>","protected":false},"excerpt":{"rendered":"<p>Equipez votre poulailler avec ce petit abreuvoir simple et pratique Propos\u00e9 par la marque sp\u00e9cialis\u00e9e Gaun, ce mod\u00e8le se compose de deux parties \u00e0 clipser. Il sera ainsi\u00a0tr\u00e8s facile \u00e0 nettoyer. Pour remplir son r\u00e9servoir de 5 litres, posez-le tout simplement sur la surface plane\u00a0qui se trouve sur son sommet. Il vous suffira d\u2019un doigt [&hellip;]<\/p>\n","protected":false},"featured_media":35082,"comment_status":"closed","ping_status":"closed","template":"","meta":[],"product_brand":[],"product_cat":[59,33],"product_tag":[],"class_list":{"0":"post-35081","1":"product","2":"type-product","3":"status-publish","4":"has-post-thumbnail","6":"product_cat-abreuvoirs","7":"product_cat-accessoires","8":"product_shipping_class-livraison-de-tous-les-produits-a-lexception-des-poulaillers","9":"aux-has-gallery","11":"first","12":"instock","13":"taxable","14":"shipping-taxable","15":"purchasable","16":"product-type-simple"},"_links":{"self":[{"href":"https:\/\/suissepoulailler.ch\/de\/wp-json\/wp\/v2\/product\/35081","targetHints":{"allow":["GET"]}}],"collection":[{"href":"https:\/\/suissepoulailler.ch\/de\/wp-json\/wp\/v2\/product"}],"about":[{"href":"https:\/\/suissepoulailler.ch\/de\/wp-json\/wp\/v2\/types\/product"}],"replies":[{"embeddable":true,"href":"https:\/\/suissepoulailler.ch\/de\/wp-json\/wp\/v2\/comments?post=35081"}],"version-history":[{"count":1,"href":"https:\/\/suissepoulailler.ch\/de\/wp-json\/wp\/v2\/product\/35081\/revisions"}],"predecessor-version":[{"id":35085,"href":"https:\/\/suissepoulailler.ch\/de\/wp-json\/wp\/v2\/product\/35081\/revisions\/35085"}],"wp:featuredmedia":[{"embeddable":true,"href":"https:\/\/suissepoulailler.ch\/de\/wp-json\/wp\/v2\/media\/35082"}],"wp:attachment":[{"href":"https:\/\/suissepoulailler.ch\/de\/wp-json\/wp\/v2\/media?parent=35081"}],"wp:term":[{"taxonomy":"product_brand","embeddable":true,"href":"https:\/\/suissepoulailler.ch\/de\/wp-json\/wp\/v2\/product_brand?post=35081"},{"taxonomy":"product_cat","embeddable":true,"href":"https:\/\/suissepoulailler.ch\/de\/wp-json\/wp\/v2\/product_cat?post=35081"},{"taxonomy":"product_tag","embeddable":true,"href":"https:\/\/suissepoulailler.ch\/de\/wp-json\/wp\/v2\/product_tag?post=35081"}],"curies":[{"name":"wp","href":"https:\/\/api.w.org\/{rel}","templated":true}]}}