{"id":35078,"date":"2024-07-11T08:00:18","date_gmt":"2024-07-11T06:00:18","guid":{"rendered":"https:\/\/suissepoulailler.ch\/?post_type=product&#038;p=35078"},"modified":"2025-11-04T07:19:32","modified_gmt":"2025-11-04T06:19:32","slug":"tremie-galvanisee-volailles-9kg-avec-protection-anti-pluie","status":"publish","type":"product","link":"https:\/\/suissepoulailler.ch\/de\/produits\/accessoires\/mangeoires\/tremie-galvanisee-volailles-9kg-avec-protection-anti-pluie\/","title":{"rendered":"TR\u00c9MIE GALVANIS\u00c9E VOLAILLES 9KG. AVEC PROTECTION ANTI-PLUIE"},"content":{"rendered":"<p>Tr\u00e9mie Galvanis\u00e9e 9 kg avec protection anti-pluie<\/p>","protected":false},"excerpt":{"rendered":"<p>Dimensions : mm. \u00d8300 x 335 h.<\/p>","protected":false},"featured_media":35079,"comment_status":"closed","ping_status":"closed","template":"","meta":[],"product_brand":[],"product_cat":[58],"product_tag":[],"class_list":{"0":"post-35078","1":"product","2":"type-product","3":"status-publish","4":"has-post-thumbnail","6":"product_cat-mangeoires","7":"product_shipping_class-livraison-de-tous-les-produits-a-lexception-des-poulaillers","9":"first","10":"outofstock","11":"taxable","12":"shipping-taxable","13":"purchasable","14":"product-type-simple"},"_links":{"self":[{"href":"https:\/\/suissepoulailler.ch\/de\/wp-json\/wp\/v2\/product\/35078","targetHints":{"allow":["GET"]}}],"collection":[{"href":"https:\/\/suissepoulailler.ch\/de\/wp-json\/wp\/v2\/product"}],"about":[{"href":"https:\/\/suissepoulailler.ch\/de\/wp-json\/wp\/v2\/types\/product"}],"replies":[{"embeddable":true,"href":"https:\/\/suissepoulailler.ch\/de\/wp-json\/wp\/v2\/comments?post=35078"}],"version-history":[{"count":1,"href":"https:\/\/suissepoulailler.ch\/de\/wp-json\/wp\/v2\/product\/35078\/revisions"}],"predecessor-version":[{"id":35080,"href":"https:\/\/suissepoulailler.ch\/de\/wp-json\/wp\/v2\/product\/35078\/revisions\/35080"}],"wp:featuredmedia":[{"embeddable":true,"href":"https:\/\/suissepoulailler.ch\/de\/wp-json\/wp\/v2\/media\/35079"}],"wp:attachment":[{"href":"https:\/\/suissepoulailler.ch\/de\/wp-json\/wp\/v2\/media?parent=35078"}],"wp:term":[{"taxonomy":"product_brand","embeddable":true,"href":"https:\/\/suissepoulailler.ch\/de\/wp-json\/wp\/v2\/product_brand?post=35078"},{"taxonomy":"product_cat","embeddable":true,"href":"https:\/\/suissepoulailler.ch\/de\/wp-json\/wp\/v2\/product_cat?post=35078"},{"taxonomy":"product_tag","embeddable":true,"href":"https:\/\/suissepoulailler.ch\/de\/wp-json\/wp\/v2\/product_tag?post=35078"}],"curies":[{"name":"wp","href":"https:\/\/api.w.org\/{rel}","templated":true}]}}