{"id":34923,"date":"2024-06-06T13:43:28","date_gmt":"2024-06-06T11:43:28","guid":{"rendered":"https:\/\/suissepoulailler.ch\/?post_type=product&#038;p=34923"},"modified":"2026-04-12T13:02:39","modified_gmt":"2026-04-12T11:02:39","slug":"combicox-soin-digestif-volailles","status":"publish","type":"product","link":"https:\/\/suissepoulailler.ch\/de\/produits\/accessoires\/complements-alimentaire\/combicox-soin-digestif-volailles\/","title":{"rendered":"COMBICOX soin digestif volailles"},"content":{"rendered":"<h2>COMBICOX nouvelle formule est un soin \u00e9patant, indiqu\u00e9 pour pr\u00e9venir la plupart des probl\u00e8mes digestifs sp\u00e9cifiques aux poules et volailles.<\/h2>\n<p>Les poules ont quelquefois des \u00e9pisodes de diarrh\u00e9es, ces fientes liquides qui nous font nous soucier de leur sant\u00e9 et douter de la<strong>\u00a0pr\u00e9sence de bact\u00e9ries ou de parasitisme<\/strong>.<br \/>\nLe soin en phytoth\u00e9rapie permet de les traiter et surtout de pr\u00e9venir ces probl\u00e9matiques de sant\u00e9 communes facilement.<\/p>\n<p><strong>CombiCox<\/strong>\u00a0aide \u00e0\u00a0<strong>ma\u00eetriser le d\u00e9veloppement de bact\u00e9ries pathog\u00e8nes et aussi des coccidies,<\/strong>\u00a0notamment l&rsquo;excr\u00e9tion de leurs ookystes, ceci m\u00eame quand la pression pathog\u00e8ne est \u00e9lev\u00e9e.<\/p>\n<p>La pr\u00e9sence d&rsquo;extraits de\u00a0thym, d&rsquo;origan, de Tea-tree\u00a0traditionnellement indiqu\u00e9es pour limiter efficacement la<strong>\u00a0prolif\u00e9ration des bact\u00e9ries pathog\u00e8nes *<\/strong>\u00a0<strong>et de protozoaires<\/strong>\u00a0dans l&rsquo;intestin, est d\u2019int\u00e9r\u00eat pour leurs propri\u00e9t\u00e9s antiseptiques et antifongiques reconnues.<\/p>\n<p>Aussi, ces plantes participent \u00e0 la salivation et la production de sucs gastriques, soutenant ainsi le\u00a0<strong>tonus de la muqueuse intestinale<\/strong>.<br \/>\nCombin\u00e9es au\u00a0gingembre et \u00e9chinac\u00e9a, la formule est un<strong>\u00a0stimulant.<\/strong><br \/>\nCela en fait un soin qui tapisse la muqueuse intestinale pour la\u00a0<strong>prot\u00e9ger et y limiter les inflammations<\/strong>.<\/p>\n<ul>\n<li><strong>Distribution :<\/strong><br \/>\nS&rsquo;utilise dans l&rsquo;eau de boisson \u00e0 raison de 1 ml\/ litre d&rsquo;eau, ou 1ml pour 10 kg de poids vif, pendant 5 jours.<br \/>\nRenouveler toutes les 8 semaines.<br \/>\nUtilis\u00e9e chez les volailles, dindes, poulets de chair et pondeuses, d\u00e8s l&rsquo;\u00e2ge de 15 jours, sans risque de transfert dans l\u2019\u0153uf ni la viande.<br \/>\nCompl\u00e9ment alimentaire r\u00e9serv\u00e9 \u00e0 l&rsquo;alimentation animale. Convient en \u00e9levage biologique.<\/li>\n<li><strong>Composition et additifs :<\/strong><br \/>\nM\u00e9lange de substances aromatiques et extraits de plantes :<br \/>\n<strong>thym, origan, tea-tree, gingembre, \u00e9chinac\u00e9e, cannelle, clou de girofle, ail, citronnelle<\/strong>\u00a0: . . . . 130 000 mg \/kg.<br \/>\nVinaigre de cidre bio, chlorure de sodium.<br \/>\nNe contient aucun composant pouvant interdire la consommation de la viande ou des \u0153ufs pendant la distribution.<\/li>\n<li><strong>Conditionnement :<\/strong><br \/>\nFlacon 250ml, autres conditionnements nous contacter.<\/li>\n<\/ul>","protected":false},"excerpt":{"rendered":"<p>Aide \u00e0 pr\u00e9venir la prolif\u00e9ration des coccidies et bact\u00e9ries du syst\u00e8me digestif des volailles. Soulage et prot\u00e8ge des<strong>\u00a0maux de ventre<\/strong>\u00a0des poules et des pondeuses.<br \/>\nMaintient\u00a0<strong>une<\/strong>\u00a0bonne l&rsquo;immunit\u00e9.<\/p>","protected":false},"featured_media":34924,"comment_status":"closed","ping_status":"closed","template":"","meta":[],"product_brand":[],"product_cat":[60],"product_tag":[],"class_list":{"0":"post-34923","1":"product","2":"type-product","3":"status-publish","4":"has-post-thumbnail","6":"product_cat-complements-alimentaire","7":"product_shipping_class-livraison-de-tous-les-produits-a-lexception-des-poulaillers","9":"first","10":"instock","11":"taxable","12":"shipping-taxable","13":"purchasable","14":"product-type-simple"},"_links":{"self":[{"href":"https:\/\/suissepoulailler.ch\/de\/wp-json\/wp\/v2\/product\/34923","targetHints":{"allow":["GET"]}}],"collection":[{"href":"https:\/\/suissepoulailler.ch\/de\/wp-json\/wp\/v2\/product"}],"about":[{"href":"https:\/\/suissepoulailler.ch\/de\/wp-json\/wp\/v2\/types\/product"}],"replies":[{"embeddable":true,"href":"https:\/\/suissepoulailler.ch\/de\/wp-json\/wp\/v2\/comments?post=34923"}],"version-history":[{"count":1,"href":"https:\/\/suissepoulailler.ch\/de\/wp-json\/wp\/v2\/product\/34923\/revisions"}],"predecessor-version":[{"id":34925,"href":"https:\/\/suissepoulailler.ch\/de\/wp-json\/wp\/v2\/product\/34923\/revisions\/34925"}],"wp:featuredmedia":[{"embeddable":true,"href":"https:\/\/suissepoulailler.ch\/de\/wp-json\/wp\/v2\/media\/34924"}],"wp:attachment":[{"href":"https:\/\/suissepoulailler.ch\/de\/wp-json\/wp\/v2\/media?parent=34923"}],"wp:term":[{"taxonomy":"product_brand","embeddable":true,"href":"https:\/\/suissepoulailler.ch\/de\/wp-json\/wp\/v2\/product_brand?post=34923"},{"taxonomy":"product_cat","embeddable":true,"href":"https:\/\/suissepoulailler.ch\/de\/wp-json\/wp\/v2\/product_cat?post=34923"},{"taxonomy":"product_tag","embeddable":true,"href":"https:\/\/suissepoulailler.ch\/de\/wp-json\/wp\/v2\/product_tag?post=34923"}],"curies":[{"name":"wp","href":"https:\/\/api.w.org\/{rel}","templated":true}]}}