{"id":34920,"date":"2024-06-06T13:39:32","date_gmt":"2024-06-06T11:39:32","guid":{"rendered":"https:\/\/suissepoulailler.ch\/?post_type=product&#038;p=34920"},"modified":"2026-04-22T07:16:20","modified_gmt":"2026-04-22T05:16:20","slug":"calcimum-calcium-semoule","status":"publish","type":"product","link":"https:\/\/suissepoulailler.ch\/de\/produits\/accessoires\/complements-alimentaire\/calcimum-calcium-semoule\/","title":{"rendered":"Calcimum, Calcium semoule"},"content":{"rendered":"<h2>Calcimum assure un apport en Calcium \u00e0 l&rsquo;alimentation des poules pondeuses en production et aux poussins en croissance.<\/h2>\n<p>Id\u00e9al pour ceux qui r\u00e9alisent eux-m\u00eames la nourriture des poules, leurs propres m\u00e9langes de c\u00e9r\u00e9ales, et veulent assurer un bon apport min\u00e9ral \u00e0 l&rsquo;alimentation des poules.<\/p>\n<h3>Pourquoi donner du calcium aux poules ?<\/h3>\n<p>Garantir des conditions de ponte optimales, soutenir la bonne ponte.<br \/>\nAjout\u00e9 aux rations, le carbonate de Calcium aide \u00e0 une<strong>\u00a0bonne ossification<\/strong>, une\u00a0<strong>bonne croissance<\/strong>\u00a0des poussins, chez la poule mais aussi toutes les esp\u00e8ces animales, et aide \u00e0 la formation d&rsquo;une\u00a0<strong>coquille solide<\/strong>\u00a0chez la pondeuse.<br \/>\nDu Calcium bien distribu\u00e9 et assimil\u00e9 \u00e9vite de rencontrer le ph\u00e9nom\u00e8ne des \u0153ufs dits \u00ab\u00a0mous\u00a0\u00bb. (coquille d\u2019\u0153uf fragile)<br \/>\nLa poule pondeuse a besoin de Calcium pour la formation de la coquille de l\u2019\u0153uf. Une carence pendant sa p\u00e9riode de production lui demanderait alors de la puiser dans son organisme et son squelette, ce qui est n\u00e9faste \u00e0 sa bonne sant\u00e9, son squelette et \u00e9tat g\u00e9n\u00e9ral.<br \/>\nLe Calcium intervient aussi dans le\u00a0<strong>bon fonctionnement du m\u00e9tabolisme<\/strong>.<\/p>\n<h3>Comment apporter du calcium \u00e0 la ration de mes poules ?<\/h3>\n<p><strong>CalciMum<\/strong>\u00a0se m\u00e9lange \u00e0 la ration des graines, mais aussi aux p\u00e2t\u00e9es distribu\u00e9es en toutes saisons.<br \/>\nLa carbonate de calcium ne dissout pas dans l&rsquo;eau, il s&rsquo;utilise un peu comme un grit, il se dissout dans l&rsquo;organisme.<\/p>\n<p>Valeurs analytiques garanties :<br \/>\nCaCO3 : 96.8 %<br \/>\nTeneur en calcium : 38.7 %<br \/>\nSemoulette : &lt; 1.6mm : 97 %. Mode d&#8217;emploi: Volailles: 2% dans la ration.<br \/>\nLe carbonate de Calcium est une mati\u00e8re premi\u00e8re d&rsquo;origine min\u00e9rale, utilisable en agriculture bio, conform\u00e9ment au R\u00e8glement Europ\u00e9en CE 889\/2008 relatif \u00e0 l&rsquo;agriculture biologique.<\/p>\n<p>Le carbonate de Calcium sera aussi int\u00e9ressant \u00e0 toute la basse-cour, et aussi \u00e0 ceux qui entretiennent des tortues et autres reptiles en captivit\u00e9.<\/p>","protected":false},"excerpt":{"rendered":"<p>Calcimum en sachets de 2 kg.<br \/>\nAssurer un\u00a0<strong>apport concentr\u00e9 en Calcium<\/strong>\u00a0dans la ration des volailles est indispensable aux jeunes\u00a0<strong>poules en croissance<\/strong>\u00a0et aux volailles\u00a0<strong>pondeuses en production.<\/strong><\/p>","protected":false},"featured_media":34921,"comment_status":"closed","ping_status":"closed","template":"","meta":[],"product_brand":[],"product_cat":[33,60,61,20],"product_tag":[],"class_list":{"0":"post-34920","1":"product","2":"type-product","3":"status-publish","4":"has-post-thumbnail","6":"product_cat-accessoires","7":"product_cat-complements-alimentaire","8":"product_cat-soin","9":"product_cat-uncategorized","10":"product_shipping_class-livraison-de-tous-les-produits-a-lexception-des-poulaillers","12":"first","13":"instock","14":"taxable","15":"shipping-taxable","16":"purchasable","17":"product-type-simple"},"_links":{"self":[{"href":"https:\/\/suissepoulailler.ch\/de\/wp-json\/wp\/v2\/product\/34920","targetHints":{"allow":["GET"]}}],"collection":[{"href":"https:\/\/suissepoulailler.ch\/de\/wp-json\/wp\/v2\/product"}],"about":[{"href":"https:\/\/suissepoulailler.ch\/de\/wp-json\/wp\/v2\/types\/product"}],"replies":[{"embeddable":true,"href":"https:\/\/suissepoulailler.ch\/de\/wp-json\/wp\/v2\/comments?post=34920"}],"version-history":[{"count":2,"href":"https:\/\/suissepoulailler.ch\/de\/wp-json\/wp\/v2\/product\/34920\/revisions"}],"predecessor-version":[{"id":35553,"href":"https:\/\/suissepoulailler.ch\/de\/wp-json\/wp\/v2\/product\/34920\/revisions\/35553"}],"wp:featuredmedia":[{"embeddable":true,"href":"https:\/\/suissepoulailler.ch\/de\/wp-json\/wp\/v2\/media\/34921"}],"wp:attachment":[{"href":"https:\/\/suissepoulailler.ch\/de\/wp-json\/wp\/v2\/media?parent=34920"}],"wp:term":[{"taxonomy":"product_brand","embeddable":true,"href":"https:\/\/suissepoulailler.ch\/de\/wp-json\/wp\/v2\/product_brand?post=34920"},{"taxonomy":"product_cat","embeddable":true,"href":"https:\/\/suissepoulailler.ch\/de\/wp-json\/wp\/v2\/product_cat?post=34920"},{"taxonomy":"product_tag","embeddable":true,"href":"https:\/\/suissepoulailler.ch\/de\/wp-json\/wp\/v2\/product_tag?post=34920"}],"curies":[{"name":"wp","href":"https:\/\/api.w.org\/{rel}","templated":true}]}}