{"id":34915,"date":"2024-06-06T13:03:34","date_gmt":"2024-06-06T11:03:34","guid":{"rendered":"https:\/\/suissepoulailler.ch\/?post_type=product&#038;p=34915"},"modified":"2025-08-29T17:08:06","modified_gmt":"2025-08-29T15:08:06","slug":"alarme-de-detection-anti-renard","status":"publish","type":"product","link":"https:\/\/suissepoulailler.ch\/de\/produits\/accessoires\/portes-securite\/alarme-de-detection-anti-renard\/","title":{"rendered":"Alarme de d\u00e9tection anti renard"},"content":{"rendered":"<h1 id=\"title\" class=\"a-size-large a-spacing-none\"><span id=\"productTitle\" class=\"a-size-large product-title-word-break\">Alarme ext\u00e9rieure anti-renards et pr\u00e9dateurs du poulailler.<br \/>\nS&rsquo;allume et sonne par d\u00e9tection de pr\u00e9sence.<br \/>\n<\/span><\/h1>\n<ul>\n<li>\n<ul>\n<li><span class=\"a-list-item\"><strong>3 modes de fonctionnement au choix :<\/strong><br \/>\n1- Alarme sonore et lumineuse 24 heures, fonctionne jour et nuit par d\u00e9tection de pr\u00e9sence.<br \/>\n2- Alarme sonore et lumineuse \u00e0 d\u00e9tection nocturne uniquement : parfait pour faire fuir les nuisibles qui rodent la nuit autour du poulailler.<br \/>\n3- Alarme r\u00e9manente, sonne toutes les 5mn syst\u00e9matiquement, utile contre les oiseaux pilleurs.<br \/>\n<\/span><\/li>\n<\/ul>\n<\/li>\n<\/ul>\n<p><strong>Dissuasion efficace<\/strong> : Lorsqu&rsquo;une pr\u00e9sence est d\u00e9tect\u00e9e sur un p\u00e9rim\u00e8tre de 6\/8 m alentours, l&rsquo;alarme s&rsquo;allume : elle clignote en rouge et sonne: elle imite des aboiements de chiens et de coups de fusil, c&rsquo;est efficace pour dissuader les nuisibles sans leur causer de blessure.<\/p>\n<p>Attention l&rsquo;alarme est aussi sensible \u00e0 la vibration (Fix\u00e9e sur la paroi du poulailler par exemple attention si vous avez des perchoirs juste derri\u00e8re qui peuvent cr\u00e9er des vibrations et faire donc sonner).<\/p>\n<p>Petit boitier peut encombrant, env.10 x 7x Ep\u00a0 5 cm.<\/p>\n<p><span class=\"a-list-item\"><strong>Alimentation:<\/strong><br \/>\n<\/span>Alimentation solaire + USB : cette alarme est aliment\u00e9e par branchement USB et l&rsquo;\u00e9nergie solaire, charge rapidement.<br \/>\nAutonome, elle ne risque ainsi pas de subir des coupures de courant et ne consomme presque rien.<br \/>\nVisserie inclue, facile \u00e0 installer.<br \/>\n<span class=\"a-list-item\">Branchement USB.<br \/>\n<\/span>Batterie au lithium int\u00e9gr\u00e9e 3.7V400MAH (avec protection anti surcharge)<br \/>\nTemps de charge: 6-8 heures (charge solaire), charge cc &lt;1 heure (dc5v\/1a)<\/p>\n<p><strong>Son et d\u00e9tection :<br \/>\n<\/strong>Cette alarme anti-renard est adapt\u00e9e \u00e0 une utilisation en ext\u00e9rieur, le boitier ne craint pas la pluie ni le soleil.<br \/>\nDistance de d\u00e9tection 6 \u00e0 8 m, selon la hauteur de fixation.<br \/>\nSon d&rsquo;alarme: 129 d\u00e9cibels.<br \/>\nAngle de d\u00e9tection de pr\u00e9sence de nuisibles : 125 \u00b0<\/p>\n<p><strong>Inclus dans la boite :<\/strong><br \/>\n1 boitier alarme.<br \/>\n1 c\u00e2ble USB<br \/>\n2 Vis de fixation.<br \/>\nManuel d&rsquo;instruction en anglais * 1<\/p>","protected":false},"excerpt":{"rendered":"<p>D\u00e9tecteur de pr\u00e9sence nocturne pour \u00e9loigner les nuisibles du poulailler.<br \/>\n3 modes de fonctionnement : d\u00e9tection de pr\u00e9sence H24 ou d\u00e9tection nocturne uniquement ou sonnerie syst\u00e9matique toutes les 5 mn.<br \/>\nId\u00e9al en l&rsquo;ext\u00e9rieur, le boitier r\u00e9siste aux intemp\u00e9ries.<br \/>\nSe fixe sur la fa\u00e7ade du poulailler ou un piquet de l&rsquo;enclos de vos poules.<br \/>\nRepousse les dangers sans blesser les pr\u00e9dateurs.<\/p>","protected":false},"featured_media":34916,"comment_status":"closed","ping_status":"closed","template":"","meta":[],"product_brand":[],"product_cat":[81],"product_tag":[],"class_list":{"0":"post-34915","1":"product","2":"type-product","3":"status-publish","4":"has-post-thumbnail","6":"product_cat-portes-securite","7":"product_shipping_class-livraison-de-tous-les-produits-a-lexception-des-poulaillers","8":"aux-has-gallery","10":"first","11":"instock","12":"taxable","13":"shipping-taxable","14":"purchasable","15":"product-type-simple"},"_links":{"self":[{"href":"https:\/\/suissepoulailler.ch\/de\/wp-json\/wp\/v2\/product\/34915","targetHints":{"allow":["GET"]}}],"collection":[{"href":"https:\/\/suissepoulailler.ch\/de\/wp-json\/wp\/v2\/product"}],"about":[{"href":"https:\/\/suissepoulailler.ch\/de\/wp-json\/wp\/v2\/types\/product"}],"replies":[{"embeddable":true,"href":"https:\/\/suissepoulailler.ch\/de\/wp-json\/wp\/v2\/comments?post=34915"}],"version-history":[{"count":1,"href":"https:\/\/suissepoulailler.ch\/de\/wp-json\/wp\/v2\/product\/34915\/revisions"}],"predecessor-version":[{"id":34918,"href":"https:\/\/suissepoulailler.ch\/de\/wp-json\/wp\/v2\/product\/34915\/revisions\/34918"}],"wp:featuredmedia":[{"embeddable":true,"href":"https:\/\/suissepoulailler.ch\/de\/wp-json\/wp\/v2\/media\/34916"}],"wp:attachment":[{"href":"https:\/\/suissepoulailler.ch\/de\/wp-json\/wp\/v2\/media?parent=34915"}],"wp:term":[{"taxonomy":"product_brand","embeddable":true,"href":"https:\/\/suissepoulailler.ch\/de\/wp-json\/wp\/v2\/product_brand?post=34915"},{"taxonomy":"product_cat","embeddable":true,"href":"https:\/\/suissepoulailler.ch\/de\/wp-json\/wp\/v2\/product_cat?post=34915"},{"taxonomy":"product_tag","embeddable":true,"href":"https:\/\/suissepoulailler.ch\/de\/wp-json\/wp\/v2\/product_tag?post=34915"}],"curies":[{"name":"wp","href":"https:\/\/api.w.org\/{rel}","templated":true}]}}