{"id":34687,"date":"2024-04-16T18:36:44","date_gmt":"2024-04-16T16:36:44","guid":{"rendered":"https:\/\/suissepoulailler.ch\/?post_type=product&#038;p=34687"},"modified":"2025-10-30T17:49:24","modified_gmt":"2025-10-30T16:49:24","slug":"unite-de-controle-automatique-pour-porte-de-poulailler","status":"publish","type":"product","link":"https:\/\/suissepoulailler.ch\/de\/produits\/accessoires\/portes-securite\/unite-de-controle-automatique-pour-porte-de-poulailler\/","title":{"rendered":"Unit\u00e9 de contr\u00f4le automatique pour porte de poulailler"},"content":{"rendered":"<div class=\"smlMain\">\n<p class=\"smlP\">L\u2019unit\u00e9 de contr\u00f4le automatique pour porte de poulailler offre une protection fiable contre les pr\u00e9dateurs nocturnes. Elle permet d\u2019ouvrir et de fermer les trappes de poulailler en fonction de la lumi\u00e8re du jour ou de l\u2019heure et peut \u00eatre aliment\u00e9e par des piles ou par un cordon d\u2019alimentation au secteur.<\/p>\n<\/div>\n<div class=\"smlMain\">\n<ul>\n<li class=\"smlP\">pour l\u2019ouverture et la fermeture automatiques des portes des poulaillers en fonction de la lumi\u00e8re du jour et de l\u2019heure<\/li>\n<li class=\"smlP\">protection fiable des volailles contre les pr\u00e9dateurs nocturnes<\/li>\n<li class=\"smlP\">d\u00e9tecteur de luminosit\u00e9 avec c\u00e2ble de 1\u00a0m de long permettant le montage de l\u2019unit\u00e9 de contr\u00f4le \u00e0 l\u2019int\u00e9rieur<\/li>\n<li class=\"smlP\">contr\u00f4le manuel sur l\u2019appareil ou via un bouton-poussoir externe raccord\u00e9 en option (70565)<\/li>\n<li class=\"smlP\">pas d\u2019ouverture intempestive due aux \u00e9clairs ou \u00e0 une luminosit\u00e9 momentan\u00e9e gr\u00e2ce \u00e0 la r\u00e9action diff\u00e9r\u00e9e du capteur de luminosit\u00e9<\/li>\n<li class=\"smlP\">d\u00e9connexion automatique du moteur en cas de surcharge et fonction d\u2019arr\u00eat en cas de r\u00e9sistance, suivie d\u2019une relance du processus de fermeture<\/li>\n<li class=\"smlP\">fonctionnement sans fil (4 piles AA mignon comprises dans la livraison) ou sur secteur<\/li>\n<li class=\"smlP\">pour trappes \/ portes \/ plaques coulissantes de poulailler de 0,5\u00a0kg \u00e0 2,5\u00a0kg<\/li>\n<li>Trappe non comprise<\/li>\n<\/ul>\n<\/div>\n<div id=\"BeschreibungZusatzTextDict\" class=\"smlMain\">\n<p class=\"smlP\">Kit de batterie solaire pour une alimentation \u00e9lectrique autonome disponible s\u00e9par\u00e9ment<\/p>\n<\/div>","protected":false},"excerpt":{"rendered":"<p>L\u2019unit\u00e9 de contr\u00f4le automatique pour porte de poulailler offre une protection fiable contre les pr\u00e9dateurs nocturnes. Elle permet d\u2019ouvrir et de fermer les trappes de poulailler en fonction de la lumi\u00e8re du jour ou de l\u2019heure et peut \u00eatre aliment\u00e9e par des piles ou par un cordon d\u2019alimentation au secteur. pour l\u2019ouverture et la fermeture [&hellip;]<\/p>\n","protected":false},"featured_media":34688,"comment_status":"closed","ping_status":"closed","template":"","meta":[],"product_brand":[],"product_cat":[33,81],"product_tag":[],"class_list":{"0":"post-34687","1":"product","2":"type-product","3":"status-publish","4":"has-post-thumbnail","6":"product_cat-accessoires","7":"product_cat-portes-securite","8":"product_shipping_class-livraison-de-tous-les-produits-a-lexception-des-poulaillers","10":"first","11":"instock","12":"taxable","13":"shipping-taxable","14":"purchasable","15":"product-type-simple"},"_links":{"self":[{"href":"https:\/\/suissepoulailler.ch\/de\/wp-json\/wp\/v2\/product\/34687","targetHints":{"allow":["GET"]}}],"collection":[{"href":"https:\/\/suissepoulailler.ch\/de\/wp-json\/wp\/v2\/product"}],"about":[{"href":"https:\/\/suissepoulailler.ch\/de\/wp-json\/wp\/v2\/types\/product"}],"replies":[{"embeddable":true,"href":"https:\/\/suissepoulailler.ch\/de\/wp-json\/wp\/v2\/comments?post=34687"}],"version-history":[{"count":1,"href":"https:\/\/suissepoulailler.ch\/de\/wp-json\/wp\/v2\/product\/34687\/revisions"}],"predecessor-version":[{"id":34689,"href":"https:\/\/suissepoulailler.ch\/de\/wp-json\/wp\/v2\/product\/34687\/revisions\/34689"}],"wp:featuredmedia":[{"embeddable":true,"href":"https:\/\/suissepoulailler.ch\/de\/wp-json\/wp\/v2\/media\/34688"}],"wp:attachment":[{"href":"https:\/\/suissepoulailler.ch\/de\/wp-json\/wp\/v2\/media?parent=34687"}],"wp:term":[{"taxonomy":"product_brand","embeddable":true,"href":"https:\/\/suissepoulailler.ch\/de\/wp-json\/wp\/v2\/product_brand?post=34687"},{"taxonomy":"product_cat","embeddable":true,"href":"https:\/\/suissepoulailler.ch\/de\/wp-json\/wp\/v2\/product_cat?post=34687"},{"taxonomy":"product_tag","embeddable":true,"href":"https:\/\/suissepoulailler.ch\/de\/wp-json\/wp\/v2\/product_tag?post=34687"}],"curies":[{"name":"wp","href":"https:\/\/api.w.org\/{rel}","templated":true}]}}