{"id":34676,"date":"2024-04-16T18:13:14","date_gmt":"2024-04-16T16:13:14","guid":{"rendered":"https:\/\/suissepoulailler.ch\/?post_type=product&#038;p=34676"},"modified":"2025-09-02T22:07:26","modified_gmt":"2025-09-02T20:07:26","slug":"nichoir","status":"publish","type":"product","link":"https:\/\/suissepoulailler.ch\/de\/produits\/accessoires\/soin\/nichoir\/","title":{"rendered":"Nichoir"},"content":{"rendered":"<ul>\n<li class=\"smlP\">nichoir en forme d\u2019auge offrant un confort optimal pendant le ponte<\/li>\n<li class=\"smlP\">les \u0153ufs sont dirig\u00e9s vers le volet d\u2019inspection avec pr\u00e9caution<\/li>\n<li>Ce nichoir est sp\u00e9cialement pr\u00e9vue pour notre pondoir double<\/li>\n<li>vendu \u00e0 l&rsquo;unit\u00e9<\/li>\n<\/ul>","protected":false},"excerpt":{"rendered":"<p>nichoir en forme d\u2019auge offrant un confort optimal pendant le ponte les \u0153ufs sont dirig\u00e9s vers le volet d\u2019inspection avec pr\u00e9caution Ce nichoir est sp\u00e9cialement pr\u00e9vue pour notre pondoir double vendu \u00e0 l&rsquo;unit\u00e9<\/p>","protected":false},"featured_media":34678,"comment_status":"closed","ping_status":"closed","template":"","meta":[],"product_brand":[],"product_cat":[33,61,93],"product_tag":[],"class_list":{"0":"post-34676","1":"product","2":"type-product","3":"status-publish","4":"has-post-thumbnail","6":"product_cat-accessoires","7":"product_cat-soin","8":"product_cat-supports","9":"product_shipping_class-livraison-de-tous-les-produits-a-lexception-des-poulaillers","10":"aux-has-gallery","12":"first","13":"onbackorder","14":"taxable","15":"shipping-taxable","16":"purchasable","17":"product-type-simple"},"_links":{"self":[{"href":"https:\/\/suissepoulailler.ch\/de\/wp-json\/wp\/v2\/product\/34676","targetHints":{"allow":["GET"]}}],"collection":[{"href":"https:\/\/suissepoulailler.ch\/de\/wp-json\/wp\/v2\/product"}],"about":[{"href":"https:\/\/suissepoulailler.ch\/de\/wp-json\/wp\/v2\/types\/product"}],"replies":[{"embeddable":true,"href":"https:\/\/suissepoulailler.ch\/de\/wp-json\/wp\/v2\/comments?post=34676"}],"version-history":[{"count":1,"href":"https:\/\/suissepoulailler.ch\/de\/wp-json\/wp\/v2\/product\/34676\/revisions"}],"predecessor-version":[{"id":34682,"href":"https:\/\/suissepoulailler.ch\/de\/wp-json\/wp\/v2\/product\/34676\/revisions\/34682"}],"wp:featuredmedia":[{"embeddable":true,"href":"https:\/\/suissepoulailler.ch\/de\/wp-json\/wp\/v2\/media\/34678"}],"wp:attachment":[{"href":"https:\/\/suissepoulailler.ch\/de\/wp-json\/wp\/v2\/media?parent=34676"}],"wp:term":[{"taxonomy":"product_brand","embeddable":true,"href":"https:\/\/suissepoulailler.ch\/de\/wp-json\/wp\/v2\/product_brand?post=34676"},{"taxonomy":"product_cat","embeddable":true,"href":"https:\/\/suissepoulailler.ch\/de\/wp-json\/wp\/v2\/product_cat?post=34676"},{"taxonomy":"product_tag","embeddable":true,"href":"https:\/\/suissepoulailler.ch\/de\/wp-json\/wp\/v2\/product_tag?post=34676"}],"curies":[{"name":"wp","href":"https:\/\/api.w.org\/{rel}","templated":true}]}}