{"id":34412,"date":"2024-03-06T07:23:31","date_gmt":"2024-03-06T06:23:31","guid":{"rendered":"https:\/\/suissepoulailler.ch\/?post_type=product&#038;p=34412"},"modified":"2026-04-27T11:46:01","modified_gmt":"2026-04-27T09:46:01","slug":"2820-aliment-complet-pour-pondeuses","status":"publish","type":"product","link":"https:\/\/suissepoulailler.ch\/de\/produits\/accessoires\/complements-alimentaire\/2820-aliment-complet-pour-pondeuses\/","title":{"rendered":"2820 Aliment complet pour pondeuses"},"content":{"rendered":"<p>Aliment complet homog\u00e8ne et de haute qualit\u00e9 pour des exigences \u00e9lev\u00e9es en mati\u00e8re de performances et de sant\u00e9 chez les poules pondeuses. Mettre \u00e0 disposition en libre-service.<\/p>\n<ul>\n<li class=\"advantage\">Approvisionne les pondeuses en fonction de leurs besoins<\/li>\n<li class=\"advantage\">Ne n\u00e9cessite pas d\u2019apport suppl\u00e9mentaire en grains<\/li>\n<li>Sac de 25 kg<\/li>\n<li>retrait disponible dans notre d\u00e9p\u00f4t \u00e0 Bossonnens<\/li>\n<\/ul>","protected":false},"excerpt":{"rendered":"<p>Aliment complet homog\u00e8ne et de haute qualit\u00e9 pour des exigences \u00e9lev\u00e9es en mati\u00e8re de performances et de sant\u00e9 chez les poules pondeuses. Mettre \u00e0 disposition en libre-service.<\/p>","protected":false},"featured_media":34413,"comment_status":"closed","ping_status":"closed","template":"","meta":[],"product_brand":[],"product_cat":[60,61],"product_tag":[],"class_list":{"0":"post-34412","1":"product","2":"type-product","3":"status-publish","4":"has-post-thumbnail","6":"product_cat-complements-alimentaire","7":"product_cat-soin","8":"product_shipping_class-livraison-poulaillers","10":"first","11":"instock","12":"taxable","13":"shipping-taxable","14":"purchasable","15":"product-type-simple"},"_links":{"self":[{"href":"https:\/\/suissepoulailler.ch\/de\/wp-json\/wp\/v2\/product\/34412","targetHints":{"allow":["GET"]}}],"collection":[{"href":"https:\/\/suissepoulailler.ch\/de\/wp-json\/wp\/v2\/product"}],"about":[{"href":"https:\/\/suissepoulailler.ch\/de\/wp-json\/wp\/v2\/types\/product"}],"replies":[{"embeddable":true,"href":"https:\/\/suissepoulailler.ch\/de\/wp-json\/wp\/v2\/comments?post=34412"}],"version-history":[{"count":1,"href":"https:\/\/suissepoulailler.ch\/de\/wp-json\/wp\/v2\/product\/34412\/revisions"}],"predecessor-version":[{"id":34414,"href":"https:\/\/suissepoulailler.ch\/de\/wp-json\/wp\/v2\/product\/34412\/revisions\/34414"}],"wp:featuredmedia":[{"embeddable":true,"href":"https:\/\/suissepoulailler.ch\/de\/wp-json\/wp\/v2\/media\/34413"}],"wp:attachment":[{"href":"https:\/\/suissepoulailler.ch\/de\/wp-json\/wp\/v2\/media?parent=34412"}],"wp:term":[{"taxonomy":"product_brand","embeddable":true,"href":"https:\/\/suissepoulailler.ch\/de\/wp-json\/wp\/v2\/product_brand?post=34412"},{"taxonomy":"product_cat","embeddable":true,"href":"https:\/\/suissepoulailler.ch\/de\/wp-json\/wp\/v2\/product_cat?post=34412"},{"taxonomy":"product_tag","embeddable":true,"href":"https:\/\/suissepoulailler.ch\/de\/wp-json\/wp\/v2\/product_tag?post=34412"}],"curies":[{"name":"wp","href":"https:\/\/api.w.org\/{rel}","templated":true}]}}