{"id":34382,"date":"2024-03-01T10:37:40","date_gmt":"2024-03-01T09:37:40","guid":{"rendered":"https:\/\/suissepoulailler.ch\/?post_type=product&#038;p=34382"},"modified":"2025-07-29T07:40:23","modified_gmt":"2025-07-29T05:40:23","slug":"pondoir-mural-avec-reservoir","status":"publish","type":"product","link":"https:\/\/suissepoulailler.ch\/de\/produits\/accessoires\/pondoir-mural-avec-reservoir\/","title":{"rendered":"Pondoir mural avec r\u00e9servoir"},"content":{"rendered":"<p>Joli pondoir couleur vert-jade, \u00e0 suspendre \u00e0 la cloison du poulailler.<\/p>\n<p>Plancher inclin\u00e9 pour laisser les \u0153ufs rouler vers l&rsquo;avant et les garder \u00e0 l&rsquo;abri.<\/p>\n<p>&nbsp;<\/p>\n<p>Dimensions: L 38,5 x P 47,5 x H 44 cm.<\/p>","protected":false},"excerpt":{"rendered":"<p>Joli pondoir couleur vert-jade, \u00e0 suspendre \u00e0 la cloison du poulailler. Plancher inclin\u00e9 pour laisser les \u0153ufs rouler vers l&rsquo;avant et les garder \u00e0 l&rsquo;abri. &nbsp; Dimensions: L 38,5 x P 47,5 x H 44 cm.<\/p>","protected":false},"featured_media":34383,"comment_status":"closed","ping_status":"closed","template":"","meta":[],"product_brand":[],"product_cat":[33],"product_tag":[],"class_list":{"0":"post-34382","1":"product","2":"type-product","3":"status-publish","4":"has-post-thumbnail","6":"product_cat-accessoires","7":"product_shipping_class-livraison-de-tous-les-produits-a-lexception-des-poulaillers","8":"aux-has-gallery","10":"first","11":"instock","12":"taxable","13":"shipping-taxable","14":"purchasable","15":"product-type-simple"},"_links":{"self":[{"href":"https:\/\/suissepoulailler.ch\/de\/wp-json\/wp\/v2\/product\/34382","targetHints":{"allow":["GET"]}}],"collection":[{"href":"https:\/\/suissepoulailler.ch\/de\/wp-json\/wp\/v2\/product"}],"about":[{"href":"https:\/\/suissepoulailler.ch\/de\/wp-json\/wp\/v2\/types\/product"}],"replies":[{"embeddable":true,"href":"https:\/\/suissepoulailler.ch\/de\/wp-json\/wp\/v2\/comments?post=34382"}],"version-history":[{"count":1,"href":"https:\/\/suissepoulailler.ch\/de\/wp-json\/wp\/v2\/product\/34382\/revisions"}],"predecessor-version":[{"id":34385,"href":"https:\/\/suissepoulailler.ch\/de\/wp-json\/wp\/v2\/product\/34382\/revisions\/34385"}],"wp:featuredmedia":[{"embeddable":true,"href":"https:\/\/suissepoulailler.ch\/de\/wp-json\/wp\/v2\/media\/34383"}],"wp:attachment":[{"href":"https:\/\/suissepoulailler.ch\/de\/wp-json\/wp\/v2\/media?parent=34382"}],"wp:term":[{"taxonomy":"product_brand","embeddable":true,"href":"https:\/\/suissepoulailler.ch\/de\/wp-json\/wp\/v2\/product_brand?post=34382"},{"taxonomy":"product_cat","embeddable":true,"href":"https:\/\/suissepoulailler.ch\/de\/wp-json\/wp\/v2\/product_cat?post=34382"},{"taxonomy":"product_tag","embeddable":true,"href":"https:\/\/suissepoulailler.ch\/de\/wp-json\/wp\/v2\/product_tag?post=34382"}],"curies":[{"name":"wp","href":"https:\/\/api.w.org\/{rel}","templated":true}]}}