{"id":34227,"date":"2024-02-16T16:13:10","date_gmt":"2024-02-16T15:13:10","guid":{"rendered":"https:\/\/suissepoulailler.ch\/?post_type=product&#038;p=34227"},"modified":"2026-04-06T18:20:36","modified_gmt":"2026-04-06T16:20:36","slug":"poule-blanche-leghorn","status":"publish","type":"product","link":"https:\/\/suissepoulailler.ch\/de\/produits\/volailles\/poule-blanche-leghorn\/","title":{"rendered":"Poule Blanche (Leghorn)"},"content":{"rendered":"<p><strong>Pour les commandes de moins de 50 poules :<\/strong><\/p>\n<p>&nbsp;<\/p>\n<p>Retrait sur place uniquement \u00e0 notre poulailler. <a href=\"#popmake-34129\">Cliquez ici<\/a> pour visualiser les dates de retrait possibles (un samedi par mois) ainsi que l&rsquo;adresse de notre poulailler et nos horaires.<\/p>\n<p>&nbsp;<\/p>\n<p><strong>Pour les commandes de plus de 50 poules :<\/strong><\/p>\n<p>&nbsp;<\/p>\n<p>Retrait sur place \u00e0 notre poulailler (<em><a href=\"#popmake-34129\">Cliquez ici<\/a> pour visualiser les dates de retrait possibles ainsi que l&rsquo;adresse de notre poulailler<\/em>). La livraison est \u00e9galement possible dans les cantons de Fribourg, Vaud et Jura. Veuillez svp nous contacter via le <a href=\"https:\/\/suissepoulailler.ch\/de\/contact-2\/\" target=\"_blank\" rel=\"noopener\">formulaire de contact<\/a> pour ce type de commande.<\/p>\n<p>&nbsp;<\/p>\n<p><strong>Rappel des caract\u00e9ristiques de cette poule :<\/strong><\/p>\n<p>&nbsp;<\/p>\n<p>&#8211; Race de ponte tr\u00e8s connue, peu d&rsquo;exigences particuli\u00e8res quant \u00e0 leur \u00e9levage ou \u00e0 leur nourriture<\/p>\n<p>&#8211; Volatile capable de franchir certains obstacles et de parfois dormir dans les arbres<\/p>\n<p>&#8211; Oeufs de couleur blanche<\/p>\n<p>&nbsp;<\/p>\n<p>Prochain retrait des commandes: 7.03.2026 de 8 h \u00e0 11 heure<\/p>","protected":false},"excerpt":{"rendered":"<p>&nbsp;<\/p>\n<p><span style=\"text-decoration: underline\"><strong>Avant de proc\u00e9der \u00e0 la commande : <\/strong><\/span><\/p>\n<p><strong>Veuillez svp prendre connaissance des modalit\u00e9s de livraison dans la description plus bas dans la fiche produit<\/strong><\/p>\n<p>&nbsp;<\/p>\n<p><strong>Caract\u00e9ristiques :<\/strong><\/p>\n<p>&#8211; Race de ponte tr\u00e8s connue, peu d&rsquo;exigences particuli\u00e8res quant \u00e0 leur \u00e9levage ou \u00e0 leur nourriture<\/p>\n<p>&#8211; Volatile capable de franchir certains obstacles et de parfois dormir dans les arbres<\/p>\n<p>&#8211; Oeufs de couleur blanche<\/p>\n<p>&nbsp;<\/p>","protected":false},"featured_media":34228,"comment_status":"closed","ping_status":"closed","template":"","meta":[],"product_brand":[],"product_cat":[91],"product_tag":[],"class_list":{"0":"post-34227","1":"product","2":"type-product","3":"status-publish","4":"has-post-thumbnail","6":"product_cat-volailles","8":"first","9":"outofstock","10":"taxable","11":"shipping-taxable","12":"purchasable","13":"product-type-simple"},"_links":{"self":[{"href":"https:\/\/suissepoulailler.ch\/de\/wp-json\/wp\/v2\/product\/34227","targetHints":{"allow":["GET"]}}],"collection":[{"href":"https:\/\/suissepoulailler.ch\/de\/wp-json\/wp\/v2\/product"}],"about":[{"href":"https:\/\/suissepoulailler.ch\/de\/wp-json\/wp\/v2\/types\/product"}],"replies":[{"embeddable":true,"href":"https:\/\/suissepoulailler.ch\/de\/wp-json\/wp\/v2\/comments?post=34227"}],"version-history":[{"count":10,"href":"https:\/\/suissepoulailler.ch\/de\/wp-json\/wp\/v2\/product\/34227\/revisions"}],"predecessor-version":[{"id":37093,"href":"https:\/\/suissepoulailler.ch\/de\/wp-json\/wp\/v2\/product\/34227\/revisions\/37093"}],"wp:featuredmedia":[{"embeddable":true,"href":"https:\/\/suissepoulailler.ch\/de\/wp-json\/wp\/v2\/media\/34228"}],"wp:attachment":[{"href":"https:\/\/suissepoulailler.ch\/de\/wp-json\/wp\/v2\/media?parent=34227"}],"wp:term":[{"taxonomy":"product_brand","embeddable":true,"href":"https:\/\/suissepoulailler.ch\/de\/wp-json\/wp\/v2\/product_brand?post=34227"},{"taxonomy":"product_cat","embeddable":true,"href":"https:\/\/suissepoulailler.ch\/de\/wp-json\/wp\/v2\/product_cat?post=34227"},{"taxonomy":"product_tag","embeddable":true,"href":"https:\/\/suissepoulailler.ch\/de\/wp-json\/wp\/v2\/product_tag?post=34227"}],"curies":[{"name":"wp","href":"https:\/\/api.w.org\/{rel}","templated":true}]}}