{"id":34173,"date":"2024-02-15T16:17:41","date_gmt":"2024-02-15T15:17:41","guid":{"rendered":"https:\/\/suissepoulailler.ch\/?post_type=product&#038;p=34173"},"modified":"2026-03-19T10:21:33","modified_gmt":"2026-03-19T09:21:33","slug":"kit-dinitiation-poules-recycle","status":"publish","type":"product","link":"https:\/\/suissepoulailler.ch\/de\/produits\/accessoires\/abreuvoirs\/kit-dinitiation-poules-recycle\/","title":{"rendered":"KIT D&rsquo;INITIATION POULES (RECYCL\u00c9)"},"content":{"rendered":"<p>Choisissez ce kit \u00e9cologique pour \u00e9quiper votre poulailler\u00a0: il est constitu\u00e9 d\u2019un abreuvoir et d\u2019une mangeoire en plastique recycl\u00e9. Il sera\u00a0<strong>parfait pour un \u00e9levage de 5 \u00e0 6 poules<\/strong>.<\/p>\n<p>&nbsp;<\/p>\n<h2><strong>Des accessoires \u00e9cologiques fabriqu\u00e9s avec du plastique alimentaire recycl\u00e9<\/strong><\/h2>\n<p>Vous trouverez dans la gamme Eco de Gaun\u00a0toute une s\u00e9lection d\u2019accessoires pour poulaillers fabriqu\u00e9s en plastique recycl\u00e9. Il s\u2019agit de plastique alimentaire r\u00e9utilis\u00e9.<\/p>\n<p>Lors de la conception des articles, c\u2019est une \u00e9conomie d\u2019\u00e9nergie de 66%\u00a0<em><strong>et une baisse de 15% de la production de CO2<\/strong><\/em>\u00a0qui sont r\u00e9alis\u00e9es, compar\u00e9 \u00e0 des accessoires classiques.<\/p>\n<p>Cette d\u00e9marche \u00e9cocitoyenne permet ainsi de\u00a0participer \u00e0 la r\u00e9duction de nos d\u00e9chets.<\/p>\n<p>Ecologiques, ces r\u00e9cipients sont \u00e9galement\u00a0parfaitement adapt\u00e9s \u00e0 une utilisation avec des volailles.<\/p>\n<h2><strong>Contenu du kit\u00a0:<\/strong><\/h2>\n<ul>\n<li>1 abreuvoir eco 5 ltr<\/li>\n<li>1 tr\u00e9mie plastique eco de 4 kg<\/li>\n<li>1 pondoir plastique avec cuvette<\/li>\n<\/ul>","protected":false},"excerpt":{"rendered":"<p>Choisissez ce kit \u00e9cologique pour \u00e9quiper votre poulailler\u00a0: il est constitu\u00e9 d\u2019un abreuvoir et d\u2019une mangeoire en plastique recycl\u00e9. Il sera\u00a0parfait pour un \u00e9levage de 5 \u00e0 6 poules. &nbsp; Des accessoires \u00e9cologiques fabriqu\u00e9s avec du plastique alimentaire recycl\u00e9 Vous trouverez dans la gamme Eco de Gaun\u00a0toute une s\u00e9lection d\u2019accessoires pour poulaillers fabriqu\u00e9s en plastique [&hellip;]<\/p>\n","protected":false},"featured_media":34174,"comment_status":"closed","ping_status":"closed","template":"","meta":[],"product_brand":[],"product_cat":[59,33,58],"product_tag":[],"class_list":{"0":"post-34173","1":"product","2":"type-product","3":"status-publish","4":"has-post-thumbnail","6":"product_cat-abreuvoirs","7":"product_cat-accessoires","8":"product_cat-mangeoires","10":"first","11":"outofstock","12":"taxable","13":"shipping-taxable","14":"purchasable","15":"product-type-simple"},"_links":{"self":[{"href":"https:\/\/suissepoulailler.ch\/de\/wp-json\/wp\/v2\/product\/34173","targetHints":{"allow":["GET"]}}],"collection":[{"href":"https:\/\/suissepoulailler.ch\/de\/wp-json\/wp\/v2\/product"}],"about":[{"href":"https:\/\/suissepoulailler.ch\/de\/wp-json\/wp\/v2\/types\/product"}],"replies":[{"embeddable":true,"href":"https:\/\/suissepoulailler.ch\/de\/wp-json\/wp\/v2\/comments?post=34173"}],"version-history":[{"count":1,"href":"https:\/\/suissepoulailler.ch\/de\/wp-json\/wp\/v2\/product\/34173\/revisions"}],"predecessor-version":[{"id":34175,"href":"https:\/\/suissepoulailler.ch\/de\/wp-json\/wp\/v2\/product\/34173\/revisions\/34175"}],"wp:featuredmedia":[{"embeddable":true,"href":"https:\/\/suissepoulailler.ch\/de\/wp-json\/wp\/v2\/media\/34174"}],"wp:attachment":[{"href":"https:\/\/suissepoulailler.ch\/de\/wp-json\/wp\/v2\/media?parent=34173"}],"wp:term":[{"taxonomy":"product_brand","embeddable":true,"href":"https:\/\/suissepoulailler.ch\/de\/wp-json\/wp\/v2\/product_brand?post=34173"},{"taxonomy":"product_cat","embeddable":true,"href":"https:\/\/suissepoulailler.ch\/de\/wp-json\/wp\/v2\/product_cat?post=34173"},{"taxonomy":"product_tag","embeddable":true,"href":"https:\/\/suissepoulailler.ch\/de\/wp-json\/wp\/v2\/product_tag?post=34173"}],"curies":[{"name":"wp","href":"https:\/\/api.w.org\/{rel}","templated":true}]}}