{"id":34170,"date":"2024-02-15T16:09:05","date_gmt":"2024-02-15T15:09:05","guid":{"rendered":"https:\/\/suissepoulailler.ch\/?post_type=product&#038;p=34170"},"modified":"2026-04-25T14:01:30","modified_gmt":"2026-04-25T12:01:30","slug":"tremie-plastique-volailles-4-kg-avec-pieds-et-couvercle-vert-lime","status":"publish","type":"product","link":"https:\/\/suissepoulailler.ch\/de\/produits\/accessoires\/mangeoires\/tremie-plastique-volailles-4-kg-avec-pieds-et-couvercle-vert-lime\/","title":{"rendered":"TR\u00c9MIE PLASTIQUE VOLAILLES 4 KG. AVEC PIEDS ET COUVERCLE (VERT LIME)"},"content":{"rendered":"<p>Le nourrisseur \u00e0 tr\u00e9mie\u00a0 est id\u00e9al pour l&rsquo;\u00e9levage de volaille ou d&rsquo;autres animaux de basse-cour.<\/p>\n<p>En plastique, il est tr\u00e8s simple \u00e0 nettoyer et se transporte facilement.<br \/>\nCette mangeoire dispose d\u2019un couvercle en plastique qui \u00e9vitera le grain mouill\u00e9, et vous fera faire des \u00e9conomies !<\/p>\n<p>Sa capacit\u00e9 de 4 kg vous permet de nourrir vos poules et poussins.<\/p>","protected":false},"excerpt":{"rendered":"<p>Le nourrisseur \u00e0 tr\u00e9mie\u00a0 est id\u00e9al pour l&rsquo;\u00e9levage de volaille ou d&rsquo;autres animaux de basse-cour. En plastique, il est tr\u00e8s simple \u00e0 nettoyer et se transporte facilement. Cette mangeoire dispose d\u2019un couvercle en plastique qui \u00e9vitera le grain mouill\u00e9, et vous fera faire des \u00e9conomies ! Sa capacit\u00e9 de 4 kg vous permet de nourrir [&hellip;]<\/p>\n","protected":false},"featured_media":34171,"comment_status":"closed","ping_status":"closed","template":"","meta":[],"product_brand":[],"product_cat":[33,58],"product_tag":[],"class_list":{"0":"post-34170","1":"product","2":"type-product","3":"status-publish","4":"has-post-thumbnail","6":"product_cat-accessoires","7":"product_cat-mangeoires","8":"product_shipping_class-livraison-de-tous-les-produits-a-lexception-des-poulaillers","10":"first","11":"instock","12":"taxable","13":"shipping-taxable","14":"purchasable","15":"product-type-simple"},"_links":{"self":[{"href":"https:\/\/suissepoulailler.ch\/de\/wp-json\/wp\/v2\/product\/34170","targetHints":{"allow":["GET"]}}],"collection":[{"href":"https:\/\/suissepoulailler.ch\/de\/wp-json\/wp\/v2\/product"}],"about":[{"href":"https:\/\/suissepoulailler.ch\/de\/wp-json\/wp\/v2\/types\/product"}],"replies":[{"embeddable":true,"href":"https:\/\/suissepoulailler.ch\/de\/wp-json\/wp\/v2\/comments?post=34170"}],"version-history":[{"count":1,"href":"https:\/\/suissepoulailler.ch\/de\/wp-json\/wp\/v2\/product\/34170\/revisions"}],"predecessor-version":[{"id":34172,"href":"https:\/\/suissepoulailler.ch\/de\/wp-json\/wp\/v2\/product\/34170\/revisions\/34172"}],"wp:featuredmedia":[{"embeddable":true,"href":"https:\/\/suissepoulailler.ch\/de\/wp-json\/wp\/v2\/media\/34171"}],"wp:attachment":[{"href":"https:\/\/suissepoulailler.ch\/de\/wp-json\/wp\/v2\/media?parent=34170"}],"wp:term":[{"taxonomy":"product_brand","embeddable":true,"href":"https:\/\/suissepoulailler.ch\/de\/wp-json\/wp\/v2\/product_brand?post=34170"},{"taxonomy":"product_cat","embeddable":true,"href":"https:\/\/suissepoulailler.ch\/de\/wp-json\/wp\/v2\/product_cat?post=34170"},{"taxonomy":"product_tag","embeddable":true,"href":"https:\/\/suissepoulailler.ch\/de\/wp-json\/wp\/v2\/product_tag?post=34170"}],"curies":[{"name":"wp","href":"https:\/\/api.w.org\/{rel}","templated":true}]}}