{"id":34167,"date":"2024-02-15T15:57:45","date_gmt":"2024-02-15T14:57:45","guid":{"rendered":"https:\/\/suissepoulailler.ch\/?post_type=product&#038;p=34167"},"modified":"2025-05-01T21:36:40","modified_gmt":"2025-05-01T19:36:40","slug":"kit-dinitiation-poussins","status":"publish","type":"product","link":"https:\/\/suissepoulailler.ch\/de\/produits\/accessoires\/abreuvoirs\/kit-dinitiation-poussins\/","title":{"rendered":"KIT D&rsquo;INITIATION POUSSINS"},"content":{"rendered":"<p>le kit comprend<\/p>\n<ul>\n<li>1 abreuvoir<\/li>\n<li>1 mangeoire<\/li>\n<li>1 mangeoire lin\u00e9aire au sol 30 cm<\/li>\n<li>1 \u00e9leveuse \u00e9lectrique en aluminium et son ampoule<\/li>\n<\/ul>\n<p>Dans ce kit de d\u00e9marrage pour poussins, vous trouverez les \u00e9l\u00e9ments essentiel pour profiter de ce passe temps divertissants.<\/p>","protected":false},"excerpt":{"rendered":"<p>le kit comprend 1 abreuvoir 1 mangeoire 1 mangeoire lin\u00e9aire au sol 30 cm 1 \u00e9leveuse \u00e9lectrique en aluminium et son ampoule Dans ce kit de d\u00e9marrage pour poussins, vous trouverez les \u00e9l\u00e9ments essentiel pour profiter de ce passe temps divertissants.<\/p>","protected":false},"featured_media":34168,"comment_status":"closed","ping_status":"closed","template":"","meta":[],"product_brand":[],"product_cat":[59,33,58],"product_tag":[],"class_list":{"0":"post-34167","1":"product","2":"type-product","3":"status-publish","4":"has-post-thumbnail","6":"product_cat-abreuvoirs","7":"product_cat-accessoires","8":"product_cat-mangeoires","10":"first","11":"outofstock","12":"sale","13":"taxable","14":"shipping-taxable","15":"purchasable","16":"product-type-simple"},"_links":{"self":[{"href":"https:\/\/suissepoulailler.ch\/de\/wp-json\/wp\/v2\/product\/34167","targetHints":{"allow":["GET"]}}],"collection":[{"href":"https:\/\/suissepoulailler.ch\/de\/wp-json\/wp\/v2\/product"}],"about":[{"href":"https:\/\/suissepoulailler.ch\/de\/wp-json\/wp\/v2\/types\/product"}],"replies":[{"embeddable":true,"href":"https:\/\/suissepoulailler.ch\/de\/wp-json\/wp\/v2\/comments?post=34167"}],"version-history":[{"count":1,"href":"https:\/\/suissepoulailler.ch\/de\/wp-json\/wp\/v2\/product\/34167\/revisions"}],"predecessor-version":[{"id":34169,"href":"https:\/\/suissepoulailler.ch\/de\/wp-json\/wp\/v2\/product\/34167\/revisions\/34169"}],"wp:featuredmedia":[{"embeddable":true,"href":"https:\/\/suissepoulailler.ch\/de\/wp-json\/wp\/v2\/media\/34168"}],"wp:attachment":[{"href":"https:\/\/suissepoulailler.ch\/de\/wp-json\/wp\/v2\/media?parent=34167"}],"wp:term":[{"taxonomy":"product_brand","embeddable":true,"href":"https:\/\/suissepoulailler.ch\/de\/wp-json\/wp\/v2\/product_brand?post=34167"},{"taxonomy":"product_cat","embeddable":true,"href":"https:\/\/suissepoulailler.ch\/de\/wp-json\/wp\/v2\/product_cat?post=34167"},{"taxonomy":"product_tag","embeddable":true,"href":"https:\/\/suissepoulailler.ch\/de\/wp-json\/wp\/v2\/product_tag?post=34167"}],"curies":[{"name":"wp","href":"https:\/\/api.w.org\/{rel}","templated":true}]}}