{"id":34161,"date":"2024-02-15T15:28:39","date_gmt":"2024-02-15T14:28:39","guid":{"rendered":"https:\/\/suissepoulailler.ch\/?post_type=product&#038;p=34161"},"modified":"2026-02-25T21:13:31","modified_gmt":"2026-02-25T20:13:31","slug":"abreuvoir-basculant-reservoir-tuyau","status":"publish","type":"product","link":"https:\/\/suissepoulailler.ch\/de\/produits\/accessoires\/abreuvoirs\/abreuvoir-basculant-reservoir-tuyau\/","title":{"rendered":"ABREUVOIR BASCULANT RESERVOIR \/ TUYAU"},"content":{"rendered":"<p>Abreuvoir flashy automatique \u00e0 niveau constant pour oiseaux de cage et poule.<br \/>\nLa poule bois, l&rsquo;abreuvoir se rempli.<br \/>\nS&rsquo;ins\u00e8re dans tout type de cage par clipsage.<br \/>\nS&rsquo;utilise avec un r\u00e9servoir d&rsquo;eau.<br \/>\nRapide d&rsquo;installation, facile d&rsquo;utilisation, d&rsquo;entretien et de nettoyage.<br \/>\nVendu \u00e0 l&rsquo;unit\u00e9.<\/p>","protected":false},"excerpt":{"rendered":"<p>Abreuvoir flashy automatique \u00e0 niveau constant pour oiseaux de cage et poule. La poule bois, l&rsquo;abreuvoir se rempli. S&rsquo;ins\u00e8re dans tout type de cage par clipsage. S&rsquo;utilise avec un r\u00e9servoir d&rsquo;eau. Rapide d&rsquo;installation, facile d&rsquo;utilisation, d&rsquo;entretien et de nettoyage. Vendu \u00e0 l&rsquo;unit\u00e9.<\/p>","protected":false},"featured_media":34162,"comment_status":"closed","ping_status":"closed","template":"","meta":[],"product_brand":[],"product_cat":[59,33],"product_tag":[],"class_list":{"0":"post-34161","1":"product","2":"type-product","3":"status-publish","4":"has-post-thumbnail","6":"product_cat-abreuvoirs","7":"product_cat-accessoires","9":"first","10":"instock","11":"taxable","12":"shipping-taxable","13":"purchasable","14":"product-type-simple"},"_links":{"self":[{"href":"https:\/\/suissepoulailler.ch\/de\/wp-json\/wp\/v2\/product\/34161","targetHints":{"allow":["GET"]}}],"collection":[{"href":"https:\/\/suissepoulailler.ch\/de\/wp-json\/wp\/v2\/product"}],"about":[{"href":"https:\/\/suissepoulailler.ch\/de\/wp-json\/wp\/v2\/types\/product"}],"replies":[{"embeddable":true,"href":"https:\/\/suissepoulailler.ch\/de\/wp-json\/wp\/v2\/comments?post=34161"}],"version-history":[{"count":1,"href":"https:\/\/suissepoulailler.ch\/de\/wp-json\/wp\/v2\/product\/34161\/revisions"}],"predecessor-version":[{"id":34163,"href":"https:\/\/suissepoulailler.ch\/de\/wp-json\/wp\/v2\/product\/34161\/revisions\/34163"}],"wp:featuredmedia":[{"embeddable":true,"href":"https:\/\/suissepoulailler.ch\/de\/wp-json\/wp\/v2\/media\/34162"}],"wp:attachment":[{"href":"https:\/\/suissepoulailler.ch\/de\/wp-json\/wp\/v2\/media?parent=34161"}],"wp:term":[{"taxonomy":"product_brand","embeddable":true,"href":"https:\/\/suissepoulailler.ch\/de\/wp-json\/wp\/v2\/product_brand?post=34161"},{"taxonomy":"product_cat","embeddable":true,"href":"https:\/\/suissepoulailler.ch\/de\/wp-json\/wp\/v2\/product_cat?post=34161"},{"taxonomy":"product_tag","embeddable":true,"href":"https:\/\/suissepoulailler.ch\/de\/wp-json\/wp\/v2\/product_tag?post=34161"}],"curies":[{"name":"wp","href":"https:\/\/api.w.org\/{rel}","templated":true}]}}