{"id":33940,"date":"2023-11-26T09:24:52","date_gmt":"2023-11-26T08:24:52","guid":{"rendered":"https:\/\/suissepoulailler.ch\/?post_type=product&#038;p=33940"},"modified":"2024-10-08T12:29:12","modified_gmt":"2024-10-08T10:29:12","slug":"abreuvoir-seau-peint-12-l","status":"publish","type":"product","link":"https:\/\/suissepoulailler.ch\/de\/produits\/accessoires\/abreuvoirs\/abreuvoir-seau-peint-12-l\/","title":{"rendered":"ABREUVOIR SEAU PEINT 12 L."},"content":{"rendered":"<div class=\"elementor-element elementor-element-0da2ff6 elementor-widget elementor-widget-text-editor\" data-id=\"0da2ff6\" data-element_type=\"widget\" data-widget_type=\"text-editor.default\">\n<div class=\"elementor-widget-container\">\n<div class=\"elementor-text-editor elementor-clearfix\"><span data-sheets-value=\"{&quot;1&quot;:2,&quot;2&quot;:&quot;Abreuvoir en m\u00e9tal peint et en forme de seau. Il a la particularit\u00e9 de pouvoir se mettre \u00e0 plat et l'eau s\u00b4\u00e9coule \u00e0 niveau constant sans se renverser. Sa poign\u00e9e pratique le rend facile \u00e0 transporter. Couleur Bleu.&quot;}\" data-sheets-userformat=\"{&quot;2&quot;:8703,&quot;3&quot;:{&quot;1&quot;:0,&quot;3&quot;:1},&quot;4&quot;:{&quot;1&quot;:2,&quot;2&quot;:16776960},&quot;5&quot;:{&quot;1&quot;:[{&quot;1&quot;:2,&quot;2&quot;:0,&quot;5&quot;:{&quot;1&quot;:2,&quot;2&quot;:0}},{&quot;1&quot;:0,&quot;2&quot;:0,&quot;3&quot;:3},{&quot;1&quot;:1,&quot;2&quot;:0,&quot;4&quot;:1}]},&quot;6&quot;:{&quot;1&quot;:[{&quot;1&quot;:2,&quot;2&quot;:0,&quot;5&quot;:{&quot;1&quot;:2,&quot;2&quot;:0}},{&quot;1&quot;:0,&quot;2&quot;:0,&quot;3&quot;:3},{&quot;1&quot;:1,&quot;2&quot;:0,&quot;4&quot;:1}]},&quot;7&quot;:{&quot;1&quot;:[{&quot;1&quot;:2,&quot;2&quot;:0,&quot;5&quot;:{&quot;1&quot;:2,&quot;2&quot;:0}},{&quot;1&quot;:0,&quot;2&quot;:0,&quot;3&quot;:3},{&quot;1&quot;:1,&quot;2&quot;:0,&quot;4&quot;:1}]},&quot;8&quot;:{&quot;1&quot;:[{&quot;1&quot;:2,&quot;2&quot;:0,&quot;5&quot;:{&quot;1&quot;:2,&quot;2&quot;:0}},{&quot;1&quot;:0,&quot;2&quot;:0,&quot;3&quot;:3},{&quot;1&quot;:1,&quot;2&quot;:0,&quot;4&quot;:1}]},&quot;9&quot;:1,&quot;10&quot;:1,&quot;11&quot;:4,&quot;16&quot;:11}\">Abreuvoir en m\u00e9tal peint et en forme de seau. Il a la particularit\u00e9 de pouvoir se mettre \u00e0 plat et l\u2019eau s\u00b4\u00e9coule \u00e0 niveau constant sans se renverser. Sa poign\u00e9e pratique le rend facile \u00e0 transporter. Couleur Bleu.<\/span><\/div>\n<\/div>\n<\/div>\n<div class=\"elementor-element elementor-element-7d5f4f1 dimensiones elementor-widget elementor-widget-text-editor\" data-id=\"7d5f4f1\" data-element_type=\"widget\" data-widget_type=\"text-editor.default\">\n<div class=\"elementor-widget-container\">\n<div class=\"elementor-text-editor elementor-clearfix\">Dimensions : \u00d8325 X 310 h<\/div>\n<\/div>\n<div>Tr\u00e8s confortable et facile \u00e0 utiliser. Grande contenance et durabilit\u00e9. A niveau d\u2019eau constant. Fabriqu\u00e9 en mat\u00e9riau m\u00e9tallique non toxique.<\/div>\n<\/div>\n","protected":false},"excerpt":{"rendered":"<p>Abreuvoir en m\u00e9tal peint et en forme de seau. Il a la particularit\u00e9 de pouvoir se mettre \u00e0 plat et l\u2019eau s\u00b4\u00e9coule \u00e0 niveau constant sans se renverser. Sa poign\u00e9e pratique le rend facile \u00e0 transporter. Couleur Bleu. Dimensions : \u00d8325 X 310 h Tr\u00e8s confortable et facile \u00e0 utiliser. Grande contenance et durabilit\u00e9. A [&hellip;]<\/p>\n","protected":false},"featured_media":33941,"comment_status":"closed","ping_status":"closed","template":"","meta":[],"product_brand":[],"product_cat":[59],"product_tag":[],"class_list":{"0":"post-33940","1":"product","2":"type-product","3":"status-publish","4":"has-post-thumbnail","6":"product_cat-abreuvoirs","7":"product_shipping_class-livraison-de-tous-les-produits-a-lexception-des-poulaillers","9":"first","10":"instock","11":"taxable","12":"shipping-taxable","13":"purchasable","14":"product-type-simple"},"_links":{"self":[{"href":"https:\/\/suissepoulailler.ch\/de\/wp-json\/wp\/v2\/product\/33940","targetHints":{"allow":["GET"]}}],"collection":[{"href":"https:\/\/suissepoulailler.ch\/de\/wp-json\/wp\/v2\/product"}],"about":[{"href":"https:\/\/suissepoulailler.ch\/de\/wp-json\/wp\/v2\/types\/product"}],"replies":[{"embeddable":true,"href":"https:\/\/suissepoulailler.ch\/de\/wp-json\/wp\/v2\/comments?post=33940"}],"version-history":[{"count":2,"href":"https:\/\/suissepoulailler.ch\/de\/wp-json\/wp\/v2\/product\/33940\/revisions"}],"predecessor-version":[{"id":33944,"href":"https:\/\/suissepoulailler.ch\/de\/wp-json\/wp\/v2\/product\/33940\/revisions\/33944"}],"wp:featuredmedia":[{"embeddable":true,"href":"https:\/\/suissepoulailler.ch\/de\/wp-json\/wp\/v2\/media\/33941"}],"wp:attachment":[{"href":"https:\/\/suissepoulailler.ch\/de\/wp-json\/wp\/v2\/media?parent=33940"}],"wp:term":[{"taxonomy":"product_brand","embeddable":true,"href":"https:\/\/suissepoulailler.ch\/de\/wp-json\/wp\/v2\/product_brand?post=33940"},{"taxonomy":"product_cat","embeddable":true,"href":"https:\/\/suissepoulailler.ch\/de\/wp-json\/wp\/v2\/product_cat?post=33940"},{"taxonomy":"product_tag","embeddable":true,"href":"https:\/\/suissepoulailler.ch\/de\/wp-json\/wp\/v2\/product_tag?post=33940"}],"curies":[{"name":"wp","href":"https:\/\/api.w.org\/{rel}","templated":true}]}}