{"id":33400,"date":"2024-02-04T18:09:59","date_gmt":"2024-02-04T17:09:59","guid":{"rendered":"https:\/\/suissepoulailler.ch\/?post_type=product&#038;p=33400"},"modified":"2025-08-25T06:20:27","modified_gmt":"2025-08-25T04:20:27","slug":"hepator-250-ml-volyegg-250-ml-volystim-250-ml-lentypou-250-ml","status":"publish","type":"product","link":"https:\/\/suissepoulailler.ch\/de\/produits\/accessoires\/complements-alimentaire\/hepator-250-ml-volyegg-250-ml-volystim-250-ml-lentypou-250-ml\/","title":{"rendered":"Hepat\u2019Or 250 ml\/ VolyEgg 250 ml\/ VolyStim 250 ml\/LentyPou+ 250 ml"},"content":{"rendered":"<p>Le pack comprend 4 flacons de 250 Ml<strong>\u00a0<\/strong><\/p>\n<p><strong>Lentypou+<\/strong><\/p>\n<p><em>Produit professionnel utilis\u00e9 pour 50 millions<\/em><br \/>\n<em>de poules dans 30 pays<\/em><\/p>\n<ul>\n<li>Casse le cycle de vie du pou<\/li>\n<li>Adapt\u00e9 pour les poules et les oiseaux<\/li>\n<li>Pas de r\u00e9sistance du pou<\/li>\n<\/ul>\n<p><strong>Volystim<\/strong><\/p>\n<ul>\n<li>Optimise le fonctionnement des organes du<br \/>\nsyst\u00e8me immunitaire<\/li>\n<li>Am\u00e9liore leur r\u00e9activit\u00e9 en cas de maladie<br \/>\n\u00c0 base d&rsquo;Acerola, de lapacho et de Myrtilles<\/li>\n<li>Meilleure sant\u00e9, long\u00e9vit\u00e9 augment\u00e9e, meilleure<br \/>\nponte et am\u00e9lioration de la beaut\u00e9 du plumage<\/li>\n<\/ul>\n<p><strong>Volyegg<\/strong><\/p>\n<ul>\n<li>Aide le calcium \u00e0 se fixer<\/li>\n<li>Des \u0153ufs solides et de qualit\u00e9<\/li>\n<li>Moins de probl\u00e8mes d&rsquo;\u0153uf f\u00eal\u00e9s ou mou<\/li>\n<li>Contribue \u00e0 la formation d&rsquo;os solide<\/li>\n<\/ul>\n<p><strong>Hepat&rsquo;or<\/strong><\/p>\n<ul>\n<li>\u00c9limine les toxines des reins et du foie<\/li>\n<li>Action de r\u00e9g\u00e9n\u00e9ration du foie<\/li>\n<li>Pr\u00e9vient le probl\u00e8me de foie gras ou toute<br \/>\npathologie associ\u00e9e<\/li>\n<li>Permet une meilleure assimilation des autres<br \/>\nproduits<\/li>\n<li>Nettoie le corps de ses impuret\u00e9s<\/li>\n<\/ul>\n<p>&nbsp;<\/p>","protected":false},"excerpt":{"rendered":"<p>Le pack comprend 4 flacons de 250 Ml\u00a0 Lentypou+ Produit professionnel utilis\u00e9 pour 50 millions de poules dans 30 pays Casse le cycle de vie du pou Adapt\u00e9 pour les poules et les oiseaux Pas de r\u00e9sistance du pou Volystim Optimise le fonctionnement des organes du syst\u00e8me immunitaire Am\u00e9liore leur r\u00e9activit\u00e9 en cas de maladie [&hellip;]<\/p>\n","protected":false},"featured_media":33359,"comment_status":"closed","ping_status":"closed","template":"","meta":[],"product_brand":[],"product_cat":[60,61,20],"product_tag":[],"class_list":{"0":"post-33400","1":"product","2":"type-product","3":"status-publish","4":"has-post-thumbnail","6":"product_cat-complements-alimentaire","7":"product_cat-soin","8":"product_cat-uncategorized","9":"product_shipping_class-livraison-de-tous-les-produits-a-lexception-des-poulaillers","11":"first","12":"instock","13":"taxable","14":"shipping-taxable","15":"purchasable","16":"product-type-simple"},"_links":{"self":[{"href":"https:\/\/suissepoulailler.ch\/de\/wp-json\/wp\/v2\/product\/33400","targetHints":{"allow":["GET"]}}],"collection":[{"href":"https:\/\/suissepoulailler.ch\/de\/wp-json\/wp\/v2\/product"}],"about":[{"href":"https:\/\/suissepoulailler.ch\/de\/wp-json\/wp\/v2\/types\/product"}],"replies":[{"embeddable":true,"href":"https:\/\/suissepoulailler.ch\/de\/wp-json\/wp\/v2\/comments?post=33400"}],"version-history":[{"count":3,"href":"https:\/\/suissepoulailler.ch\/de\/wp-json\/wp\/v2\/product\/33400\/revisions"}],"predecessor-version":[{"id":35129,"href":"https:\/\/suissepoulailler.ch\/de\/wp-json\/wp\/v2\/product\/33400\/revisions\/35129"}],"wp:featuredmedia":[{"embeddable":true,"href":"https:\/\/suissepoulailler.ch\/de\/wp-json\/wp\/v2\/media\/33359"}],"wp:attachment":[{"href":"https:\/\/suissepoulailler.ch\/de\/wp-json\/wp\/v2\/media?parent=33400"}],"wp:term":[{"taxonomy":"product_brand","embeddable":true,"href":"https:\/\/suissepoulailler.ch\/de\/wp-json\/wp\/v2\/product_brand?post=33400"},{"taxonomy":"product_cat","embeddable":true,"href":"https:\/\/suissepoulailler.ch\/de\/wp-json\/wp\/v2\/product_cat?post=33400"},{"taxonomy":"product_tag","embeddable":true,"href":"https:\/\/suissepoulailler.ch\/de\/wp-json\/wp\/v2\/product_tag?post=33400"}],"curies":[{"name":"wp","href":"https:\/\/api.w.org\/{rel}","templated":true}]}}