{"id":33362,"date":"2023-09-27T09:30:52","date_gmt":"2023-09-27T07:30:52","guid":{"rendered":"https:\/\/suissepoulailler.ch\/?post_type=product&#038;p=33362"},"modified":"2026-03-07T17:48:43","modified_gmt":"2026-03-07T16:48:43","slug":"volyegg-250-ml","status":"publish","type":"product","link":"https:\/\/suissepoulailler.ch\/de\/produits\/accessoires\/complements-alimentaire\/volyegg-250-ml\/","title":{"rendered":"volyegg 250 Ml"},"content":{"rendered":"<p>Une coquille solide et de bonne qualit\u00e9 r\u00e9duit fortement le risque de d\u00e9classement et de perte. Il est donc important de maintenir la bonne fixation du calcium tout au long du lot afin d\u2019\u00e9carter ce risque. L\u2019aliment compl\u00e9mentaire naturel\u00a0<strong>VOLYEGG<\/strong>\u00a0favorise l\u2019assimilation et la valorisation du calcium apport\u00e9e par la ration.<\/p>\n<p>Les m\u00e9decines traditionnelles du monde entier sont bas\u00e9es en majeure partie sur les propri\u00e9t\u00e9s des plantes, et ce depuis des si\u00e8cles. De nos jours, ces utilisations ont \u00e9t\u00e9 confront\u00e9es \u00e0 de nombreuses \u00e9tudes scientifiques. L\u2019artichaut et le solidago pr\u00e9sents dans le\u00a0<strong>VOLYEGG<\/strong>\u00a0prot\u00e8gent et fortifient le foie et les reins. La pr\u00eale, l\u2019harpagophytum et la reine des pr\u00e9s ont des propri\u00e9t\u00e9s anti-rhumatiques reconnus, c\u2019est leur capacit\u00e9 min\u00e9ralisante qui sont valoris\u00e9s dans le\u00a0<strong>VOLYEGG<\/strong>\u00a0et soutiennent la solidification des coquilles d\u2019oeufs.<\/p>\n<ul>\n<li>Produit naturel<\/li>\n<li>Facilit\u00e9 d\u2019utilisation :\u00a0S\u2019utilise dans l\u2019eau de boisson (meilleure homog\u00e9n\u00e9it\u00e9)<\/li>\n<li>Absorption rapide dans l\u2019organisme<\/li>\n<li>Aucun effet secondaire<\/li>\n<li>Absence de r\u00e9sidus<\/li>\n<\/ul>","protected":false},"excerpt":{"rendered":"<p>Une coquille solide et de bonne qualit\u00e9 r\u00e9duit fortement le risque de d\u00e9classement et de perte. Il est donc important de maintenir la bonne fixation du calcium tout au long du lot afin d\u2019\u00e9carter ce risque. L\u2019aliment compl\u00e9mentaire naturel\u00a0VOLYEGG\u00a0favorise l\u2019assimilation et la valorisation du calcium apport\u00e9e par la ration. Les m\u00e9decines traditionnelles du monde entier [&hellip;]<\/p>\n","protected":false},"featured_media":33363,"comment_status":"closed","ping_status":"closed","template":"","meta":[],"product_brand":[],"product_cat":[33,60,61],"product_tag":[],"class_list":{"0":"post-33362","1":"product","2":"type-product","3":"status-publish","4":"has-post-thumbnail","6":"product_cat-accessoires","7":"product_cat-complements-alimentaire","8":"product_cat-soin","9":"product_shipping_class-livraison-de-tous-les-produits-a-lexception-des-poulaillers","10":"aux-has-gallery","12":"first","13":"instock","14":"taxable","15":"shipping-taxable","16":"purchasable","17":"product-type-simple"},"_links":{"self":[{"href":"https:\/\/suissepoulailler.ch\/de\/wp-json\/wp\/v2\/product\/33362","targetHints":{"allow":["GET"]}}],"collection":[{"href":"https:\/\/suissepoulailler.ch\/de\/wp-json\/wp\/v2\/product"}],"about":[{"href":"https:\/\/suissepoulailler.ch\/de\/wp-json\/wp\/v2\/types\/product"}],"replies":[{"embeddable":true,"href":"https:\/\/suissepoulailler.ch\/de\/wp-json\/wp\/v2\/comments?post=33362"}],"version-history":[{"count":1,"href":"https:\/\/suissepoulailler.ch\/de\/wp-json\/wp\/v2\/product\/33362\/revisions"}],"predecessor-version":[{"id":33394,"href":"https:\/\/suissepoulailler.ch\/de\/wp-json\/wp\/v2\/product\/33362\/revisions\/33394"}],"wp:featuredmedia":[{"embeddable":true,"href":"https:\/\/suissepoulailler.ch\/de\/wp-json\/wp\/v2\/media\/33363"}],"wp:attachment":[{"href":"https:\/\/suissepoulailler.ch\/de\/wp-json\/wp\/v2\/media?parent=33362"}],"wp:term":[{"taxonomy":"product_brand","embeddable":true,"href":"https:\/\/suissepoulailler.ch\/de\/wp-json\/wp\/v2\/product_brand?post=33362"},{"taxonomy":"product_cat","embeddable":true,"href":"https:\/\/suissepoulailler.ch\/de\/wp-json\/wp\/v2\/product_cat?post=33362"},{"taxonomy":"product_tag","embeddable":true,"href":"https:\/\/suissepoulailler.ch\/de\/wp-json\/wp\/v2\/product_tag?post=33362"}],"curies":[{"name":"wp","href":"https:\/\/api.w.org\/{rel}","templated":true}]}}