{"id":33357,"date":"2023-09-14T11:49:58","date_gmt":"2023-09-14T09:49:58","guid":{"rendered":"https:\/\/suissepoulailler.ch\/?post_type=product&#038;p=33357"},"modified":"2025-08-25T06:22:24","modified_gmt":"2025-08-25T04:22:24","slug":"hepat-or-detox-pour-les-poules","status":"publish","type":"product","link":"https:\/\/suissepoulailler.ch\/de\/produits\/evena\/cailles\/hepat-or-detox-pour-les-poules\/","title":{"rendered":"Hepat&rsquo; or Detox pour les poules, chevaux, porcs"},"content":{"rendered":"<p>Elimine les toxines des reins et du foie<\/p>\n<p>Action de r\u00e9g\u00e9n\u00e9ration du foie<\/p>\n<p>Pr\u00e9vient le probl\u00e8me de foie gras ou toute pathologie associ\u00e9<\/p>\n<p>Permet une meilleure assimilation des autres produits<\/p>\n<p>Nettoie le corps de ses impuret\u00e9s<\/p>\n<ul>\n<li>Produit naturel<\/li>\n<li>S\u2019utilise dans l\u2019eau de boisson (meilleure homog\u00e9n\u00e9it\u00e9)<\/li>\n<li>Facilit\u00e9 d\u2019utilisation<\/li>\n<li>Absorption rapide dans l\u2019organisme<\/li>\n<li>Aucun effet secondaire<\/li>\n<li>Absence de r\u00e9sidu dans les \u0153ufs, la viande etc\u2026<\/li>\n<\/ul>\n<p>&nbsp;<\/p>\n<p>Detox pour les poules: A base d &lsquo;artichaud et de pissenlit<\/p>","protected":false},"excerpt":{"rendered":"<p>Elimine les toxines des reins et du foie Action de r\u00e9g\u00e9n\u00e9ration du foie Pr\u00e9vient le probl\u00e8me de foie gras ou toute pathologie associ\u00e9 Permet une meilleure assimilation des autres produits Nettoie le corps de ses impuret\u00e9s Produit naturel S\u2019utilise dans l\u2019eau de boisson (meilleure homog\u00e9n\u00e9it\u00e9) Facilit\u00e9 d\u2019utilisation Absorption rapide dans l\u2019organisme Aucun effet secondaire Absence [&hellip;]<\/p>\n","protected":false},"featured_media":33358,"comment_status":"closed","ping_status":"closed","template":"","meta":[],"product_brand":[],"product_cat":[96,89,90,88,60,61],"product_tag":[],"class_list":{"0":"post-33357","1":"product","2":"type-product","3":"status-publish","4":"has-post-thumbnail","6":"product_cat-cailles","7":"product_cat-chats","8":"product_cat-chevaux","9":"product_cat-chiens","10":"product_cat-complements-alimentaire","11":"product_cat-soin","12":"product_shipping_class-livraison-de-tous-les-produits-a-lexception-des-poulaillers","13":"aux-has-gallery","15":"first","16":"instock","17":"taxable","18":"shipping-taxable","19":"purchasable","20":"product-type-simple"},"_links":{"self":[{"href":"https:\/\/suissepoulailler.ch\/de\/wp-json\/wp\/v2\/product\/33357","targetHints":{"allow":["GET"]}}],"collection":[{"href":"https:\/\/suissepoulailler.ch\/de\/wp-json\/wp\/v2\/product"}],"about":[{"href":"https:\/\/suissepoulailler.ch\/de\/wp-json\/wp\/v2\/types\/product"}],"replies":[{"embeddable":true,"href":"https:\/\/suissepoulailler.ch\/de\/wp-json\/wp\/v2\/comments?post=33357"}],"version-history":[{"count":2,"href":"https:\/\/suissepoulailler.ch\/de\/wp-json\/wp\/v2\/product\/33357\/revisions"}],"predecessor-version":[{"id":33361,"href":"https:\/\/suissepoulailler.ch\/de\/wp-json\/wp\/v2\/product\/33357\/revisions\/33361"}],"wp:featuredmedia":[{"embeddable":true,"href":"https:\/\/suissepoulailler.ch\/de\/wp-json\/wp\/v2\/media\/33358"}],"wp:attachment":[{"href":"https:\/\/suissepoulailler.ch\/de\/wp-json\/wp\/v2\/media?parent=33357"}],"wp:term":[{"taxonomy":"product_brand","embeddable":true,"href":"https:\/\/suissepoulailler.ch\/de\/wp-json\/wp\/v2\/product_brand?post=33357"},{"taxonomy":"product_cat","embeddable":true,"href":"https:\/\/suissepoulailler.ch\/de\/wp-json\/wp\/v2\/product_cat?post=33357"},{"taxonomy":"product_tag","embeddable":true,"href":"https:\/\/suissepoulailler.ch\/de\/wp-json\/wp\/v2\/product_tag?post=33357"}],"curies":[{"name":"wp","href":"https:\/\/api.w.org\/{rel}","templated":true}]}}