{"id":33336,"date":"2023-09-05T12:32:32","date_gmt":"2023-09-05T10:32:32","guid":{"rendered":"https:\/\/suissepoulailler.ch\/?post_type=product&#038;p=33336"},"modified":"2026-04-24T13:32:44","modified_gmt":"2026-04-24T11:32:44","slug":"bloc-croissance-et-calcium","status":"publish","type":"product","link":"https:\/\/suissepoulailler.ch\/de\/produits\/accessoires\/complements-alimentaire\/bloc-croissance-et-calcium\/","title":{"rendered":"Bloc croissance et calcium"},"content":{"rendered":"<h2>Bloc a picorer, ajoutez calcium et min\u00e9raux \u00e0 l&rsquo;alimentation de vos poules.<\/h2>\n<h3>Compl\u00e9mente les pondeuses et poussins en sel et calcium.<\/h3>\n<p>Bonne alternative aux coquilles d&rsquo;huitres pill\u00e9es en vrac, de part sa pr\u00e9sentation diff\u00e9rente en bloc. Laisser \u00e0 l&rsquo;abri de la pluie dans la voli\u00e8r<strong>e, pos\u00e9 ou suspendu.<\/strong><br \/>\nBloc de sel et calcium \u00e0 mettre \u00e0 disposition de vos poules et toutes les volailles, dont les pigeons, pour une consommation en libre service. Alternativement d\u00e9liter un peu du bloc pour l&rsquo;ajouter \u00e0 hauteur de 20g\/jour dans la p\u00e2t\u00e9e ou m\u00e9lange de graines maison.\u00a0<strong>S&rsquo;effrite facilement.<\/strong><\/p>\n<p>Aromatis\u00e9 \u00e0 l&rsquo;anis pour une meilleure app\u00e9tence.<br \/>\nUtilisable chez le pigeon et\u00a0 tous les oiseaux.<\/p>\n<p>Assure un bon apport en min\u00e9raux et calcium, indispensables \u00e0 la production d&rsquo;une ponte de<strong>\u00a0qualit\u00e9 et d&rsquo;une coquille d\u2019\u0153uf solide<\/strong>\u00a0chez la pondeuse, mais aussi pour la\u00a0<strong>bonne croissance des jeunes<\/strong>\u00a0sujets.<\/p>\n<p><strong>Ingr\u00e9dients du bloc \u00e0 picorer :<\/strong>\u00a0Coquille d&rsquo;huitres broy\u00e9es, sulfate de calcium, phosphore bicalcique, carbonate de calcium, sel, ar\u00f4me anis.<\/p>\n<p>Bloc de 950 g.<\/p>","protected":false},"excerpt":{"rendered":"<p>Bloc a picorer, ajoutez calcium et min\u00e9raux \u00e0 l&rsquo;alimentation de vos poules. Compl\u00e9mente les pondeuses et poussins en sel et calcium. Bonne alternative aux coquilles d&rsquo;huitres pill\u00e9es en vrac, de part sa pr\u00e9sentation diff\u00e9rente en bloc. Laisser \u00e0 l&rsquo;abri de la pluie dans la voli\u00e8re, pos\u00e9 ou suspendu. Bloc de sel et calcium \u00e0 mettre [&hellip;]<\/p>\n","protected":false},"featured_media":33337,"comment_status":"closed","ping_status":"closed","template":"","meta":[],"product_brand":[],"product_cat":[33,60,61],"product_tag":[],"class_list":{"0":"post-33336","1":"product","2":"type-product","3":"status-publish","4":"has-post-thumbnail","6":"product_cat-accessoires","7":"product_cat-complements-alimentaire","8":"product_cat-soin","9":"product_shipping_class-livraison-de-tous-les-produits-a-lexception-des-poulaillers","11":"first","12":"instock","13":"taxable","14":"shipping-taxable","15":"purchasable","16":"product-type-simple"},"_links":{"self":[{"href":"https:\/\/suissepoulailler.ch\/de\/wp-json\/wp\/v2\/product\/33336","targetHints":{"allow":["GET"]}}],"collection":[{"href":"https:\/\/suissepoulailler.ch\/de\/wp-json\/wp\/v2\/product"}],"about":[{"href":"https:\/\/suissepoulailler.ch\/de\/wp-json\/wp\/v2\/types\/product"}],"replies":[{"embeddable":true,"href":"https:\/\/suissepoulailler.ch\/de\/wp-json\/wp\/v2\/comments?post=33336"}],"version-history":[{"count":1,"href":"https:\/\/suissepoulailler.ch\/de\/wp-json\/wp\/v2\/product\/33336\/revisions"}],"predecessor-version":[{"id":33338,"href":"https:\/\/suissepoulailler.ch\/de\/wp-json\/wp\/v2\/product\/33336\/revisions\/33338"}],"wp:featuredmedia":[{"embeddable":true,"href":"https:\/\/suissepoulailler.ch\/de\/wp-json\/wp\/v2\/media\/33337"}],"wp:attachment":[{"href":"https:\/\/suissepoulailler.ch\/de\/wp-json\/wp\/v2\/media?parent=33336"}],"wp:term":[{"taxonomy":"product_brand","embeddable":true,"href":"https:\/\/suissepoulailler.ch\/de\/wp-json\/wp\/v2\/product_brand?post=33336"},{"taxonomy":"product_cat","embeddable":true,"href":"https:\/\/suissepoulailler.ch\/de\/wp-json\/wp\/v2\/product_cat?post=33336"},{"taxonomy":"product_tag","embeddable":true,"href":"https:\/\/suissepoulailler.ch\/de\/wp-json\/wp\/v2\/product_tag?post=33336"}],"curies":[{"name":"wp","href":"https:\/\/api.w.org\/{rel}","templated":true}]}}