{"id":33325,"date":"2023-09-01T10:16:44","date_gmt":"2023-09-01T08:16:44","guid":{"rendered":"https:\/\/suissepoulailler.ch\/?post_type=product&#038;p=33325"},"modified":"2026-02-08T18:00:34","modified_gmt":"2026-02-08T17:00:34","slug":"plumailes-plume-peau-et-phaneres-250-ml","status":"publish","type":"product","link":"https:\/\/suissepoulailler.ch\/de\/produits\/evena\/cailles\/plumailes-plume-peau-et-phaneres-250-ml\/","title":{"rendered":"PLUM&rsquo;AILES, plume, peau et phan\u00e8res 250 ml"},"content":{"rendered":"<h2>Soutien la croissance du plumage lors de phases de mue ou de stress.<\/h2>\n<p>PLUM&rsquo;AILES est un compl\u00e9ment alimentaire pour les volailles, qui contribue \u00e0 la qualit\u00e9 des plumes, de la peau et des phan\u00e8res.<br \/>\nId\u00e9al lors de la croissance des poussins, de la\u00a0<strong>mue de fin d&rsquo;\u00e9t\u00e9<\/strong>\u00a0ou la mue suite \u00e0 la couvaison, et m\u00eame pour les poules de r\u00e9forme ab\u00eem\u00e9es, les sujets \u00e2g\u00e9s &#8230;\u00a0 PLUM&rsquo;AILES aide tous ces sujets \u00e0 passer ce cap de stress physiologique qu&rsquo;est la reconstruction du plumage.<\/p>\n<p>Les vitamines PP et B5 interviennent dans la croissance des plumes. Les acides amin\u00e9es contenues dans PLUM&rsquo;AILES soutiennent la production de la k\u00e9ratine dont les plumes sont constitu\u00e9es.<\/p>\n<p>S&rsquo;ajoute \u00e0 l&rsquo;eau de boisson 1ml \/l, cure de 6 jours.<br \/>\nFlacon 250 ml. Pipette 3m de dosage offerte.<\/p>\n<p>Ne contient aucun \u00e9l\u00e9ment pouvant interdire la consommation des \u0153ufs et de la viande pendant la distribution.<\/p>","protected":false},"excerpt":{"rendered":"<p>Soutien la croissance du plumage lors de phases de mue ou de stress. PLUM&rsquo;AILES est un compl\u00e9ment alimentaire pour les volailles, qui contribue \u00e0 la qualit\u00e9 des plumes, de la peau et des phan\u00e8res. Id\u00e9al lors de la croissance des poussins, de la\u00a0mue de fin d&rsquo;\u00e9t\u00e9\u00a0ou la mue suite \u00e0 la couvaison, et m\u00eame pour [&hellip;]<\/p>\n","protected":false},"featured_media":33326,"comment_status":"closed","ping_status":"closed","template":"","meta":[],"product_brand":[],"product_cat":[33,96,60,61],"product_tag":[],"class_list":{"0":"post-33325","1":"product","2":"type-product","3":"status-publish","4":"has-post-thumbnail","6":"product_cat-accessoires","7":"product_cat-cailles","8":"product_cat-complements-alimentaire","9":"product_cat-soin","10":"product_shipping_class-livraison-de-tous-les-produits-a-lexception-des-poulaillers","12":"first","13":"instock","14":"taxable","15":"shipping-taxable","16":"purchasable","17":"product-type-simple"},"_links":{"self":[{"href":"https:\/\/suissepoulailler.ch\/de\/wp-json\/wp\/v2\/product\/33325","targetHints":{"allow":["GET"]}}],"collection":[{"href":"https:\/\/suissepoulailler.ch\/de\/wp-json\/wp\/v2\/product"}],"about":[{"href":"https:\/\/suissepoulailler.ch\/de\/wp-json\/wp\/v2\/types\/product"}],"replies":[{"embeddable":true,"href":"https:\/\/suissepoulailler.ch\/de\/wp-json\/wp\/v2\/comments?post=33325"}],"version-history":[{"count":1,"href":"https:\/\/suissepoulailler.ch\/de\/wp-json\/wp\/v2\/product\/33325\/revisions"}],"predecessor-version":[{"id":33327,"href":"https:\/\/suissepoulailler.ch\/de\/wp-json\/wp\/v2\/product\/33325\/revisions\/33327"}],"wp:featuredmedia":[{"embeddable":true,"href":"https:\/\/suissepoulailler.ch\/de\/wp-json\/wp\/v2\/media\/33326"}],"wp:attachment":[{"href":"https:\/\/suissepoulailler.ch\/de\/wp-json\/wp\/v2\/media?parent=33325"}],"wp:term":[{"taxonomy":"product_brand","embeddable":true,"href":"https:\/\/suissepoulailler.ch\/de\/wp-json\/wp\/v2\/product_brand?post=33325"},{"taxonomy":"product_cat","embeddable":true,"href":"https:\/\/suissepoulailler.ch\/de\/wp-json\/wp\/v2\/product_cat?post=33325"},{"taxonomy":"product_tag","embeddable":true,"href":"https:\/\/suissepoulailler.ch\/de\/wp-json\/wp\/v2\/product_tag?post=33325"}],"curies":[{"name":"wp","href":"https:\/\/api.w.org\/{rel}","templated":true}]}}