{"id":33322,"date":"2023-09-01T10:11:43","date_gmt":"2023-09-01T08:11:43","guid":{"rendered":"https:\/\/suissepoulailler.ch\/?post_type=product&#038;p=33322"},"modified":"2025-08-25T06:24:37","modified_gmt":"2025-08-25T04:24:37","slug":"lithothamne-en-poudre-5kg","status":"publish","type":"product","link":"https:\/\/suissepoulailler.ch\/de\/produits\/evena\/cailles\/lithothamne-en-poudre-5kg\/","title":{"rendered":"Lithothamne en poudre 5kg"},"content":{"rendered":"<h2>Compl\u00e9ment alimentaire naturel, min\u00e9raux &amp; oligo-\u00e9l\u00e9ments id\u00e9al poules pondeuses.<\/h2>\n<p>Le lithothamne (Ma\u00ebrl) est une petite algue ressemblant \u00e0 un corail. Elle vie immerg\u00e9e dans l&rsquo;eau pr\u00e8s des c\u00f4tes Bretonnes.<br \/>\nR\u00e9duite en poudre cette algue est un compl\u00e9ment alimentaire pr\u00e9cieux et naturel.<\/p>\n<p>Forte teneur en\u00a0<strong>calcium bien assimilable, en magn\u00e9sium, en oligo-\u00e9l\u00e9ments et en min\u00e9raux parfaitement assimilables par l&rsquo;organisme et les cellules<\/strong>.<\/p>\n<p>Id\u00e9alement distribu\u00e9 chez la poule pondeuse pour un<strong>\u00a0apport en calcium pour des coquilles d\u2019\u0153ufs solides<\/strong>, ainsi que chez les jeunes sujets en\u00a0<strong>croissance<\/strong>.<br \/>\nApporte une action positive sur les os, la croissance des poussins, le syst\u00e8me nerveux (stress, fatigue), distribu\u00e9 en\u00a0<strong>cure hebdomadaire.<\/strong><\/p>\n<p>Dosage \u00e0<strong>\u00a02.5 \u00e0 3% de la ration<\/strong>\u00a0est suffisant, soit 500g pour 20kg d&rsquo;aliment.<\/p>\n<p>Astuce: Pour les m\u00e9langes de c\u00e9r\u00e9ales faits maison, nous recommandons d&rsquo;ajouter un peu d&rsquo;huile de tournesol afin de permettre \u00e0 la poudre d&rsquo;\u00eatre facilement ing\u00e9r\u00e9e coll\u00e9e aux graines.<\/p>\n<p><strong>Composition g\u00e9n\u00e9rale:<\/strong><br \/>\nCalcium 34%, Carbonate de magn\u00e9sium (3-7 %), silice (sable) (2.5 %), sodium (2.5 %), soufre et des oligo-\u00e9l\u00e9ments en plus faibles concentrations (fer, fluor, mangan\u00e8se, iode, bore, zinc, brome, cuivre, molybd\u00e8ne, cobalt\u2026).<\/p>\n<p>Peut aussi s&rsquo;utiliser chez les autres esp\u00e8ces animales, bovins, chiens etc&#8230;<\/p>\n<p>Int\u00e9ressante aussi au jardin, pour soutenir la croissance des plantes, la germination des graines, pr\u00e9venir du mildiou et l&rsquo;acidit\u00e9 des sols, utile aussi en activateur de compost (1 kg \/ m2). etc.<\/p>","protected":false},"excerpt":{"rendered":"<p>Compl\u00e9ment alimentaire naturel, min\u00e9raux &amp; oligo-\u00e9l\u00e9ments id\u00e9al poules pondeuses. Le lithothamne (Ma\u00ebrl) est une petite algue ressemblant \u00e0 un corail. Elle vie immerg\u00e9e dans l&rsquo;eau pr\u00e8s des c\u00f4tes Bretonnes. R\u00e9duite en poudre cette algue est un compl\u00e9ment alimentaire pr\u00e9cieux et naturel. Forte teneur en\u00a0calcium bien assimilable, en magn\u00e9sium, en oligo-\u00e9l\u00e9ments et en min\u00e9raux parfaitement assimilables [&hellip;]<\/p>\n","protected":false},"featured_media":33323,"comment_status":"closed","ping_status":"closed","template":"","meta":[],"product_brand":[],"product_cat":[33,96,60,61],"product_tag":[],"class_list":{"0":"post-33322","1":"product","2":"type-product","3":"status-publish","4":"has-post-thumbnail","6":"product_cat-accessoires","7":"product_cat-cailles","8":"product_cat-complements-alimentaire","9":"product_cat-soin","10":"product_shipping_class-livraison-de-tous-les-produits-a-lexception-des-poulaillers","12":"first","13":"instock","14":"taxable","15":"shipping-taxable","16":"purchasable","17":"product-type-simple"},"_links":{"self":[{"href":"https:\/\/suissepoulailler.ch\/de\/wp-json\/wp\/v2\/product\/33322","targetHints":{"allow":["GET"]}}],"collection":[{"href":"https:\/\/suissepoulailler.ch\/de\/wp-json\/wp\/v2\/product"}],"about":[{"href":"https:\/\/suissepoulailler.ch\/de\/wp-json\/wp\/v2\/types\/product"}],"replies":[{"embeddable":true,"href":"https:\/\/suissepoulailler.ch\/de\/wp-json\/wp\/v2\/comments?post=33322"}],"version-history":[{"count":1,"href":"https:\/\/suissepoulailler.ch\/de\/wp-json\/wp\/v2\/product\/33322\/revisions"}],"predecessor-version":[{"id":33324,"href":"https:\/\/suissepoulailler.ch\/de\/wp-json\/wp\/v2\/product\/33322\/revisions\/33324"}],"wp:featuredmedia":[{"embeddable":true,"href":"https:\/\/suissepoulailler.ch\/de\/wp-json\/wp\/v2\/media\/33323"}],"wp:attachment":[{"href":"https:\/\/suissepoulailler.ch\/de\/wp-json\/wp\/v2\/media?parent=33322"}],"wp:term":[{"taxonomy":"product_brand","embeddable":true,"href":"https:\/\/suissepoulailler.ch\/de\/wp-json\/wp\/v2\/product_brand?post=33322"},{"taxonomy":"product_cat","embeddable":true,"href":"https:\/\/suissepoulailler.ch\/de\/wp-json\/wp\/v2\/product_cat?post=33322"},{"taxonomy":"product_tag","embeddable":true,"href":"https:\/\/suissepoulailler.ch\/de\/wp-json\/wp\/v2\/product_tag?post=33322"}],"curies":[{"name":"wp","href":"https:\/\/api.w.org\/{rel}","templated":true}]}}