{"id":33316,"date":"2023-09-01T09:56:51","date_gmt":"2023-09-01T07:56:51","guid":{"rendered":"https:\/\/suissepoulailler.ch\/?post_type=product&#038;p=33316"},"modified":"2026-04-07T15:20:03","modified_gmt":"2026-04-07T13:20:03","slug":"melange-de-grit-rouge-2-kg","status":"publish","type":"product","link":"https:\/\/suissepoulailler.ch\/de\/produits\/evena\/cailles\/melange-de-grit-rouge-2-kg\/","title":{"rendered":"M\u00e9lange de grit rouge 2 kg"},"content":{"rendered":"<h2>Un bon m\u00e9lange de grit apporte bonne forme et robustesse \u00e0 nos pigeons et poules.<\/h2>\n<h3>Pourquoi distribuer du grit aux poules et aux pigeons?<\/h3>\n<p>En plus d&rsquo;une alimentation \u00e9quilibr\u00e9e, les oiseaux ont besoin d&rsquo;un apport compl\u00e9mentaire en coquilles d&rsquo;huitres ou Grit. Ceci\u00a0<strong>am\u00e9liore les conditions de digestion<\/strong>\u00a0et une\u00a0<strong>meilleure absorption<\/strong>\u00a0des nutriments, assur\u00e9 par un\u00a0<strong>bon broyage de l&rsquo;aliment<\/strong>\u00a0distribu\u00e9.<\/p>\n<p>Dans la nature, poules et pigeons mangeront des petits cailloux. L&rsquo;avantage du\u00a0<strong>m\u00e9lange de grit rouge\u00a0<\/strong>est que les \u00e9l\u00e9ments sont s\u00e9lectionn\u00e9s pour contenir plus de min\u00e9raux et d&rsquo;oligo-\u00e9l\u00e9ments et surtout \u00eatre\u00a0<strong>mieux assimilables<\/strong>, pour assurer un bon\u00a0<strong>maintien du squelette et des muscles<\/strong>.<\/p>\n<p>En compl\u00e9mentant avec un bon grit, vous assurez \u00e0 vos<strong>\u00a0poules, pigeons et oiseaux de basse-cour<\/strong>\u00a0que ces compl\u00e9ments sont apport\u00e9s en quantit\u00e9 suffisante et au bon moment, notamment assurez un bon apport lors des\u00a0<strong>phases de ponte<\/strong>.<\/p>\n<h3>Composition et pr\u00e9paration de notre grit.<\/h3>\n<p>Notre m\u00e9lange contient des\u00a0<strong>coquilles de mer, d&rsquo;huitres et de la pierre rouge<\/strong>\u00a0en bonne quantit\u00e9, plus, un extrait d&rsquo;<strong>anis\u00a0<\/strong>reconnue pour son app\u00e9tence,\u00a0stimuler l&rsquo;app\u00e9tit et la digestion. Elle est utilis\u00e9e \u00e9galement contre la fermentation.<br \/>\nCe grit de haute qualit\u00e9 est pr\u00e9par\u00e9 dans des conditions strictes : chauff\u00e9s, nettoy\u00e9s et tamis\u00e9s.<\/p>\n<h3>Comment s&rsquo;utilise le grit ?<\/h3>\n<p>Laissez \u00e0 disposition en libre-service dans un bac \u00e0 part de l&rsquo;aliment distribu\u00e9.<br \/>\nRemplacer r\u00e9guli\u00e8rement pour ne pas laisser les poules\/ pigeons absorber une pr\u00e9paration d\u00e9grad\u00e9e ou moisie.<br \/>\nConserver au sec.<\/p>\n<p><strong>Composition :<\/strong><br \/>\nM\u00e9lange de coquillages de mer, de coquilles d&rsquo;huitres et de pierre rouge.<br \/>\nHuile d&rsquo;anis \u00e9toil\u00e9e 0.05%.<\/p>\n<p>Granulom\u00e9trie env. 2 \u00e0 5,5 mm.<br \/>\nApports en Calcium 17%, Sodium 0.2%, Lysine\/M\u00e9thionine 0%.<br \/>\nDLUO : 01\/2025.<\/p>","protected":false},"excerpt":{"rendered":"<p>Un bon m\u00e9lange de grit apporte bonne forme et robustesse \u00e0 nos pigeons et poules. Pourquoi distribuer du grit aux poules et aux pigeons? En plus d&rsquo;une alimentation \u00e9quilibr\u00e9e, les oiseaux ont besoin d&rsquo;un apport compl\u00e9mentaire en coquilles d&rsquo;huitres ou Grit. Ceci\u00a0am\u00e9liore les conditions de digestion\u00a0et une\u00a0meilleure absorption\u00a0des nutriments, assur\u00e9 par un\u00a0bon broyage de l&rsquo;aliment\u00a0distribu\u00e9. [&hellip;]<\/p>\n","protected":false},"featured_media":33317,"comment_status":"closed","ping_status":"closed","template":"","meta":[],"product_brand":[],"product_cat":[33,96,60,61],"product_tag":[],"class_list":{"0":"post-33316","1":"product","2":"type-product","3":"status-publish","4":"has-post-thumbnail","6":"product_cat-accessoires","7":"product_cat-cailles","8":"product_cat-complements-alimentaire","9":"product_cat-soin","10":"product_shipping_class-livraison-de-tous-les-produits-a-lexception-des-poulaillers","12":"first","13":"instock","14":"taxable","15":"shipping-taxable","16":"purchasable","17":"product-type-simple"},"_links":{"self":[{"href":"https:\/\/suissepoulailler.ch\/de\/wp-json\/wp\/v2\/product\/33316","targetHints":{"allow":["GET"]}}],"collection":[{"href":"https:\/\/suissepoulailler.ch\/de\/wp-json\/wp\/v2\/product"}],"about":[{"href":"https:\/\/suissepoulailler.ch\/de\/wp-json\/wp\/v2\/types\/product"}],"replies":[{"embeddable":true,"href":"https:\/\/suissepoulailler.ch\/de\/wp-json\/wp\/v2\/comments?post=33316"}],"version-history":[{"count":1,"href":"https:\/\/suissepoulailler.ch\/de\/wp-json\/wp\/v2\/product\/33316\/revisions"}],"predecessor-version":[{"id":33318,"href":"https:\/\/suissepoulailler.ch\/de\/wp-json\/wp\/v2\/product\/33316\/revisions\/33318"}],"wp:featuredmedia":[{"embeddable":true,"href":"https:\/\/suissepoulailler.ch\/de\/wp-json\/wp\/v2\/media\/33317"}],"wp:attachment":[{"href":"https:\/\/suissepoulailler.ch\/de\/wp-json\/wp\/v2\/media?parent=33316"}],"wp:term":[{"taxonomy":"product_brand","embeddable":true,"href":"https:\/\/suissepoulailler.ch\/de\/wp-json\/wp\/v2\/product_brand?post=33316"},{"taxonomy":"product_cat","embeddable":true,"href":"https:\/\/suissepoulailler.ch\/de\/wp-json\/wp\/v2\/product_cat?post=33316"},{"taxonomy":"product_tag","embeddable":true,"href":"https:\/\/suissepoulailler.ch\/de\/wp-json\/wp\/v2\/product_tag?post=33316"}],"curies":[{"name":"wp","href":"https:\/\/api.w.org\/{rel}","templated":true}]}}