{"id":33309,"date":"2023-08-31T20:24:49","date_gmt":"2023-08-31T18:24:49","guid":{"rendered":"https:\/\/suissepoulailler.ch\/?post_type=product&#038;p=33309"},"modified":"2026-04-29T08:57:26","modified_gmt":"2026-04-29T06:57:26","slug":"argile-de-bentonite-semoule-1-5kg","status":"publish","type":"product","link":"https:\/\/suissepoulailler.ch\/de\/produits\/evena\/cailles\/argile-de-bentonite-semoule-1-5kg\/","title":{"rendered":"Argile de Bentonite semoule 1.5kg"},"content":{"rendered":"<h2>L&rsquo;argile de bentonite pr\u00e9sente de nombreux b\u00e9n\u00e9fices pour le soin des poules et volailles.<\/h2>\n<p>L&rsquo;argile de bentonite est \u00e0 int\u00e9grer dans votre pharmacie de premiers soins \u00e0 votre basse-cour : C&rsquo;est un produit naturel utile dans plusieurs applications : alimentaire, soin de la peau et am\u00e9lioration du confort des volailles.<\/p>\n<h3>Utiliser l&rsquo;argile de bentonite dans l&rsquo;alimentation des poules,<\/h3>\n<p>Id\u00e9ale pour\u00a0<strong>soulager des diarrh\u00e9es.<\/strong><br \/>\nL&rsquo;un des grands int\u00e9r\u00eats est sa capacit\u00e9 \u00e0 former un<strong>\u00a0film protecteur, cicatrisant et anti-inflammatoire sur l\u2019ensemble de la paroi intestinale.<\/strong>\u00a0Cela soulage l&rsquo;animal en proie \u00e0 une inflammation av\u00e9r\u00e9e, et a un effet pr\u00e9ventif.<\/p>\n<p>L\u2019aptitude de l\u2019argile bentonite est aussi d<strong>&lsquo;absorber et s\u00e9questrer de nombreuses toxines et mycotoxines<\/strong>\u00a0participant ainsi au contr\u00f4le de pathologies intestinales. On d\u00e9compte un niveau bact\u00e9rien moins \u00e9lev\u00e9 dans l&rsquo;intestin. Elle aide ainsi \u00e0\u00a0<strong>d\u00e9sintoxiquer<\/strong>\u00a0le corps (apr\u00e8s un traitement m\u00e9dicamenteux notamment) et aussi \u00e0\u00a0<strong>r\u00e9guler le PH<\/strong>\u00a0intestinal.<\/p>\n<p>L\u2019argile de bentonite ralentit le transit intestinal et contribue ainsi \u00e0 une\u00a0<strong>meilleure assimilation de la ration<\/strong>.<\/p>\n<p>L&rsquo;argile de bentonite alimente le corps en\u00a0<strong>min\u00e9raux :<\/strong>\u00a0 silice, calcium, magn\u00e9sium, sodium, fer et potassium.<br \/>\nDoser \u00e0 2%, soit 20g \/kg d&rsquo;aliment, ou 1 cuill\u00e8re \u00e0 soupe\/kg d&rsquo;aliment. (pas plus attention aux constipations!)<\/p>\n<p>On observe une diminution cons\u00e9quente de l\u2019humidit\u00e9 des fientes, qui sont mieux moul\u00e9es.<\/p>\n<h3>Utiliser l&rsquo;argile de bentonite en soin de la peau de vos volailles et autres animaux,<\/h3>\n<p>L&rsquo;argile de bentonite a aussi un effet positif sur les\u00a0<strong>probl\u00e8mes de peau<\/strong>. Vous\u00a0<strong>soignerez naturellement<\/strong>\u00a0vos poules des dermatites au niveau des pattes, du br\u00e9chet, et am\u00e9liorerez les probl\u00e8mes<strong>\u00a0d&rsquo;allergies.<\/strong><\/p>\n<p>En mangeant de l&rsquo;argile de bentonite, les fientes de vos poules seront moins liquides, on intervient donc dans la<strong>\u00a0r\u00e9gulation ammoniacale\u00a0<\/strong>et la\u00a0<strong>meilleure hygi\u00e8ne des sols<\/strong>, des liti\u00e8res; mais aussi de\u00a0<strong>l&rsquo;air ambiant<\/strong>. Vous observez une meilleure propret\u00e9 des plumes.\u00a0<strong>La peau<\/strong>\u00a0au niveau des pattes, des coudes, des br\u00e9chets, au contact d&rsquo;une liti\u00e8re plus propre est moins agress\u00e9e.<\/p>\n<p><strong>En r\u00e9sum\u00e9, L&rsquo;ajout de 2 % d&rsquo;argile de bentonite \u00e0 la ration am\u00e9liore le taux de ponte, l&rsquo;efficacit\u00e9 alimentaire, la grosseur des \u0153ufs et la qualit\u00e9 de la coquille, en plus de r\u00e9duire le taux d&rsquo;humidit\u00e9 des fientes.<\/strong><\/p>\n<p><strong>Commencer par une cure de 3 jours, au besoin, prolonger de quelques jours.<\/strong><\/p>\n<p><strong>Zusammensetzung<\/strong>\u00a0: Argile bentonite, smectite, Illite, Kaolinite.<br \/>\nCEC : 37.8 meq \/ 100 g<br \/>\nPH moyen : 8.4. Granulom\u00e9trie : semoulette fine 1\/2 mm. Couleur beige clair.<br \/>\nOrigine France.<br \/>\nUtilisable en agriculture bio conform\u00e9ment au r\u00e8glement CE n\u00b0 834\/2007<br \/>\nPr\u00e9sentation : en semoulette.<\/p>\n<p><strong>Notre conseil :<\/strong>\u00a0Ne pas utiliser en m\u00eame temps qu&rsquo;un traitement m\u00e9dicamenteux et\/ou antibiotique, (pr\u00e9f\u00e9rer alors le\u00a0<strong><a href=\"https:\/\/www.poulaillerdesign.com\/alimentation-sante\/347-charbon-carbobec.html\" target=\"_blank\" rel=\"noreferrer noopener\">CarboBec<\/a><\/strong>).<\/p>","protected":false},"excerpt":{"rendered":"<p>L&rsquo;argile de bentonite pr\u00e9sente de nombreux b\u00e9n\u00e9fices pour le soin des poules et volailles. L&rsquo;argile de bentonite est \u00e0 int\u00e9grer dans votre pharmacie de premiers soins \u00e0 votre basse-cour : C&rsquo;est un produit naturel utile dans plusieurs applications : alimentaire, soin de la peau et am\u00e9lioration du confort des volailles. Utiliser l&rsquo;argile de bentonite dans [&hellip;]<\/p>\n","protected":false},"featured_media":33310,"comment_status":"closed","ping_status":"closed","template":"","meta":[],"product_brand":[],"product_cat":[33,96,60,61],"product_tag":[],"class_list":{"0":"post-33309","1":"product","2":"type-product","3":"status-publish","4":"has-post-thumbnail","6":"product_cat-accessoires","7":"product_cat-cailles","8":"product_cat-complements-alimentaire","9":"product_cat-soin","10":"product_shipping_class-livraison-de-tous-les-produits-a-lexception-des-poulaillers","12":"first","13":"instock","14":"taxable","15":"shipping-taxable","16":"purchasable","17":"product-type-simple"},"_links":{"self":[{"href":"https:\/\/suissepoulailler.ch\/de\/wp-json\/wp\/v2\/product\/33309","targetHints":{"allow":["GET"]}}],"collection":[{"href":"https:\/\/suissepoulailler.ch\/de\/wp-json\/wp\/v2\/product"}],"about":[{"href":"https:\/\/suissepoulailler.ch\/de\/wp-json\/wp\/v2\/types\/product"}],"replies":[{"embeddable":true,"href":"https:\/\/suissepoulailler.ch\/de\/wp-json\/wp\/v2\/comments?post=33309"}],"version-history":[{"count":2,"href":"https:\/\/suissepoulailler.ch\/de\/wp-json\/wp\/v2\/product\/33309\/revisions"}],"predecessor-version":[{"id":36794,"href":"https:\/\/suissepoulailler.ch\/de\/wp-json\/wp\/v2\/product\/33309\/revisions\/36794"}],"wp:featuredmedia":[{"embeddable":true,"href":"https:\/\/suissepoulailler.ch\/de\/wp-json\/wp\/v2\/media\/33310"}],"wp:attachment":[{"href":"https:\/\/suissepoulailler.ch\/de\/wp-json\/wp\/v2\/media?parent=33309"}],"wp:term":[{"taxonomy":"product_brand","embeddable":true,"href":"https:\/\/suissepoulailler.ch\/de\/wp-json\/wp\/v2\/product_brand?post=33309"},{"taxonomy":"product_cat","embeddable":true,"href":"https:\/\/suissepoulailler.ch\/de\/wp-json\/wp\/v2\/product_cat?post=33309"},{"taxonomy":"product_tag","embeddable":true,"href":"https:\/\/suissepoulailler.ch\/de\/wp-json\/wp\/v2\/product_tag?post=33309"}],"curies":[{"name":"wp","href":"https:\/\/api.w.org\/{rel}","templated":true}]}}