{"id":33306,"date":"2023-08-31T20:09:39","date_gmt":"2023-08-31T18:09:39","guid":{"rendered":"https:\/\/suissepoulailler.ch\/?post_type=product&#038;p=33306"},"modified":"2026-03-17T17:58:24","modified_gmt":"2026-03-17T16:58:24","slug":"le-charbon-vegetal-carbobec","status":"publish","type":"product","link":"https:\/\/suissepoulailler.ch\/de\/produits\/evena\/cailles\/le-charbon-vegetal-carbobec\/","title":{"rendered":"Le charbon v\u00e9g\u00e9tal Carbobec"},"content":{"rendered":"<h2>Le charbon v\u00e9g\u00e9tal participe \u00e0 la sant\u00e9 digestive des volailles et \u00e0 leur bonne forme.<\/h2>\n<p><strong>Charbon v\u00e9g\u00e9tal 100% naturel d\u2019origine fran\u00e7aise<\/strong>. Il est r\u00e9alis\u00e9 par combustion lente et sans agents chimiques.<\/p>\n<p>Sachet 300 gr = soit pr\u00e9paration d&rsquo;environ 150 kg d&rsquo;aliment.<\/p>\n<h3>Quel est l\u2019int\u00e9r\u00eat de donner du charbon de bois aux poules dans leur aliment?<\/h3>\n<p>Le charbon v\u00e9g\u00e9tal est largement utilis\u00e9, et de nombreuses \u00e9tudes prouvent ses<strong>\u00a0effets positifs notamment en nutrition animale<\/strong>.<br \/>\n<strong>CarboBec<\/strong>\u00a0contribue \u00e0 lutter efficacement<strong>\u00a0contre les troubles digestifs, diarrh\u00e9es,\u00a0<\/strong>de vos poules et volailles, provoqu\u00e9s par la pr\u00e9sence de mycotoxines et\/ ou d&rsquo; ent\u00e9rotoxines (pathog\u00e8nes lib\u00e9r\u00e9es par les bact\u00e9ries) dans le tube digestif. Ses capacit\u00e9s d&rsquo;absorption et de liaison<strong>\u00a0neutralisent aussi des toxines<\/strong>\u00a0v\u00e9g\u00e9tales, des pesticides et des produits m\u00e9taboliques toxiques des agents pathog\u00e8nes chez les animaux.<br \/>\nSa structure en m\u00e9sopores et macropores permet de les pi\u00e9ger<strong>\u00a0tout en \u00e9pargnant les \u00e9l\u00e9ments plus petits comme les vitamines et les oligo-\u00e9l\u00e9ments.<\/strong><br \/>\nVous pouvez donc le distribuer dans la ration sans carencer l\u2019animal ni g\u00eaner un traitement m\u00e9dicamenteux v\u00e9t\u00e9rinaire en cours. En utilisant le charbon v\u00e9g\u00e9tal dans la l&rsquo;alimentation des volailles, qu&rsquo;elles soient poules pondeuses, d&rsquo;ornement ou poulet de chair, vous aidez \u00e0 renforcer leur sant\u00e9 des et ainsi participer \u00e0 leur bonne croissance, sant\u00e9 et qualit\u00e9 de ponte.<\/p>\n<h3>La pr\u00e9sence de charbon noir dans la fiente des poules donne un engrais fertile pour le jardin.<\/h3>\n<p>La pr\u00e9sence de\u00a0<strong>charbon noir dans les fientes<\/strong>\u00a0participe \u00e0 moins de mauvaises odeurs. La fiente est alors mieux d\u00e9grad\u00e9e et plus rapidement convertie en humus fertile int\u00e9ressant pour le compostage et les plantes. Avec le charbon v\u00e9g\u00e9tal, les microorganismes qui s&rsquo;y d\u00e9veloppent assurent un environnement microbiologique positif, des nutriments de haute qualit\u00e9 seront lib\u00e9r\u00e9s progressivement que les plantes pourront mieux absorber.<\/p>\n<h3>Comment et quand donner du charbon v\u00e9g\u00e9tal aux poules ?<\/h3>\n<p>On utilise ce charbon noir chez les volailles en cas de probl\u00e8mes dits \u00ab\u00a0intestinaux\u00a0\u00bb:<br \/>\n&#8211; Ingestion d&rsquo;aliments en exc\u00e8s ou d&rsquo;aliments toxiques, intoxication alimentaire &#8230;<br \/>\n&#8211; Apparition de troubles digestifs dus \u00e0 un dysfonctionnement de la digestion, diarrh\u00e9es &#8230;<br \/>\n&#8211; Pr\u00e9sence de certaines substances toxiques dans leur ration, poison dans leur environnement etc &#8230;<\/p>\n<p>Pr\u00e9f\u00e9rer distribuer\u00a0<strong>CarboBec<\/strong>\u00a0le\u00a0<strong>matin, m\u00e9lang\u00e9 \u00e0 l&rsquo;aliment de vos poules, ou dans une p\u00e2t\u00e9e<\/strong>, \u00e0 raison de 0.2%, soit 2 g \/kg d&rsquo;aliment \/ p\u00e2t\u00e9e. Pas plus.<\/p>","protected":false},"excerpt":{"rendered":"<p>Le charbon v\u00e9g\u00e9tal participe \u00e0 la sant\u00e9 digestive des volailles et \u00e0 leur bonne forme. Charbon v\u00e9g\u00e9tal 100% naturel d\u2019origine fran\u00e7aise. Il est r\u00e9alis\u00e9 par combustion lente et sans agents chimiques. Sachet 300 gr = soit pr\u00e9paration d&rsquo;environ 150 kg d&rsquo;aliment. Quel est l\u2019int\u00e9r\u00eat de donner du charbon de bois aux poules dans leur aliment? [&hellip;]<\/p>\n","protected":false},"featured_media":33307,"comment_status":"closed","ping_status":"closed","template":"","meta":[],"product_brand":[],"product_cat":[33,96,60,61],"product_tag":[],"class_list":{"0":"post-33306","1":"product","2":"type-product","3":"status-publish","4":"has-post-thumbnail","6":"product_cat-accessoires","7":"product_cat-cailles","8":"product_cat-complements-alimentaire","9":"product_cat-soin","10":"product_shipping_class-livraison-de-tous-les-produits-a-lexception-des-poulaillers","12":"first","13":"instock","14":"taxable","15":"shipping-taxable","16":"purchasable","17":"product-type-simple"},"_links":{"self":[{"href":"https:\/\/suissepoulailler.ch\/de\/wp-json\/wp\/v2\/product\/33306","targetHints":{"allow":["GET"]}}],"collection":[{"href":"https:\/\/suissepoulailler.ch\/de\/wp-json\/wp\/v2\/product"}],"about":[{"href":"https:\/\/suissepoulailler.ch\/de\/wp-json\/wp\/v2\/types\/product"}],"replies":[{"embeddable":true,"href":"https:\/\/suissepoulailler.ch\/de\/wp-json\/wp\/v2\/comments?post=33306"}],"version-history":[{"count":1,"href":"https:\/\/suissepoulailler.ch\/de\/wp-json\/wp\/v2\/product\/33306\/revisions"}],"predecessor-version":[{"id":33308,"href":"https:\/\/suissepoulailler.ch\/de\/wp-json\/wp\/v2\/product\/33306\/revisions\/33308"}],"wp:featuredmedia":[{"embeddable":true,"href":"https:\/\/suissepoulailler.ch\/de\/wp-json\/wp\/v2\/media\/33307"}],"wp:attachment":[{"href":"https:\/\/suissepoulailler.ch\/de\/wp-json\/wp\/v2\/media?parent=33306"}],"wp:term":[{"taxonomy":"product_brand","embeddable":true,"href":"https:\/\/suissepoulailler.ch\/de\/wp-json\/wp\/v2\/product_brand?post=33306"},{"taxonomy":"product_cat","embeddable":true,"href":"https:\/\/suissepoulailler.ch\/de\/wp-json\/wp\/v2\/product_cat?post=33306"},{"taxonomy":"product_tag","embeddable":true,"href":"https:\/\/suissepoulailler.ch\/de\/wp-json\/wp\/v2\/product_tag?post=33306"}],"curies":[{"name":"wp","href":"https:\/\/api.w.org\/{rel}","templated":true}]}}