{"id":33112,"date":"2023-06-01T15:45:33","date_gmt":"2023-06-01T13:45:33","guid":{"rendered":"https:\/\/suissepoulailler.ch\/?post_type=product&#038;p=33112"},"modified":"2026-03-25T10:03:36","modified_gmt":"2026-03-25T09:03:36","slug":"concentre-vitamine-ad3ec","status":"publish","type":"product","link":"https:\/\/suissepoulailler.ch\/de\/produits\/accessoires\/complements-alimentaire\/concentre-vitamine-ad3ec\/","title":{"rendered":"Concentr\u00e9 vitamin\u00e9 AD3EC"},"content":{"rendered":"<ul>\n<li class=\"smlP\">concentr\u00e9 vitamin\u00e9 liquide pour poules pondeuses et jeunes poules favorisant la pr\u00e9paration \u00e0 l&rsquo;\u0153strus et \u00e0 la reproduction<\/li>\n<li class=\"smlP\">teneur \u00e9lev\u00e9e en vitamines A et D<\/li>\n<li>\n<div id=\"BeschreibungZusatzUberschriftDict\" class=\"smlMain\">\n<div class=\"font-weight-bold\">\n<p class=\"smlB\"><b>Conseils alimentaires\u00a0:<\/b><\/p>\n<\/div>\n<\/div>\n<div id=\"BeschreibungZusatzTextDict\" class=\"smlMain\">\n<p class=\"smlP\">En cas de fortes sollicitations, notamment lors du passage \u00e0 l\u2019\u00e9table, d\u2019un changement d\u2019alimentation ou d\u2019une situation de stress, administrer la dose quotidienne maximale suivante\u00a0:<\/p>\n<p class=\"smlP\">100 jeunes poules\u00a0: 15\u00a0ml pour 15\u00a0litres d\u2019eau<\/p>\n<p class=\"smlP\">100 poules pondeuses\u00a0: 25\u00a0ml pour 20\u00a0litres d\u2019eau<\/p>\n<\/div>\n<\/li>\n<\/ul>","protected":false},"excerpt":{"rendered":"<p>concentr\u00e9 vitamin\u00e9 liquide pour poules pondeuses et jeunes poules favorisant la pr\u00e9paration \u00e0 l&rsquo;\u0153strus et \u00e0 la reproduction teneur \u00e9lev\u00e9e en vitamines A et D Conseils alimentaires\u00a0: En cas de fortes sollicitations, notamment lors du passage \u00e0 l\u2019\u00e9table, d\u2019un changement d\u2019alimentation ou d\u2019une situation de stress, administrer la dose quotidienne maximale suivante\u00a0: 100 jeunes poules\u00a0: [&hellip;]<\/p>\n","protected":false},"featured_media":33115,"comment_status":"closed","ping_status":"closed","template":"","meta":[],"product_brand":[],"product_cat":[33,60,61],"product_tag":[],"class_list":{"0":"post-33112","1":"product","2":"type-product","3":"status-publish","4":"has-post-thumbnail","6":"product_cat-accessoires","7":"product_cat-complements-alimentaire","8":"product_cat-soin","9":"product_shipping_class-livraison-de-tous-les-produits-a-lexception-des-poulaillers","11":"first","12":"instock","13":"taxable","14":"shipping-taxable","15":"purchasable","16":"product-type-simple"},"_links":{"self":[{"href":"https:\/\/suissepoulailler.ch\/de\/wp-json\/wp\/v2\/product\/33112","targetHints":{"allow":["GET"]}}],"collection":[{"href":"https:\/\/suissepoulailler.ch\/de\/wp-json\/wp\/v2\/product"}],"about":[{"href":"https:\/\/suissepoulailler.ch\/de\/wp-json\/wp\/v2\/types\/product"}],"replies":[{"embeddable":true,"href":"https:\/\/suissepoulailler.ch\/de\/wp-json\/wp\/v2\/comments?post=33112"}],"version-history":[{"count":1,"href":"https:\/\/suissepoulailler.ch\/de\/wp-json\/wp\/v2\/product\/33112\/revisions"}],"predecessor-version":[{"id":33116,"href":"https:\/\/suissepoulailler.ch\/de\/wp-json\/wp\/v2\/product\/33112\/revisions\/33116"}],"wp:featuredmedia":[{"embeddable":true,"href":"https:\/\/suissepoulailler.ch\/de\/wp-json\/wp\/v2\/media\/33115"}],"wp:attachment":[{"href":"https:\/\/suissepoulailler.ch\/de\/wp-json\/wp\/v2\/media?parent=33112"}],"wp:term":[{"taxonomy":"product_brand","embeddable":true,"href":"https:\/\/suissepoulailler.ch\/de\/wp-json\/wp\/v2\/product_brand?post=33112"},{"taxonomy":"product_cat","embeddable":true,"href":"https:\/\/suissepoulailler.ch\/de\/wp-json\/wp\/v2\/product_cat?post=33112"},{"taxonomy":"product_tag","embeddable":true,"href":"https:\/\/suissepoulailler.ch\/de\/wp-json\/wp\/v2\/product_tag?post=33112"}],"curies":[{"name":"wp","href":"https:\/\/api.w.org\/{rel}","templated":true}]}}